{"id":10471,"date":"2025-06-30T10:46:04","date_gmt":"2025-06-30T10:46:04","guid":{"rendered":"https:\/\/customguitartones.com\/?post_type=product&#038;p=10471"},"modified":"2025-07-02T17:41:42","modified_gmt":"2025-07-02T17:41:42","slug":"mess-a-b00g1e-jpiic-crunch-channel-cgt-profiles-for-quad-cortex","status":"publish","type":"product","link":"https:\/\/customguitartones.com\/en\/product\/mess-a-b00g1e-jpiic-crunch-channel-cgt-profiles-for-quad-cortex\/","title":{"rendered":"MESS A B00G1E JPIIC CRUNCH CHANNEL &#8211; CGT profiles for Quad Cortex"},"content":{"rendered":"<div data-elementor-type=\"product-post\" data-elementor-id=\"10471\" class=\"elementor elementor-10471\" data-elementor-post-type=\"product\">\n\t\t\t\t<div class=\"elementor-element elementor-element-27dfe44f e-con-full e-flex e-con e-parent\" data-id=\"27dfe44f\" data-element_type=\"container\">\n\t\t\t\t<div class=\"elementor-element elementor-element-529b99d6 elementor-widget elementor-widget-text-editor\" data-id=\"529b99d6\" data-element_type=\"widget\" data-widget_type=\"text-editor.default\">\n\t\t\t\t<div class=\"elementor-widget-container\">\n\t\t\t\t\t\t\t\t\t<div class=\"pre\">amp based profile: <strong>MESA BOOGIE JP-2C SIGNATURE JOHN PETRUCCI IIC+<\/strong><strong><br \/><\/strong><\/div><div>profiled channels: <strong>CRUNCH<\/strong><\/div><div class=\"pre\"><p>speaker cabinet: <strong>MESA BOOGIE 4&#215;12&#8243; Z G\u0141O\u015aNIKAMI V30 Celestion<\/strong><\/p><\/div><div class=\"pre\">microphones used to capture profile:<\/div><div class=\"pre\">1. dynamic - <strong>SHURE 545 Unidyne<\/strong><\/div><div class=\"pre\">2. condenser - <b>NEUMAN U47 FET<\/b> (bought from Abbey Road Studio 1970 EMI Collection)<\/div><div class=\"pre\"><p>3. ribbon - <b>AEA R92 Ribbon Microphone<\/b><\/p><\/div><div class=\"pre\">Microphones plugged into full analog mixing desk: <strong>API THE BOX<\/strong><\/div><div class=\"pre translation-block\">All profiles captured at CUSTOM34 STUDIO, Gdansk, Poland.<\/div>\t\t\t\t\t\t\t\t<\/div>\n\t\t\t\t<\/div>\n\t\t<div class=\"elementor-element elementor-element-83caa41 e-flex e-con-boxed e-con e-child\" data-id=\"83caa41\" data-element_type=\"container\">\n\t\t\t\t\t<div class=\"e-con-inner\">\n\t\t\t\t<div class=\"elementor-element elementor-element-a929dbe elementor-widget elementor-widget-text-editor\" data-id=\"a929dbe\" data-element_type=\"widget\" data-widget_type=\"text-editor.default\">\n\t\t\t\t<div class=\"elementor-widget-container\">\n\t\t\t\t\t\t\t\t\t<p style=\"text-align: center;\"><span style=\"color: #ffcc00;\"><strong>INSTRUCTIONS FOR DOWNLOADING CGT PROFILES TO THE QUAD CORTEX DEVICE<\/strong><\/span><\/p><p>1. Observe the profile <span style=\"color: #ffcc00;\">CustomGuitarTones<\/span> in the Cortex Cloud app.<br \/>2. Send to us via email <span style=\"color: #ffcc00;\">cgt@cgtones.com<\/span> your nick profile in the Cortex Cloud app so we can follow you.<br \/>3. Purchase from the store <span style=\"color: #ffcc00;\">customguitartones.com<\/span> the CGT profile you want to download to your Quad Cortex. Be sure to include your nick profile from the Cortex Cloud app in the purchase form notes.<br \/>4. Within 24 hours of purchase, we will make the purchased CGT profile available for download in the Cortex Cloud app and notify you by email. <span style=\"color: #ffcc00;\">profile CGT<\/span>, o czym poinformujemy e-mailem.<\/p>\t\t\t\t\t\t\t\t<\/div>\n\t\t\t\t<\/div>\n\t\t\t\t\t<\/div>\n\t\t\t\t<\/div>\n\t\t\t\t<div class=\"elementor-element elementor-element-7f2c944 elementor-widget elementor-widget-image\" data-id=\"7f2c944\" data-element_type=\"widget\" data-widget_type=\"image.default\">\n\t\t\t\t<div class=\"elementor-widget-container\">\n\t\t\t\t\t\t\t\t\t\t\t\t\t\t\t<img fetchpriority=\"high\" decoding=\"async\" width=\"768\" height=\"1152\" src=\"https:\/\/customguitartones.com\/wp-content\/uploads\/2025\/03\/MESA2-768x1152.jpg\" class=\"attachment-medium_large size-medium_large wp-image-9763\" alt=\"\" srcset=\"https:\/\/customguitartones.com\/wp-content\/uploads\/2025\/03\/MESA2-768x1152.jpg 768w, https:\/\/customguitartones.com\/wp-content\/uploads\/2025\/03\/MESA2-200x300.jpg 200w, https:\/\/customguitartones.com\/wp-content\/uploads\/2025\/03\/MESA2-683x1024.jpg 683w, https:\/\/customguitartones.com\/wp-content\/uploads\/2025\/03\/MESA2-1024x1536.jpg 1024w, https:\/\/customguitartones.com\/wp-content\/uploads\/2025\/03\/MESA2-1365x2048.jpg 1365w, https:\/\/customguitartones.com\/wp-content\/uploads\/2025\/03\/MESA2-8x12.jpg 8w, https:\/\/customguitartones.com\/wp-content\/uploads\/2025\/03\/MESA2-600x900.jpg 600w, https:\/\/customguitartones.com\/wp-content\/uploads\/2025\/03\/MESA2-scaled.jpg 1707w\" sizes=\"(max-width: 768px) 100vw, 768px\" \/>\t\t\t\t\t\t\t\t\t\t\t\t\t\t\t<\/div>\n\t\t\t\t<\/div>\n\t\t\t\t<div class=\"elementor-element elementor-element-f6c7697 elementor-widget__width-initial elementor-widget elementor-widget-image\" data-id=\"f6c7697\" data-element_type=\"widget\" data-widget_type=\"image.default\">\n\t\t\t\t<div class=\"elementor-widget-container\">\n\t\t\t\t\t\t\t\t\t\t\t\t\t\t\t<img decoding=\"async\" width=\"768\" height=\"512\" src=\"https:\/\/customguitartones.com\/wp-content\/uploads\/2025\/03\/MESA1-768x512.jpg\" class=\"attachment-medium_large size-medium_large wp-image-9762\" alt=\"\" srcset=\"https:\/\/customguitartones.com\/wp-content\/uploads\/2025\/03\/MESA1-768x512.jpg 768w, https:\/\/customguitartones.com\/wp-content\/uploads\/2025\/03\/MESA1-300x200.jpg 300w, https:\/\/customguitartones.com\/wp-content\/uploads\/2025\/03\/MESA1-1024x683.jpg 1024w, https:\/\/customguitartones.com\/wp-content\/uploads\/2025\/03\/MESA1-1536x1024.jpg 1536w, https:\/\/customguitartones.com\/wp-content\/uploads\/2025\/03\/MESA1-2048x1365.jpg 2048w, https:\/\/customguitartones.com\/wp-content\/uploads\/2025\/03\/MESA1-18x12.jpg 18w, https:\/\/customguitartones.com\/wp-content\/uploads\/2025\/03\/MESA1-600x400.jpg 600w\" sizes=\"(max-width: 768px) 100vw, 768px\" \/>\t\t\t\t\t\t\t\t\t\t\t\t\t\t\t<\/div>\n\t\t\t\t<\/div>\n\t\t\t\t<div class=\"elementor-element elementor-element-8c68444 elementor-widget__width-initial elementor-widget elementor-widget-image\" data-id=\"8c68444\" data-element_type=\"widget\" data-widget_type=\"image.default\">\n\t\t\t\t<div class=\"elementor-widget-container\">\n\t\t\t\t\t\t\t\t\t\t\t\t\t\t\t<img decoding=\"async\" width=\"768\" height=\"512\" src=\"https:\/\/customguitartones.com\/wp-content\/uploads\/2025\/03\/MESA3-768x512.jpg\" class=\"attachment-medium_large size-medium_large wp-image-9764\" alt=\"\" srcset=\"https:\/\/customguitartones.com\/wp-content\/uploads\/2025\/03\/MESA3-768x512.jpg 768w, https:\/\/customguitartones.com\/wp-content\/uploads\/2025\/03\/MESA3-300x200.jpg 300w, https:\/\/customguitartones.com\/wp-content\/uploads\/2025\/03\/MESA3-1024x683.jpg 1024w, https:\/\/customguitartones.com\/wp-content\/uploads\/2025\/03\/MESA3-1536x1024.jpg 1536w, https:\/\/customguitartones.com\/wp-content\/uploads\/2025\/03\/MESA3-2048x1365.jpg 2048w, https:\/\/customguitartones.com\/wp-content\/uploads\/2025\/03\/MESA3-18x12.jpg 18w, https:\/\/customguitartones.com\/wp-content\/uploads\/2025\/03\/MESA3-600x400.jpg 600w\" sizes=\"(max-width: 768px) 100vw, 768px\" \/>\t\t\t\t\t\t\t\t\t\t\t\t\t\t\t<\/div>\n\t\t\t\t<\/div>\n\t\t\t\t<div class=\"elementor-element elementor-element-cf6b826 elementor-widget__width-initial elementor-widget elementor-widget-image\" data-id=\"cf6b826\" data-element_type=\"widget\" data-widget_type=\"image.default\">\n\t\t\t\t<div class=\"elementor-widget-container\">\n\t\t\t\t\t\t\t\t\t\t\t\t\t\t\t<img loading=\"lazy\" decoding=\"async\" width=\"768\" height=\"512\" src=\"https:\/\/customguitartones.com\/wp-content\/uploads\/2025\/03\/MESA4-768x512.jpg\" class=\"attachment-medium_large size-medium_large wp-image-9765\" alt=\"\" srcset=\"https:\/\/customguitartones.com\/wp-content\/uploads\/2025\/03\/MESA4-768x512.jpg 768w, https:\/\/customguitartones.com\/wp-content\/uploads\/2025\/03\/MESA4-300x200.jpg 300w, https:\/\/customguitartones.com\/wp-content\/uploads\/2025\/03\/MESA4-1024x683.jpg 1024w, https:\/\/customguitartones.com\/wp-content\/uploads\/2025\/03\/MESA4-1536x1024.jpg 1536w, https:\/\/customguitartones.com\/wp-content\/uploads\/2025\/03\/MESA4-2048x1365.jpg 2048w, https:\/\/customguitartones.com\/wp-content\/uploads\/2025\/03\/MESA4-18x12.jpg 18w, https:\/\/customguitartones.com\/wp-content\/uploads\/2025\/03\/MESA4-600x400.jpg 600w\" sizes=\"(max-width: 768px) 100vw, 768px\" \/>\t\t\t\t\t\t\t\t\t\t\t\t\t\t\t<\/div>\n\t\t\t\t<\/div>\n\t\t\t\t<div class=\"elementor-element elementor-element-672cd04 elementor-widget elementor-widget-image\" data-id=\"672cd04\" data-element_type=\"widget\" data-widget_type=\"image.default\">\n\t\t\t\t<div class=\"elementor-widget-container\">\n\t\t\t\t\t\t\t\t\t\t\t\t\t\t\t<img loading=\"lazy\" decoding=\"async\" width=\"768\" height=\"512\" src=\"https:\/\/customguitartones.com\/wp-content\/uploads\/2025\/03\/IMG_0016-2-768x512.jpg\" class=\"attachment-medium_large size-medium_large wp-image-9884\" alt=\"\" srcset=\"https:\/\/customguitartones.com\/wp-content\/uploads\/2025\/03\/IMG_0016-2-768x512.jpg 768w, https:\/\/customguitartones.com\/wp-content\/uploads\/2025\/03\/IMG_0016-2-300x200.jpg 300w, https:\/\/customguitartones.com\/wp-content\/uploads\/2025\/03\/IMG_0016-2-1024x683.jpg 1024w, https:\/\/customguitartones.com\/wp-content\/uploads\/2025\/03\/IMG_0016-2-1536x1024.jpg 1536w, https:\/\/customguitartones.com\/wp-content\/uploads\/2025\/03\/IMG_0016-2-2048x1365.jpg 2048w, https:\/\/customguitartones.com\/wp-content\/uploads\/2025\/03\/IMG_0016-2-18x12.jpg 18w, https:\/\/customguitartones.com\/wp-content\/uploads\/2025\/03\/IMG_0016-2-600x400.jpg 600w\" sizes=\"(max-width: 768px) 100vw, 768px\" \/>\t\t\t\t\t\t\t\t\t\t\t\t\t\t\t<\/div>\n\t\t\t\t<\/div>\n\t\t\t\t<div class=\"elementor-element elementor-element-896d118 elementor-widget elementor-widget-image\" data-id=\"896d118\" data-element_type=\"widget\" data-widget_type=\"image.default\">\n\t\t\t\t<div class=\"elementor-widget-container\">\n\t\t\t\t\t\t\t\t\t\t\t\t\t\t\t<img loading=\"lazy\" decoding=\"async\" width=\"768\" height=\"512\" src=\"https:\/\/customguitartones.com\/wp-content\/uploads\/2025\/03\/IMG_0020-2-768x512.jpg\" class=\"attachment-medium_large size-medium_large wp-image-9886\" alt=\"\" srcset=\"https:\/\/customguitartones.com\/wp-content\/uploads\/2025\/03\/IMG_0020-2-768x512.jpg 768w, https:\/\/customguitartones.com\/wp-content\/uploads\/2025\/03\/IMG_0020-2-300x200.jpg 300w, https:\/\/customguitartones.com\/wp-content\/uploads\/2025\/03\/IMG_0020-2-1024x683.jpg 1024w, https:\/\/customguitartones.com\/wp-content\/uploads\/2025\/03\/IMG_0020-2-1536x1024.jpg 1536w, https:\/\/customguitartones.com\/wp-content\/uploads\/2025\/03\/IMG_0020-2-2048x1365.jpg 2048w, https:\/\/customguitartones.com\/wp-content\/uploads\/2025\/03\/IMG_0020-2-18x12.jpg 18w, https:\/\/customguitartones.com\/wp-content\/uploads\/2025\/03\/IMG_0020-2-600x400.jpg 600w\" sizes=\"(max-width: 768px) 100vw, 768px\" \/>\t\t\t\t\t\t\t\t\t\t\t\t\t\t\t<\/div>\n\t\t\t\t<\/div>\n\t\t\t\t<div class=\"elementor-element elementor-element-c26d4e1 elementor-widget elementor-widget-image\" data-id=\"c26d4e1\" data-element_type=\"widget\" data-widget_type=\"image.default\">\n\t\t\t\t<div class=\"elementor-widget-container\">\n\t\t\t\t\t\t\t\t\t\t\t\t\t\t\t<img loading=\"lazy\" decoding=\"async\" width=\"768\" height=\"512\" src=\"https:\/\/customguitartones.com\/wp-content\/uploads\/2025\/03\/IMG_0025-2-768x512.jpg\" class=\"attachment-medium_large size-medium_large wp-image-9887\" alt=\"\" srcset=\"https:\/\/customguitartones.com\/wp-content\/uploads\/2025\/03\/IMG_0025-2-768x512.jpg 768w, https:\/\/customguitartones.com\/wp-content\/uploads\/2025\/03\/IMG_0025-2-300x200.jpg 300w, https:\/\/customguitartones.com\/wp-content\/uploads\/2025\/03\/IMG_0025-2-1024x683.jpg 1024w, https:\/\/customguitartones.com\/wp-content\/uploads\/2025\/03\/IMG_0025-2-1536x1024.jpg 1536w, https:\/\/customguitartones.com\/wp-content\/uploads\/2025\/03\/IMG_0025-2-2048x1365.jpg 2048w, https:\/\/customguitartones.com\/wp-content\/uploads\/2025\/03\/IMG_0025-2-18x12.jpg 18w, https:\/\/customguitartones.com\/wp-content\/uploads\/2025\/03\/IMG_0025-2-600x400.jpg 600w\" sizes=\"(max-width: 768px) 100vw, 768px\" \/>\t\t\t\t\t\t\t\t\t\t\t\t\t\t\t<\/div>\n\t\t\t\t<\/div>\n\t\t\t\t<\/div>\n\t\t<div class=\"elementor-element elementor-element-cbce75b elementor-hidden-desktop elementor-hidden-tablet elementor-hidden-mobile e-flex e-con-boxed e-con e-parent\" data-id=\"cbce75b\" data-element_type=\"container\">\n\t\t\t\t\t<div class=\"e-con-inner\">\n\t\t\t\t<div class=\"elementor-element elementor-element-7b16405 elementor-widget elementor-widget-heading\" data-id=\"7b16405\" data-element_type=\"widget\" data-widget_type=\"heading.default\">\n\t\t\t\t<div class=\"elementor-widget-container\">\n\t\t\t\t\t<h2 class=\"elementor-heading-title elementor-size-default\">VIDEO - TONEX -  MESS A B00G1E JPIIC - CHANNEL 2 CRUNCH<\/h2>\t\t\t\t<\/div>\n\t\t\t\t<\/div>\n\t\t\t\t\t<\/div>\n\t\t\t\t<\/div>\n\t\t<div class=\"elementor-element elementor-element-aaa3fdd elementor-hidden-desktop elementor-hidden-tablet elementor-hidden-mobile e-flex e-con-boxed e-con e-parent\" data-id=\"aaa3fdd\" data-element_type=\"container\">\n\t\t\t\t\t<div class=\"e-con-inner\">\n\t\t<div class=\"elementor-element elementor-element-a35b408 e-con-full e-flex e-con e-child\" data-id=\"a35b408\" data-element_type=\"container\">\n\t\t\t\t<div class=\"elementor-element elementor-element-aceae5d elementor-widget elementor-widget-heading\" data-id=\"aceae5d\" data-element_type=\"widget\" data-widget_type=\"heading.default\">\n\t\t\t\t<div class=\"elementor-widget-container\">\n\t\t\t\t\t<h2 class=\"elementor-heading-title elementor-size-default\">JOHN CRUNCH<\/h2>\t\t\t\t<\/div>\n\t\t\t\t<\/div>\n\t\t\t\t<div class=\"elementor-element elementor-element-ca93b98 elementor-widget-divider--view-line elementor-widget elementor-widget-divider\" data-id=\"ca93b98\" data-element_type=\"widget\" data-widget_type=\"divider.default\">\n\t\t\t\t<div class=\"elementor-widget-container\">\n\t\t\t\t\t\t\t<div class=\"elementor-divider\">\n\t\t\t<span class=\"elementor-divider-separator\">\n\t\t\t\t\t\t<\/span>\n\t\t<\/div>\n\t\t\t\t\t\t<\/div>\n\t\t\t\t<\/div>\n\t\t\t\t<div class=\"elementor-element elementor-element-36d558a elementor-widget elementor-widget-video\" data-id=\"36d558a\" data-element_type=\"widget\" data-settings=\"{&quot;youtube_url&quot;:&quot;https:\\\/\\\/youtu.be\\\/ZNQSbuSxOzw&quot;,&quot;video_type&quot;:&quot;youtube&quot;,&quot;controls&quot;:&quot;yes&quot;}\" data-widget_type=\"video.default\">\n\t\t\t\t<div class=\"elementor-widget-container\">\n\t\t\t\t\t\t\t<div class=\"elementor-wrapper elementor-open-inline\">\n\t\t\t<div class=\"elementor-video\"><\/div>\t\t<\/div>\n\t\t\t\t\t\t<\/div>\n\t\t\t\t<\/div>\n\t\t\t\t<\/div>\n\t\t<div class=\"elementor-element elementor-element-3d8b6cc e-con-full e-flex e-con e-child\" data-id=\"3d8b6cc\" data-element_type=\"container\">\n\t\t\t\t<div class=\"elementor-element elementor-element-3cd8d7e elementor-widget elementor-widget-heading\" data-id=\"3cd8d7e\" data-element_type=\"widget\" data-widget_type=\"heading.default\">\n\t\t\t\t<div class=\"elementor-widget-container\">\n\t\t\t\t\t<h2 class=\"elementor-heading-title elementor-size-default\">JOHN CRUNCH<\/h2>\t\t\t\t<\/div>\n\t\t\t\t<\/div>\n\t\t\t\t<div class=\"elementor-element elementor-element-1fcff6a elementor-widget-divider--view-line elementor-widget elementor-widget-divider\" data-id=\"1fcff6a\" data-element_type=\"widget\" data-widget_type=\"divider.default\">\n\t\t\t\t<div class=\"elementor-widget-container\">\n\t\t\t\t\t\t\t<div class=\"elementor-divider\">\n\t\t\t<span class=\"elementor-divider-separator\">\n\t\t\t\t\t\t<\/span>\n\t\t<\/div>\n\t\t\t\t\t\t<\/div>\n\t\t\t\t<\/div>\n\t\t\t\t<div class=\"elementor-element elementor-element-b2e1024 elementor-widget elementor-widget-video\" data-id=\"b2e1024\" data-element_type=\"widget\" data-settings=\"{&quot;youtube_url&quot;:&quot;https:\\\/\\\/youtu.be\\\/saOcbltuKYM&quot;,&quot;video_type&quot;:&quot;youtube&quot;,&quot;controls&quot;:&quot;yes&quot;}\" data-widget_type=\"video.default\">\n\t\t\t\t<div class=\"elementor-widget-container\">\n\t\t\t\t\t\t\t<div class=\"elementor-wrapper elementor-open-inline\">\n\t\t\t<div class=\"elementor-video\"><\/div>\t\t<\/div>\n\t\t\t\t\t\t<\/div>\n\t\t\t\t<\/div>\n\t\t\t\t<\/div>\n\t\t\t\t\t<\/div>\n\t\t\t\t<\/div>\n\t\t\t\t<section class=\"elementor-section elementor-top-section elementor-element elementor-element-061c6e6 elementor-section-boxed elementor-section-height-default elementor-section-height-default\" data-id=\"061c6e6\" data-element_type=\"section\" data-settings=\"{&quot;background_background&quot;:&quot;classic&quot;,&quot;animation&quot;:&quot;none&quot;}\">\n\t\t\t\t\t\t<div class=\"elementor-container elementor-column-gap-no\">\n\t\t\t\t\t<div class=\"elementor-column elementor-col-100 elementor-top-column elementor-element elementor-element-66f1860\" data-id=\"66f1860\" data-element_type=\"column\">\n\t\t\t<div class=\"elementor-widget-wrap elementor-element-populated\">\n\t\t\t\t\t\t<section class=\"elementor-section elementor-inner-section elementor-element elementor-element-c4f3094 elementor-section-boxed elementor-section-height-default elementor-section-height-default\" data-id=\"c4f3094\" data-element_type=\"section\">\n\t\t\t\t\t\t<div class=\"elementor-container elementor-column-gap-no\">\n\t\t\t\t\t<div class=\"elementor-column elementor-col-100 elementor-inner-column elementor-element elementor-element-738d61a elementor-invisible\" data-id=\"738d61a\" data-element_type=\"column\" data-settings=\"{&quot;animation&quot;:&quot;fadeInUp&quot;}\">\n\t\t\t<div class=\"elementor-widget-wrap elementor-element-populated\">\n\t\t\t\t\t\t<div class=\"elementor-element elementor-element-5e1be3d elementor-widget elementor-widget-text-editor\" data-id=\"5e1be3d\" data-element_type=\"widget\" data-widget_type=\"text-editor.default\">\n\t\t\t\t<div class=\"elementor-widget-container\">\n\t\t\t\t\t\t\t\t\t<p style=\"text-align: center;\"><strong>* All amp brands are trademarked by their respective owners and are in no way affilliated with Custom Guitar Tones.  You are purchasing a license to use these profiles for your own personal and\/or professional use but profiles are not for resale or any other unlicensed distribution, free or compensated.  The CGT profiles simply seek to re-create the sound of the amplifiers listed and any use of brand names is strictly for comparison and descriptive purposes.<\/strong><\/p>\t\t\t\t\t\t\t\t<\/div>\n\t\t\t\t<\/div>\n\t\t\t\t\t<\/div>\n\t\t<\/div>\n\t\t\t\t\t<\/div>\n\t\t<\/section>\n\t\t\t\t\t<\/div>\n\t\t<\/div>\n\t\t\t\t\t<\/div>\n\t\t<\/section>\n\t\t\t\t<\/div>","protected":false},"excerpt":{"rendered":"<p>Paczka o\u015bmiu uj\u0119\u0107 brzmieniowych\u00a0 CGT MESS A B00G1E JPIIC kana\u0142u drugiego wzmacniacza<\/p>\n<p>CRUNCH:<\/p>\n<ol>\n<li>\n<h6>CHANNEL 2 NORMAL<\/h6>\n<\/li>\n<li>\n<h6>CHANNEL 2 EQ1<\/h6>\n<\/li>\n<li>\n<h6>CHANNEL 2 EQ2<\/h6>\n<\/li>\n<li>\n<h6>CHANNEL 2 CRUNCH NORMAL<\/h6>\n<\/li>\n<li>\n<h6>CHANNEL 2 CRUNCH EQ1<\/h6>\n<\/li>\n<li>\n<h6>CHANNEL 2 CRUNCH EQ2<\/h6>\n<\/li>\n<li>\n<h6>CHANNEL 2 DRIVE EQ1<\/h6>\n<\/li>\n<li>\n<h6>CHANNEL 2 DRIVE EQ2<\/h6>\n<\/li>\n<\/ol>\n<p>*Attention! You can download CGT profile only 3 times after purchase<\/p>\n<p>&nbsp;<\/p>","protected":false},"featured_media":10546,"template":"","meta":{"site-sidebar-layout":"default","site-content-layout":"","ast-site-content-layout":"default","site-content-style":"default","site-sidebar-style":"default","ast-global-header-display":"","ast-banner-title-visibility":"","ast-main-header-display":"","ast-hfb-above-header-display":"","ast-hfb-below-header-display":"","ast-hfb-mobile-header-display":"","site-post-title":"","ast-breadcrumbs-content":"","ast-featured-img":"","footer-sml-layout":"","ast-disable-related-posts":"","theme-transparent-header-meta":"default","adv-header-id-meta":"","stick-header-meta":"default","header-above-stick-meta":"","header-main-stick-meta":"","header-below-stick-meta":"","astra-migrate-meta-layouts":"set","ast-page-background-enabled":"default","ast-page-background-meta":{"desktop":{"background-color":"","background-image":"","background-repeat":"repeat","background-position":"center center","background-size":"auto","background-attachment":"scroll","background-type":"","background-media":"","overlay-type":"","overlay-color":"","overlay-opacity":"","overlay-gradient":""},"tablet":{"background-color":"","background-image":"","background-repeat":"repeat","background-position":"center center","background-size":"auto","background-attachment":"scroll","background-type":"","background-media":"","overlay-type":"","overlay-color":"","overlay-opacity":"","overlay-gradient":""},"mobile":{"background-color":"","background-image":"","background-repeat":"repeat","background-position":"center center","background-size":"auto","background-attachment":"scroll","background-type":"","background-media":"","overlay-type":"","overlay-color":"","overlay-opacity":"","overlay-gradient":""}},"ast-content-background-meta":{"desktop":{"background-color":"var(--ast-global-color-5)","background-image":"","background-repeat":"repeat","background-position":"center center","background-size":"auto","background-attachment":"scroll","background-type":"","background-media":"","overlay-type":"","overlay-color":"","overlay-opacity":"","overlay-gradient":""},"tablet":{"background-color":"var(--ast-global-color-5)","background-image":"","background-repeat":"repeat","background-position":"center center","background-size":"auto","background-attachment":"scroll","background-type":"","background-media":"","overlay-type":"","overlay-color":"","overlay-opacity":"","overlay-gradient":""},"mobile":{"background-color":"var(--ast-global-color-5)","background-image":"","background-repeat":"repeat","background-position":"center center","background-size":"auto","background-attachment":"scroll","background-type":"","background-media":"","overlay-type":"","overlay-color":"","overlay-opacity":"","overlay-gradient":""}}},"product_brand":[],"product_cat":[29],"product_tag":[],"class_list":{"0":"post-10471","1":"product","2":"type-product","3":"status-publish","4":"has-post-thumbnail","6":"product_cat-quad-cortex","7":"desktop-align-left","8":"tablet-align-left","9":"mobile-align-left","10":"ast-product-gallery-layout-horizontal-slider","11":"ast-product-gallery-with-no-image","12":"ast-product-tabs-layout-horizontal","14":"first","15":"instock","16":"downloadable","17":"virtual","18":"taxable","19":"purchasable","20":"product-type-simple"},"_links":{"self":[{"href":"https:\/\/customguitartones.com\/en\/wp-json\/wp\/v2\/product\/10471","targetHints":{"allow":["GET"]}}],"collection":[{"href":"https:\/\/customguitartones.com\/en\/wp-json\/wp\/v2\/product"}],"about":[{"href":"https:\/\/customguitartones.com\/en\/wp-json\/wp\/v2\/types\/product"}],"version-history":[{"count":12,"href":"https:\/\/customguitartones.com\/en\/wp-json\/wp\/v2\/product\/10471\/revisions"}],"predecessor-version":[{"id":10541,"href":"https:\/\/customguitartones.com\/en\/wp-json\/wp\/v2\/product\/10471\/revisions\/10541"}],"wp:featuredmedia":[{"embeddable":true,"href":"https:\/\/customguitartones.com\/en\/wp-json\/wp\/v2\/media\/10546"}],"wp:attachment":[{"href":"https:\/\/customguitartones.com\/en\/wp-json\/wp\/v2\/media?parent=10471"}],"wp:term":[{"taxonomy":"product_brand","embeddable":true,"href":"https:\/\/customguitartones.com\/en\/wp-json\/wp\/v2\/product_brand?post=10471"},{"taxonomy":"product_cat","embeddable":true,"href":"https:\/\/customguitartones.com\/en\/wp-json\/wp\/v2\/product_cat?post=10471"},{"taxonomy":"product_tag","embeddable":true,"href":"https:\/\/customguitartones.com\/en\/wp-json\/wp\/v2\/product_tag?post=10471"}],"curies":[{"name":"wp","href":"https:\/\/api.w.org\/{rel}","templated":true}]}}