{"id":10817,"date":"2025-07-26T12:20:35","date_gmt":"2025-07-26T12:20:35","guid":{"rendered":"https:\/\/customguitartones.com\/?post_type=product&#038;p=10817"},"modified":"2025-07-27T21:46:54","modified_gmt":"2025-07-27T21:46:54","slug":"free-man-100-les-paul-cgtrp-for-quad-cortex","status":"publish","type":"product","link":"https:\/\/customguitartones.com\/en\/product\/free-man-100-les-paul-cgtrp-for-quad-cortex\/","title":{"rendered":"Free Man 100 LES PAUL &#8211; CGTRP for Quad Cortex"},"content":{"rendered":"<div data-elementor-type=\"product-post\" data-elementor-id=\"10817\" class=\"elementor elementor-10817\" data-elementor-post-type=\"product\">\n\t\t\t\t<div class=\"elementor-element elementor-element-27dfe44f e-flex e-con-boxed e-con e-parent\" data-id=\"27dfe44f\" data-element_type=\"container\">\n\t\t\t\t\t<div class=\"e-con-inner\">\n\t\t\t\t<div class=\"elementor-element elementor-element-9a72d37 elementor-widget elementor-widget-image\" data-id=\"9a72d37\" data-element_type=\"widget\" data-widget_type=\"image.default\">\n\t\t\t\t<div class=\"elementor-widget-container\">\n\t\t\t\t\t\t\t\t\t\t\t\t\t\t\t<img fetchpriority=\"high\" decoding=\"async\" width=\"768\" height=\"512\" src=\"https:\/\/customguitartones.com\/wp-content\/uploads\/2024\/06\/4Y1A6619-768x512.jpg\" class=\"attachment-medium_large size-medium_large wp-image-6765\" alt=\"\" srcset=\"https:\/\/customguitartones.com\/wp-content\/uploads\/2024\/06\/4Y1A6619-768x512.jpg 768w, https:\/\/customguitartones.com\/wp-content\/uploads\/2024\/06\/4Y1A6619-300x200.jpg 300w, https:\/\/customguitartones.com\/wp-content\/uploads\/2024\/06\/4Y1A6619-1024x683.jpg 1024w, https:\/\/customguitartones.com\/wp-content\/uploads\/2024\/06\/4Y1A6619-1536x1024.jpg 1536w, https:\/\/customguitartones.com\/wp-content\/uploads\/2024\/06\/4Y1A6619-18x12.jpg 18w, https:\/\/customguitartones.com\/wp-content\/uploads\/2024\/06\/4Y1A6619-600x400.jpg 600w\" sizes=\"(max-width: 768px) 100vw, 768px\" \/>\t\t\t\t\t\t\t\t\t\t\t\t\t\t\t<\/div>\n\t\t\t\t<\/div>\n\t\t\t\t<div class=\"elementor-element elementor-element-529b99d6 elementor-widget elementor-widget-text-editor\" data-id=\"529b99d6\" data-element_type=\"widget\" data-widget_type=\"text-editor.default\">\n\t\t\t\t<div class=\"elementor-widget-container\">\n\t\t\t\t\t\t\t\t\t<div class=\"pre\">amp based profile: <strong>FRIEDMAN BE100<br \/><\/strong><\/div><div class=\"pre\"><p>speaker cabinet: <strong>BOGNER 4x12\" with V30 Celestion speakers<\/strong><\/p><\/div><div class=\"pre\">microphones used to capture profile:<\/div><div class=\"pre\">1. dynamic - <strong>SHURE 545 Unidyne<\/strong><\/div><div class=\"pre\">2. condenser - <b>NEUMAN U47 FET<\/b> (bought from Abbey Road Studio 1970 EMI Collection)<\/div><div class=\"pre\"><p>3. ribbon - <b>AEA R92 Ribbon Microphone<\/b><\/p><\/div><div class=\"pre\">Microphones plugged into full analog mixing desk: <strong>API THE BOX <br \/><\/strong><\/div><div class=\"pre translation-block\">All profiles captured at CUSTOM34 STUDIO, Gdansk, Poland.<\/div>\t\t\t\t\t\t\t\t<\/div>\n\t\t\t\t<\/div>\n\t\t<div class=\"elementor-element elementor-element-af80f96 e-con-full e-flex e-con e-child\" data-id=\"af80f96\" data-element_type=\"container\">\n\t\t\t\t<div class=\"elementor-element elementor-element-a0869d7 elementor-widget elementor-widget-text-editor\" data-id=\"a0869d7\" data-element_type=\"widget\" data-widget_type=\"text-editor.default\">\n\t\t\t\t<div class=\"elementor-widget-container\">\n\t\t\t\t\t\t\t\t\t<p style=\"text-align: center;\"><span style=\"color: #ffcc00;\"><strong>INSTRUCTIONS FOR DOWNLOADING CGT PROFILES TO THE QUAD CORTEX DEVICE<\/strong><\/span><\/p><p>1. Observe the profile <span style=\"color: #ffcc00;\">CustomGuitarTones<\/span> in the Cortex Cloud app.<br \/>2. Send to us via email <span style=\"color: #ffcc00;\">cgt@cgtones.com<\/span> your nick profile in the Cortex Cloud app so we can follow you.<br \/>3. Purchase from the store <span style=\"color: #ffcc00;\">customguitartones.com<\/span> the CGT profile you want to download to your Quad Cortex. Be sure to include your nick profile from the Cortex Cloud app in the purchase form notes.<br \/>4. Within 24 hours of purchase, we will make the purchased CGT profile available for download in the Cortex Cloud app and notify you by email. <span style=\"color: #ffcc00;\">profile CGT<\/span>, o czym poinformujemy e-mailem.<\/p>\t\t\t\t\t\t\t\t<\/div>\n\t\t\t\t<\/div>\n\t\t\t\t<\/div>\n\t\t\t\t<div class=\"elementor-element elementor-element-3d14785 elementor-widget elementor-widget-image\" data-id=\"3d14785\" data-element_type=\"widget\" data-widget_type=\"image.default\">\n\t\t\t\t<div class=\"elementor-widget-container\">\n\t\t\t\t\t\t\t\t\t\t\t\t\t\t\t<img decoding=\"async\" width=\"768\" height=\"847\" src=\"https:\/\/customguitartones.com\/wp-content\/uploads\/2023\/11\/CAM_0794-Poprawione-Szum-768x847.jpg\" class=\"attachment-medium_large size-medium_large wp-image-1092\" alt=\"\" srcset=\"https:\/\/customguitartones.com\/wp-content\/uploads\/2023\/11\/CAM_0794-Poprawione-Szum-768x847.jpg 768w, https:\/\/customguitartones.com\/wp-content\/uploads\/2023\/11\/CAM_0794-Poprawione-Szum-272x300.jpg 272w, https:\/\/customguitartones.com\/wp-content\/uploads\/2023\/11\/CAM_0794-Poprawione-Szum-929x1024.jpg 929w, https:\/\/customguitartones.com\/wp-content\/uploads\/2023\/11\/CAM_0794-Poprawione-Szum-1393x1536.jpg 1393w, https:\/\/customguitartones.com\/wp-content\/uploads\/2023\/11\/CAM_0794-Poprawione-Szum-600x662.jpg 600w, https:\/\/customguitartones.com\/wp-content\/uploads\/2023\/11\/CAM_0794-Poprawione-Szum.jpg 1500w\" sizes=\"(max-width: 768px) 100vw, 768px\" \/>\t\t\t\t\t\t\t\t\t\t\t\t\t\t\t<\/div>\n\t\t\t\t<\/div>\n\t\t\t\t\t<\/div>\n\t\t\t\t<\/div>\n\t\t<div class=\"elementor-element elementor-element-483f081 elementor-hidden-desktop elementor-hidden-tablet elementor-hidden-mobile e-flex e-con-boxed e-con e-parent\" data-id=\"483f081\" data-element_type=\"container\">\n\t\t\t\t\t<div class=\"e-con-inner\">\n\t\t\t\t<div class=\"elementor-element elementor-element-da8c6d4 elementor-widget elementor-widget-heading\" data-id=\"da8c6d4\" data-element_type=\"widget\" data-widget_type=\"heading.default\">\n\t\t\t\t<div class=\"elementor-widget-container\">\n\t\t\t\t\t<h2 class=\"elementor-heading-title elementor-size-default\">VIDEO - TONEX - FREE MAN 100 CLEAN<\/h2>\t\t\t\t<\/div>\n\t\t\t\t<\/div>\n\t\t\t\t\t<\/div>\n\t\t\t\t<\/div>\n\t\t<div class=\"elementor-element elementor-element-1ac7484 elementor-hidden-desktop elementor-hidden-tablet elementor-hidden-mobile e-flex e-con-boxed e-con e-parent\" data-id=\"1ac7484\" data-element_type=\"container\">\n\t\t\t\t\t<div class=\"e-con-inner\">\n\t\t<div class=\"elementor-element elementor-element-61b63b4 e-con-full e-flex e-con e-child\" data-id=\"61b63b4\" data-element_type=\"container\">\n\t\t\t\t<div class=\"elementor-element elementor-element-9058fa6 elementor-widget elementor-widget-heading\" data-id=\"9058fa6\" data-element_type=\"widget\" data-widget_type=\"heading.default\">\n\t\t\t\t<div class=\"elementor-widget-container\">\n\t\t\t\t\t<h2 class=\"elementor-heading-title elementor-size-default\">NORMAL<\/h2>\t\t\t\t<\/div>\n\t\t\t\t<\/div>\n\t\t\t\t<div class=\"elementor-element elementor-element-9370f4c elementor-widget-divider--view-line elementor-widget elementor-widget-divider\" data-id=\"9370f4c\" data-element_type=\"widget\" data-widget_type=\"divider.default\">\n\t\t\t\t<div class=\"elementor-widget-container\">\n\t\t\t\t\t\t\t<div class=\"elementor-divider\">\n\t\t\t<span class=\"elementor-divider-separator\">\n\t\t\t\t\t\t<\/span>\n\t\t<\/div>\n\t\t\t\t\t\t<\/div>\n\t\t\t\t<\/div>\n\t\t\t\t<div class=\"elementor-element elementor-element-02f3a00 elementor-widget elementor-widget-video\" data-id=\"02f3a00\" data-element_type=\"widget\" data-settings=\"{&quot;youtube_url&quot;:&quot;https:\\\/\\\/youtu.be\\\/aLO--FQChc4&quot;,&quot;video_type&quot;:&quot;youtube&quot;,&quot;controls&quot;:&quot;yes&quot;}\" data-widget_type=\"video.default\">\n\t\t\t\t<div class=\"elementor-widget-container\">\n\t\t\t\t\t\t\t<div class=\"elementor-wrapper elementor-open-inline\">\n\t\t\t<div class=\"elementor-video\"><\/div>\t\t<\/div>\n\t\t\t\t\t\t<\/div>\n\t\t\t\t<\/div>\n\t\t\t\t<\/div>\n\t\t<div class=\"elementor-element elementor-element-a62b36b e-con-full e-flex e-con e-child\" data-id=\"a62b36b\" data-element_type=\"container\">\n\t\t\t\t<div class=\"elementor-element elementor-element-afcd542 elementor-widget elementor-widget-heading\" data-id=\"afcd542\" data-element_type=\"widget\" data-widget_type=\"heading.default\">\n\t\t\t\t<div class=\"elementor-widget-container\">\n\t\t\t\t\t<h2 class=\"elementor-heading-title elementor-size-default\">BRIGHT<\/h2>\t\t\t\t<\/div>\n\t\t\t\t<\/div>\n\t\t\t\t<div class=\"elementor-element elementor-element-048ee41 elementor-widget-divider--view-line elementor-widget elementor-widget-divider\" data-id=\"048ee41\" data-element_type=\"widget\" data-widget_type=\"divider.default\">\n\t\t\t\t<div class=\"elementor-widget-container\">\n\t\t\t\t\t\t\t<div class=\"elementor-divider\">\n\t\t\t<span class=\"elementor-divider-separator\">\n\t\t\t\t\t\t<\/span>\n\t\t<\/div>\n\t\t\t\t\t\t<\/div>\n\t\t\t\t<\/div>\n\t\t\t\t<div class=\"elementor-element elementor-element-c38828d elementor-widget elementor-widget-video\" data-id=\"c38828d\" data-element_type=\"widget\" data-settings=\"{&quot;youtube_url&quot;:&quot;https:\\\/\\\/youtu.be\\\/YJPw9Zfl51Y&quot;,&quot;video_type&quot;:&quot;youtube&quot;,&quot;controls&quot;:&quot;yes&quot;}\" data-widget_type=\"video.default\">\n\t\t\t\t<div class=\"elementor-widget-container\">\n\t\t\t\t\t\t\t<div class=\"elementor-wrapper elementor-open-inline\">\n\t\t\t<div class=\"elementor-video\"><\/div>\t\t<\/div>\n\t\t\t\t\t\t<\/div>\n\t\t\t\t<\/div>\n\t\t\t\t<\/div>\n\t\t\t\t\t<\/div>\n\t\t\t\t<\/div>\n\t\t\t\t<section class=\"elementor-section elementor-top-section elementor-element elementor-element-061c6e6 elementor-section-boxed elementor-section-height-default elementor-section-height-default\" data-id=\"061c6e6\" data-element_type=\"section\" data-settings=\"{&quot;background_background&quot;:&quot;classic&quot;,&quot;animation&quot;:&quot;none&quot;}\">\n\t\t\t\t\t\t<div class=\"elementor-container elementor-column-gap-no\">\n\t\t\t\t\t<div class=\"elementor-column elementor-col-100 elementor-top-column elementor-element elementor-element-66f1860\" data-id=\"66f1860\" data-element_type=\"column\">\n\t\t\t<div class=\"elementor-widget-wrap elementor-element-populated\">\n\t\t\t\t\t\t<section class=\"elementor-section elementor-inner-section elementor-element elementor-element-c4f3094 elementor-section-boxed elementor-section-height-default elementor-section-height-default\" data-id=\"c4f3094\" data-element_type=\"section\">\n\t\t\t\t\t\t<div class=\"elementor-container elementor-column-gap-no\">\n\t\t\t\t\t<div class=\"elementor-column elementor-col-100 elementor-inner-column elementor-element elementor-element-738d61a elementor-invisible\" data-id=\"738d61a\" data-element_type=\"column\" data-settings=\"{&quot;animation&quot;:&quot;fadeInUp&quot;}\">\n\t\t\t<div class=\"elementor-widget-wrap elementor-element-populated\">\n\t\t\t\t\t\t<div class=\"elementor-element elementor-element-5e1be3d elementor-widget elementor-widget-text-editor\" data-id=\"5e1be3d\" data-element_type=\"widget\" data-widget_type=\"text-editor.default\">\n\t\t\t\t<div class=\"elementor-widget-container\">\n\t\t\t\t\t\t\t\t\t<p style=\"text-align: center;\"><strong>* All amp brands are trademarked by their respective owners and are in no way affilliated with Custom Guitar Tones.  You are purchasing a license to use these profiles for your own personal and\/or professional use but profiles are not for resale or any other unlicensed distribution, free or compensated.  The CGT profiles simply seek to re-create the sound of the amplifiers listed and any use of brand names is strictly for comparison and descriptive purposes.<\/strong><\/p>\t\t\t\t\t\t\t\t<\/div>\n\t\t\t\t<\/div>\n\t\t\t\t\t<\/div>\n\t\t<\/div>\n\t\t\t\t\t<\/div>\n\t\t<\/section>\n\t\t\t\t\t<\/div>\n\t\t<\/div>\n\t\t\t\t\t<\/div>\n\t\t<\/section>\n\t\t\t\t<\/div>","protected":false},"excerpt":{"rendered":"<p>Paczka szesnastu preset\u00f3w CGTRP FREE MAN 100 LES PAUL do stosowania z gitarami wyposa\u017conymi w pickupy typu humbucker ( gitara typu Les Paul)<\/p>\n<p>Presety wykonane na profilach opartych na wzmacniaczu FRIEDMAN BE100 z kolumn\u0105 g\u0142o\u015bnikow\u0105 Bogner 4&#215;12&#8243; V30 Celestion<\/p>\n<p>CLEAN<\/p>\n<ol>\n<li>\n<h6>FREE MAN 100 LES PAUL CLEAN CHORUS<\/h6>\n<\/li>\n<li>\n<h6>FREE MAN 100 LES PAUL CLEAN TREMOLO<\/h6>\n<\/li>\n<li>\n<h6>FREE MAN 100 LES PAUL CLEAN ROTARY<\/h6>\n<\/li>\n<li>\n<h6>FREE MAN 100 LES PAUL CLEAN PHASER<\/h6>\n<\/li>\n<\/ol>\n<p>CRUNCH<\/p>\n<ol>\n<li>\n<h6>FREE MAN 100 LES PAUL CRUNCH<\/h6>\n<\/li>\n<li>\n<h6>FREE MAN 100 LES PAUL CRUNCH +<\/h6>\n<\/li>\n<li>\n<h6>FREE MAN 100 LES PAUL CRUNCH + PHASER<\/h6>\n<\/li>\n<li>\n<h6>FREE MAN 100 LES PAUL CRUNCH LEAD<\/h6>\n<\/li>\n<\/ol>\n<p>DRIVE:<\/p>\n<ol>\n<li>\n<h6>FREE MAN 100 LES PAUL DRIVE<\/h6>\n<\/li>\n<li>\n<h6>FREE MAN 100 LES PAUL DRIVE +<\/h6>\n<\/li>\n<li>\n<h6>FREE MAN 100 LES PAUL DRIVE + DELAY<\/h6>\n<\/li>\n<li>\n<h6>FREE MAN 100 LES PAUL DRIVE LEAD<\/h6>\n<\/li>\n<\/ol>\n<p>LEAD:<\/p>\n<ol>\n<li>\n<h6>FREE MAN 100 LES PAUL LEAD<\/h6>\n<\/li>\n<li>\n<h6>FREE MAN 100 LES PAUL LEAD +<\/h6>\n<\/li>\n<li>\n<h6>FREE MAN 100 LES PAUL LEAD + DELAY<\/h6>\n<\/li>\n<li>\n<h6>FREE MAN 100 LES PAUL LEAD FULL<\/h6>\n<\/li>\n<\/ol>\n<p>*Attention! You can download CGT profile only 3 times after purchase<\/p>\n<p>&nbsp;<\/p>","protected":false},"featured_media":10787,"template":"","meta":{"site-sidebar-layout":"default","site-content-layout":"","ast-site-content-layout":"default","site-content-style":"default","site-sidebar-style":"default","ast-global-header-display":"","ast-banner-title-visibility":"","ast-main-header-display":"","ast-hfb-above-header-display":"","ast-hfb-below-header-display":"","ast-hfb-mobile-header-display":"","site-post-title":"","ast-breadcrumbs-content":"","ast-featured-img":"","footer-sml-layout":"","ast-disable-related-posts":"","theme-transparent-header-meta":"default","adv-header-id-meta":"","stick-header-meta":"default","header-above-stick-meta":"","header-main-stick-meta":"","header-below-stick-meta":"","astra-migrate-meta-layouts":"set","ast-page-background-enabled":"default","ast-page-background-meta":{"desktop":{"background-color":"","background-image":"","background-repeat":"repeat","background-position":"center center","background-size":"auto","background-attachment":"scroll","background-type":"","background-media":"","overlay-type":"","overlay-color":"","overlay-opacity":"","overlay-gradient":""},"tablet":{"background-color":"","background-image":"","background-repeat":"repeat","background-position":"center center","background-size":"auto","background-attachment":"scroll","background-type":"","background-media":"","overlay-type":"","overlay-color":"","overlay-opacity":"","overlay-gradient":""},"mobile":{"background-color":"","background-image":"","background-repeat":"repeat","background-position":"center center","background-size":"auto","background-attachment":"scroll","background-type":"","background-media":"","overlay-type":"","overlay-color":"","overlay-opacity":"","overlay-gradient":""}},"ast-content-background-meta":{"desktop":{"background-color":"var(--ast-global-color-5)","background-image":"","background-repeat":"repeat","background-position":"center center","background-size":"auto","background-attachment":"scroll","background-type":"","background-media":"","overlay-type":"","overlay-color":"","overlay-opacity":"","overlay-gradient":""},"tablet":{"background-color":"var(--ast-global-color-5)","background-image":"","background-repeat":"repeat","background-position":"center center","background-size":"auto","background-attachment":"scroll","background-type":"","background-media":"","overlay-type":"","overlay-color":"","overlay-opacity":"","overlay-gradient":""},"mobile":{"background-color":"var(--ast-global-color-5)","background-image":"","background-repeat":"repeat","background-position":"center center","background-size":"auto","background-attachment":"scroll","background-type":"","background-media":"","overlay-type":"","overlay-color":"","overlay-opacity":"","overlay-gradient":""}}},"product_brand":[],"product_cat":[29],"product_tag":[],"class_list":{"0":"post-10817","1":"product","2":"type-product","3":"status-publish","4":"has-post-thumbnail","6":"product_cat-quad-cortex","7":"desktop-align-left","8":"tablet-align-left","9":"mobile-align-left","10":"ast-product-gallery-layout-horizontal-slider","11":"ast-product-gallery-with-no-image","12":"ast-product-tabs-layout-horizontal","14":"first","15":"instock","16":"downloadable","17":"virtual","18":"taxable","19":"purchasable","20":"product-type-simple"},"_links":{"self":[{"href":"https:\/\/customguitartones.com\/en\/wp-json\/wp\/v2\/product\/10817","targetHints":{"allow":["GET"]}}],"collection":[{"href":"https:\/\/customguitartones.com\/en\/wp-json\/wp\/v2\/product"}],"about":[{"href":"https:\/\/customguitartones.com\/en\/wp-json\/wp\/v2\/types\/product"}],"version-history":[{"count":5,"href":"https:\/\/customguitartones.com\/en\/wp-json\/wp\/v2\/product\/10817\/revisions"}],"predecessor-version":[{"id":10911,"href":"https:\/\/customguitartones.com\/en\/wp-json\/wp\/v2\/product\/10817\/revisions\/10911"}],"wp:featuredmedia":[{"embeddable":true,"href":"https:\/\/customguitartones.com\/en\/wp-json\/wp\/v2\/media\/10787"}],"wp:attachment":[{"href":"https:\/\/customguitartones.com\/en\/wp-json\/wp\/v2\/media?parent=10817"}],"wp:term":[{"taxonomy":"product_brand","embeddable":true,"href":"https:\/\/customguitartones.com\/en\/wp-json\/wp\/v2\/product_brand?post=10817"},{"taxonomy":"product_cat","embeddable":true,"href":"https:\/\/customguitartones.com\/en\/wp-json\/wp\/v2\/product_cat?post=10817"},{"taxonomy":"product_tag","embeddable":true,"href":"https:\/\/customguitartones.com\/en\/wp-json\/wp\/v2\/product_tag?post=10817"}],"curies":[{"name":"wp","href":"https:\/\/api.w.org\/{rel}","templated":true}]}}