{"id":11238,"date":"2025-10-12T14:19:58","date_gmt":"2025-10-12T14:19:58","guid":{"rendered":"https:\/\/customguitartones.com\/?post_type=product&#038;p=11238"},"modified":"2025-10-13T13:49:33","modified_gmt":"2025-10-13T13:49:33","slug":"much-less-ch2-cgt-profiles-for-tonex","status":"publish","type":"product","link":"https:\/\/customguitartones.com\/en\/product\/much-less-ch2-cgt-profiles-for-tonex\/","title":{"rendered":"Much Less CH2 &#8211; CGT profiles for ToneX"},"content":{"rendered":"<div data-elementor-type=\"wp-post\" data-elementor-id=\"11238\" class=\"elementor elementor-11238\" data-elementor-post-type=\"product\">\n\t\t\t\t<div class=\"elementor-element elementor-element-27dfe44f e-con-full e-flex e-con e-parent\" data-id=\"27dfe44f\" data-element_type=\"container\">\n\t\t\t\t<div class=\"elementor-element elementor-element-529b99d6 elementor-widget elementor-widget-text-editor\" data-id=\"529b99d6\" data-element_type=\"widget\" data-widget_type=\"text-editor.default\">\n\t\t\t\t<div class=\"elementor-widget-container\">\n\t\t\t\t\t\t\t\t\t<div class=\"pre\">amp based profile: <strong>MATCHLESS DC-30<\/strong><strong><br \/><\/strong><\/div><div>profiled channels: <strong>CHANNEL 2<br \/><\/strong><\/div><div class=\"pre\"><p>speaker:\u00a0<strong> 2&#215;12&#8243; Celestion (Greenback 25W + G12H30)<\/strong><\/p><\/div><div class=\"pre\">microphones used to capture profile:<\/div><div class=\"pre\"><div class=\"pre\">1. dynamic - <strong>SHURE 545 Unidyne<\/strong><\/div><div class=\"pre\">2. condenser - <b>NEUMAN U47 FET<\/b> (bought from Abbey Road Studio 1970 EMI Collection)<\/div><div class=\"pre\"><p>3. ribbon - <b>AEA R92 Ribbon Microphone<\/b><\/p><\/div><\/div><div class=\"pre\">Microphones plugged into full analog mixing desk: <strong>API Model 1608<\/strong><\/div><div class=\"pre translation-block\">All profiles captured at CUSTOM34 STUDIO, Gdansk, Poland.<\/div>\t\t\t\t\t\t\t\t<\/div>\n\t\t\t\t<\/div>\n\t\t<div class=\"elementor-element elementor-element-0fa68ec e-flex e-con-boxed e-con e-child\" data-id=\"0fa68ec\" data-element_type=\"container\">\n\t\t\t\t\t<div class=\"e-con-inner\">\n\t\t\t\t<div class=\"elementor-element elementor-element-f58de53 elementor-widget elementor-widget-heading\" data-id=\"f58de53\" data-element_type=\"widget\" data-widget_type=\"heading.default\">\n\t\t\t\t<div class=\"elementor-widget-container\">\n\t\t\t\t\t<h2 class=\"elementor-heading-title elementor-size-default\">SETTINGS DIAGRAM<\/h2>\t\t\t\t<\/div>\n\t\t\t\t<\/div>\n\t\t\t\t\t<\/div>\n\t\t\t\t<\/div>\n\t\t<div class=\"elementor-element elementor-element-1f36a6e e-flex e-con-boxed e-con e-child\" data-id=\"1f36a6e\" data-element_type=\"container\">\n\t\t\t\t\t<div class=\"e-con-inner\">\n\t\t\t\t<div class=\"elementor-element elementor-element-66a6385 elementor-widget elementor-widget-image\" data-id=\"66a6385\" data-element_type=\"widget\" data-widget_type=\"image.default\">\n\t\t\t\t<div class=\"elementor-widget-container\">\n\t\t\t\t\t\t\t\t\t\t\t\t\t\t\t<img fetchpriority=\"high\" decoding=\"async\" width=\"1024\" height=\"529\" src=\"https:\/\/customguitartones.com\/wp-content\/uploads\/2025\/08\/MUCHLESS-TAB-1024x529.jpg\" class=\"attachment-large size-large wp-image-10923\" alt=\"\" srcset=\"https:\/\/customguitartones.com\/wp-content\/uploads\/2025\/08\/MUCHLESS-TAB-1024x529.jpg 1024w, https:\/\/customguitartones.com\/wp-content\/uploads\/2025\/08\/MUCHLESS-TAB-300x155.jpg 300w, https:\/\/customguitartones.com\/wp-content\/uploads\/2025\/08\/MUCHLESS-TAB-768x397.jpg 768w, https:\/\/customguitartones.com\/wp-content\/uploads\/2025\/08\/MUCHLESS-TAB-18x9.jpg 18w, https:\/\/customguitartones.com\/wp-content\/uploads\/2025\/08\/MUCHLESS-TAB-600x310.jpg 600w, https:\/\/customguitartones.com\/wp-content\/uploads\/2025\/08\/MUCHLESS-TAB.jpg 1447w\" sizes=\"(max-width: 1024px) 100vw, 1024px\" \/>\t\t\t\t\t\t\t\t\t\t\t\t\t\t\t<\/div>\n\t\t\t\t<\/div>\n\t\t\t\t\t<\/div>\n\t\t\t\t<\/div>\n\t\t\t\t<div class=\"elementor-element elementor-element-cf6b826 elementor-widget__width-initial elementor-widget elementor-widget-image\" data-id=\"cf6b826\" data-element_type=\"widget\" data-widget_type=\"image.default\">\n\t\t\t\t<div class=\"elementor-widget-container\">\n\t\t\t\t\t\t\t\t\t\t\t\t\t\t\t<img decoding=\"async\" width=\"768\" height=\"523\" src=\"https:\/\/customguitartones.com\/wp-content\/uploads\/2025\/07\/4Y1A0164-768x523.jpg\" class=\"attachment-medium_large size-medium_large wp-image-10859\" alt=\"\" srcset=\"https:\/\/customguitartones.com\/wp-content\/uploads\/2025\/07\/4Y1A0164-768x523.jpg 768w, https:\/\/customguitartones.com\/wp-content\/uploads\/2025\/07\/4Y1A0164-300x204.jpg 300w, https:\/\/customguitartones.com\/wp-content\/uploads\/2025\/07\/4Y1A0164-1024x698.jpg 1024w, https:\/\/customguitartones.com\/wp-content\/uploads\/2025\/07\/4Y1A0164-1536x1046.jpg 1536w, https:\/\/customguitartones.com\/wp-content\/uploads\/2025\/07\/4Y1A0164-18x12.jpg 18w, https:\/\/customguitartones.com\/wp-content\/uploads\/2025\/07\/4Y1A0164-600x409.jpg 600w\" sizes=\"(max-width: 768px) 100vw, 768px\" \/>\t\t\t\t\t\t\t\t\t\t\t\t\t\t\t<\/div>\n\t\t\t\t<\/div>\n\t\t\t\t<div class=\"elementor-element elementor-element-07ceec4 elementor-widget__width-initial elementor-widget elementor-widget-image\" data-id=\"07ceec4\" data-element_type=\"widget\" data-widget_type=\"image.default\">\n\t\t\t\t<div class=\"elementor-widget-container\">\n\t\t\t\t\t\t\t\t\t\t\t\t\t\t\t<img decoding=\"async\" width=\"768\" height=\"512\" src=\"https:\/\/customguitartones.com\/wp-content\/uploads\/2025\/07\/4Y1A0171-768x512.jpg\" class=\"attachment-medium_large size-medium_large wp-image-10863\" alt=\"\" srcset=\"https:\/\/customguitartones.com\/wp-content\/uploads\/2025\/07\/4Y1A0171-768x512.jpg 768w, https:\/\/customguitartones.com\/wp-content\/uploads\/2025\/07\/4Y1A0171-300x200.jpg 300w, https:\/\/customguitartones.com\/wp-content\/uploads\/2025\/07\/4Y1A0171-1024x683.jpg 1024w, https:\/\/customguitartones.com\/wp-content\/uploads\/2025\/07\/4Y1A0171-1536x1024.jpg 1536w, https:\/\/customguitartones.com\/wp-content\/uploads\/2025\/07\/4Y1A0171-18x12.jpg 18w, https:\/\/customguitartones.com\/wp-content\/uploads\/2025\/07\/4Y1A0171-600x400.jpg 600w\" sizes=\"(max-width: 768px) 100vw, 768px\" \/>\t\t\t\t\t\t\t\t\t\t\t\t\t\t\t<\/div>\n\t\t\t\t<\/div>\n\t\t\t\t<div class=\"elementor-element elementor-element-672cd04 elementor-widget elementor-widget-image\" data-id=\"672cd04\" data-element_type=\"widget\" data-widget_type=\"image.default\">\n\t\t\t\t<div class=\"elementor-widget-container\">\n\t\t\t\t\t\t\t\t\t\t\t\t\t\t\t<img loading=\"lazy\" decoding=\"async\" width=\"768\" height=\"512\" src=\"https:\/\/customguitartones.com\/wp-content\/uploads\/2025\/07\/4Y1A0169-768x512.jpg\" class=\"attachment-medium_large size-medium_large wp-image-10862\" alt=\"\" srcset=\"https:\/\/customguitartones.com\/wp-content\/uploads\/2025\/07\/4Y1A0169-768x512.jpg 768w, https:\/\/customguitartones.com\/wp-content\/uploads\/2025\/07\/4Y1A0169-300x200.jpg 300w, https:\/\/customguitartones.com\/wp-content\/uploads\/2025\/07\/4Y1A0169-1024x683.jpg 1024w, https:\/\/customguitartones.com\/wp-content\/uploads\/2025\/07\/4Y1A0169-1536x1024.jpg 1536w, https:\/\/customguitartones.com\/wp-content\/uploads\/2025\/07\/4Y1A0169-2048x1365.jpg 2048w, https:\/\/customguitartones.com\/wp-content\/uploads\/2025\/07\/4Y1A0169-18x12.jpg 18w, https:\/\/customguitartones.com\/wp-content\/uploads\/2025\/07\/4Y1A0169-600x400.jpg 600w\" sizes=\"(max-width: 768px) 100vw, 768px\" \/>\t\t\t\t\t\t\t\t\t\t\t\t\t\t\t<\/div>\n\t\t\t\t<\/div>\n\t\t\t\t<div class=\"elementor-element elementor-element-8c68444 elementor-widget__width-initial elementor-widget elementor-widget-image\" data-id=\"8c68444\" data-element_type=\"widget\" data-widget_type=\"image.default\">\n\t\t\t\t<div class=\"elementor-widget-container\">\n\t\t\t\t\t\t\t\t\t\t\t\t\t\t\t<img loading=\"lazy\" decoding=\"async\" width=\"768\" height=\"512\" src=\"https:\/\/customguitartones.com\/wp-content\/uploads\/2025\/07\/4Y1A0179-768x512.jpg\" class=\"attachment-medium_large size-medium_large wp-image-10866\" alt=\"\" srcset=\"https:\/\/customguitartones.com\/wp-content\/uploads\/2025\/07\/4Y1A0179-768x512.jpg 768w, https:\/\/customguitartones.com\/wp-content\/uploads\/2025\/07\/4Y1A0179-300x200.jpg 300w, https:\/\/customguitartones.com\/wp-content\/uploads\/2025\/07\/4Y1A0179-1024x683.jpg 1024w, https:\/\/customguitartones.com\/wp-content\/uploads\/2025\/07\/4Y1A0179-1536x1024.jpg 1536w, https:\/\/customguitartones.com\/wp-content\/uploads\/2025\/07\/4Y1A0179-18x12.jpg 18w, https:\/\/customguitartones.com\/wp-content\/uploads\/2025\/07\/4Y1A0179-600x400.jpg 600w\" sizes=\"(max-width: 768px) 100vw, 768px\" \/>\t\t\t\t\t\t\t\t\t\t\t\t\t\t\t<\/div>\n\t\t\t\t<\/div>\n\t\t\t\t<div class=\"elementor-element elementor-element-d8bddaf elementor-widget elementor-widget-image\" data-id=\"d8bddaf\" data-element_type=\"widget\" data-widget_type=\"image.default\">\n\t\t\t\t<div class=\"elementor-widget-container\">\n\t\t\t\t\t\t\t\t\t\t\t\t\t\t\t<img loading=\"lazy\" decoding=\"async\" width=\"768\" height=\"512\" src=\"https:\/\/customguitartones.com\/wp-content\/uploads\/2025\/07\/4Y1A0176-768x512.jpg\" class=\"attachment-medium_large size-medium_large wp-image-10865\" alt=\"\" srcset=\"https:\/\/customguitartones.com\/wp-content\/uploads\/2025\/07\/4Y1A0176-768x512.jpg 768w, https:\/\/customguitartones.com\/wp-content\/uploads\/2025\/07\/4Y1A0176-300x200.jpg 300w, https:\/\/customguitartones.com\/wp-content\/uploads\/2025\/07\/4Y1A0176-1024x683.jpg 1024w, https:\/\/customguitartones.com\/wp-content\/uploads\/2025\/07\/4Y1A0176-1536x1024.jpg 1536w, https:\/\/customguitartones.com\/wp-content\/uploads\/2025\/07\/4Y1A0176-18x12.jpg 18w, https:\/\/customguitartones.com\/wp-content\/uploads\/2025\/07\/4Y1A0176-600x400.jpg 600w\" sizes=\"(max-width: 768px) 100vw, 768px\" \/>\t\t\t\t\t\t\t\t\t\t\t\t\t\t\t<\/div>\n\t\t\t\t<\/div>\n\t\t\t\t<div class=\"elementor-element elementor-element-b5134bc elementor-widget elementor-widget-image\" data-id=\"b5134bc\" data-element_type=\"widget\" data-widget_type=\"image.default\">\n\t\t\t\t<div class=\"elementor-widget-container\">\n\t\t\t\t\t\t\t\t\t\t\t\t\t\t\t<img loading=\"lazy\" decoding=\"async\" width=\"768\" height=\"512\" src=\"https:\/\/customguitartones.com\/wp-content\/uploads\/2025\/07\/4Y1A0183-768x512.jpg\" class=\"attachment-medium_large size-medium_large wp-image-10869\" alt=\"\" srcset=\"https:\/\/customguitartones.com\/wp-content\/uploads\/2025\/07\/4Y1A0183-768x512.jpg 768w, https:\/\/customguitartones.com\/wp-content\/uploads\/2025\/07\/4Y1A0183-300x200.jpg 300w, https:\/\/customguitartones.com\/wp-content\/uploads\/2025\/07\/4Y1A0183-1024x683.jpg 1024w, https:\/\/customguitartones.com\/wp-content\/uploads\/2025\/07\/4Y1A0183-1536x1024.jpg 1536w, https:\/\/customguitartones.com\/wp-content\/uploads\/2025\/07\/4Y1A0183-2048x1365.jpg 2048w, https:\/\/customguitartones.com\/wp-content\/uploads\/2025\/07\/4Y1A0183-18x12.jpg 18w, https:\/\/customguitartones.com\/wp-content\/uploads\/2025\/07\/4Y1A0183-600x400.jpg 600w\" sizes=\"(max-width: 768px) 100vw, 768px\" \/>\t\t\t\t\t\t\t\t\t\t\t\t\t\t\t<\/div>\n\t\t\t\t<\/div>\n\t\t\t\t<div class=\"elementor-element elementor-element-77ca903 elementor-widget elementor-widget-image\" data-id=\"77ca903\" data-element_type=\"widget\" data-widget_type=\"image.default\">\n\t\t\t\t<div class=\"elementor-widget-container\">\n\t\t\t\t\t\t\t\t\t\t\t\t\t\t\t<img loading=\"lazy\" decoding=\"async\" width=\"768\" height=\"512\" src=\"https:\/\/customguitartones.com\/wp-content\/uploads\/2025\/07\/4Y1A0181-768x512.jpg\" class=\"attachment-medium_large size-medium_large wp-image-10867\" alt=\"\" srcset=\"https:\/\/customguitartones.com\/wp-content\/uploads\/2025\/07\/4Y1A0181-768x512.jpg 768w, https:\/\/customguitartones.com\/wp-content\/uploads\/2025\/07\/4Y1A0181-300x200.jpg 300w, https:\/\/customguitartones.com\/wp-content\/uploads\/2025\/07\/4Y1A0181-1024x683.jpg 1024w, https:\/\/customguitartones.com\/wp-content\/uploads\/2025\/07\/4Y1A0181-1536x1024.jpg 1536w, https:\/\/customguitartones.com\/wp-content\/uploads\/2025\/07\/4Y1A0181-2048x1365.jpg 2048w, https:\/\/customguitartones.com\/wp-content\/uploads\/2025\/07\/4Y1A0181-18x12.jpg 18w, https:\/\/customguitartones.com\/wp-content\/uploads\/2025\/07\/4Y1A0181-600x400.jpg 600w\" sizes=\"(max-width: 768px) 100vw, 768px\" \/>\t\t\t\t\t\t\t\t\t\t\t\t\t\t\t<\/div>\n\t\t\t\t<\/div>\n\t\t\t\t<div class=\"elementor-element elementor-element-adfab82 elementor-widget elementor-widget-image\" data-id=\"adfab82\" data-element_type=\"widget\" data-widget_type=\"image.default\">\n\t\t\t\t<div class=\"elementor-widget-container\">\n\t\t\t\t\t\t\t\t\t\t\t\t\t\t\t<img loading=\"lazy\" decoding=\"async\" width=\"768\" height=\"512\" src=\"https:\/\/customguitartones.com\/wp-content\/uploads\/2025\/07\/4Y1A0184-768x512.jpg\" class=\"attachment-medium_large size-medium_large wp-image-10870\" alt=\"\" srcset=\"https:\/\/customguitartones.com\/wp-content\/uploads\/2025\/07\/4Y1A0184-768x512.jpg 768w, https:\/\/customguitartones.com\/wp-content\/uploads\/2025\/07\/4Y1A0184-300x200.jpg 300w, https:\/\/customguitartones.com\/wp-content\/uploads\/2025\/07\/4Y1A0184-1024x683.jpg 1024w, https:\/\/customguitartones.com\/wp-content\/uploads\/2025\/07\/4Y1A0184-1536x1024.jpg 1536w, https:\/\/customguitartones.com\/wp-content\/uploads\/2025\/07\/4Y1A0184-2048x1365.jpg 2048w, https:\/\/customguitartones.com\/wp-content\/uploads\/2025\/07\/4Y1A0184-18x12.jpg 18w, https:\/\/customguitartones.com\/wp-content\/uploads\/2025\/07\/4Y1A0184-600x400.jpg 600w\" sizes=\"(max-width: 768px) 100vw, 768px\" \/>\t\t\t\t\t\t\t\t\t\t\t\t\t\t\t<\/div>\n\t\t\t\t<\/div>\n\t\t\t\t<\/div>\n\t\t<div class=\"elementor-element elementor-element-1794526 e-flex e-con-boxed e-con e-parent\" data-id=\"1794526\" data-element_type=\"container\">\n\t\t\t\t\t<div class=\"e-con-inner\">\n\t\t\t\t<div class=\"elementor-element elementor-element-76df1c9 elementor-widget elementor-widget-heading\" data-id=\"76df1c9\" data-element_type=\"widget\" data-widget_type=\"heading.default\">\n\t\t\t\t<div class=\"elementor-widget-container\">\n\t\t\t\t\t<h2 class=\"elementor-heading-title elementor-size-default\">VIDEO - TONEX - MUCH LESS<\/h2>\t\t\t\t<\/div>\n\t\t\t\t<\/div>\n\t\t\t\t\t<\/div>\n\t\t\t\t<\/div>\n\t\t<div class=\"elementor-element elementor-element-1ac7484 e-flex e-con-boxed e-con e-parent\" data-id=\"1ac7484\" data-element_type=\"container\">\n\t\t\t\t\t<div class=\"e-con-inner\">\n\t\t<div class=\"elementor-element elementor-element-61b63b4 e-con-full e-flex e-con e-child\" data-id=\"61b63b4\" data-element_type=\"container\">\n\t\t\t\t<div class=\"elementor-element elementor-element-9370f4c elementor-widget-divider--view-line elementor-widget elementor-widget-divider\" data-id=\"9370f4c\" data-element_type=\"widget\" data-widget_type=\"divider.default\">\n\t\t\t\t<div class=\"elementor-widget-container\">\n\t\t\t\t\t\t\t<div class=\"elementor-divider\">\n\t\t\t<span class=\"elementor-divider-separator\">\n\t\t\t\t\t\t<\/span>\n\t\t<\/div>\n\t\t\t\t\t\t<\/div>\n\t\t\t\t<\/div>\n\t\t\t\t<div class=\"elementor-element elementor-element-02f3a00 elementor-widget elementor-widget-video\" data-id=\"02f3a00\" data-element_type=\"widget\" data-settings=\"{&quot;youtube_url&quot;:&quot;https:\\\/\\\/youtu.be\\\/EGsIm4QnrH4&quot;,&quot;video_type&quot;:&quot;youtube&quot;,&quot;controls&quot;:&quot;yes&quot;}\" data-widget_type=\"video.default\">\n\t\t\t\t<div class=\"elementor-widget-container\">\n\t\t\t\t\t\t\t<div class=\"elementor-wrapper elementor-open-inline\">\n\t\t\t<div class=\"elementor-video\"><\/div>\t\t<\/div>\n\t\t\t\t\t\t<\/div>\n\t\t\t\t<\/div>\n\t\t\t\t<\/div>\n\t\t\t\t\t<\/div>\n\t\t\t\t<\/div>\n\t\t\t\t<section class=\"elementor-section elementor-top-section elementor-element elementor-element-061c6e6 elementor-section-boxed elementor-section-height-default elementor-section-height-default\" data-id=\"061c6e6\" data-element_type=\"section\" data-settings=\"{&quot;background_background&quot;:&quot;classic&quot;,&quot;animation&quot;:&quot;none&quot;}\">\n\t\t\t\t\t\t<div class=\"elementor-container elementor-column-gap-no\">\n\t\t\t\t\t<div class=\"elementor-column elementor-col-100 elementor-top-column elementor-element elementor-element-66f1860\" data-id=\"66f1860\" data-element_type=\"column\">\n\t\t\t<div class=\"elementor-widget-wrap elementor-element-populated\">\n\t\t\t\t\t\t<section class=\"elementor-section elementor-inner-section elementor-element elementor-element-c4f3094 elementor-section-boxed elementor-section-height-default elementor-section-height-default\" data-id=\"c4f3094\" data-element_type=\"section\">\n\t\t\t\t\t\t<div class=\"elementor-container elementor-column-gap-no\">\n\t\t\t\t\t<div class=\"elementor-column elementor-col-100 elementor-inner-column elementor-element elementor-element-738d61a elementor-invisible\" data-id=\"738d61a\" data-element_type=\"column\" data-settings=\"{&quot;animation&quot;:&quot;fadeInUp&quot;}\">\n\t\t\t<div class=\"elementor-widget-wrap elementor-element-populated\">\n\t\t\t\t\t\t<div class=\"elementor-element elementor-element-5e1be3d elementor-widget elementor-widget-text-editor\" data-id=\"5e1be3d\" data-element_type=\"widget\" data-widget_type=\"text-editor.default\">\n\t\t\t\t<div class=\"elementor-widget-container\">\n\t\t\t\t\t\t\t\t\t<p style=\"text-align: center;\"><strong>* All amp brands are trademarked by their respective owners and are in no way affilliated with Custom Guitar Tones.  You are purchasing a license to use these profiles for your own personal and\/or professional use but profiles are not for resale or any other unlicensed distribution, free or compensated.  The CGT profiles simply seek to re-create the sound of the amplifiers listed and any use of brand names is strictly for comparison and descriptive purposes.<\/strong><\/p>\t\t\t\t\t\t\t\t<\/div>\n\t\t\t\t<\/div>\n\t\t\t\t\t<\/div>\n\t\t<\/div>\n\t\t\t\t\t<\/div>\n\t\t<\/section>\n\t\t\t\t\t<\/div>\n\t\t<\/div>\n\t\t\t\t\t<\/div>\n\t\t<\/section>\n\t\t\t\t<\/div>","protected":false},"excerpt":{"rendered":"<p>Paczka dziesi\u0119ciu uj\u0119\u0107 brzmieniowych kana\u0142u drugiego\u00a0 CGT MUCH LESS CH2<\/p>\n<h6><\/h6>\n<p>CHANNEL 2:<\/p>\n<ol>\n<li>\n<h6>CLEAN NORMAL<\/h6>\n<\/li>\n<li>\n<h6>CLEAN FAT<\/h6>\n<\/li>\n<li>\n<h6>CLEAN BRIGHT<\/h6>\n<\/li>\n<li>\n<h6>CRUNCH NORMAL<\/h6>\n<\/li>\n<li>\n<h6>CRUNCH FAT<\/h6>\n<\/li>\n<li>\n<h6>CRUNCH BRIGHT<\/h6>\n<\/li>\n<li>\n<h6>BOOST NORMAL<\/h6>\n<\/li>\n<li>\n<h6>BOOST FAT<\/h6>\n<\/li>\n<li>\n<h6>BOOST BRIGHT<\/h6>\n<\/li>\n<li>\n<h6>FULL<\/h6>\n<\/li>\n<\/ol>\n<p>*Attention! You can download CGT profile only 3 times after purchase<\/p>\n<p>&nbsp;<\/p>","protected":false},"featured_media":11244,"template":"","meta":{"site-sidebar-layout":"default","site-content-layout":"","ast-site-content-layout":"default","site-content-style":"default","site-sidebar-style":"default","ast-global-header-display":"","ast-banner-title-visibility":"","ast-main-header-display":"","ast-hfb-above-header-display":"","ast-hfb-below-header-display":"","ast-hfb-mobile-header-display":"","site-post-title":"","ast-breadcrumbs-content":"","ast-featured-img":"","footer-sml-layout":"","ast-disable-related-posts":"","theme-transparent-header-meta":"default","adv-header-id-meta":"","stick-header-meta":"default","header-above-stick-meta":"","header-main-stick-meta":"","header-below-stick-meta":"","astra-migrate-meta-layouts":"set","ast-page-background-enabled":"default","ast-page-background-meta":{"desktop":{"background-color":"","background-image":"","background-repeat":"repeat","background-position":"center center","background-size":"auto","background-attachment":"scroll","background-type":"","background-media":"","overlay-type":"","overlay-color":"","overlay-opacity":"","overlay-gradient":""},"tablet":{"background-color":"","background-image":"","background-repeat":"repeat","background-position":"center center","background-size":"auto","background-attachment":"scroll","background-type":"","background-media":"","overlay-type":"","overlay-color":"","overlay-opacity":"","overlay-gradient":""},"mobile":{"background-color":"","background-image":"","background-repeat":"repeat","background-position":"center center","background-size":"auto","background-attachment":"scroll","background-type":"","background-media":"","overlay-type":"","overlay-color":"","overlay-opacity":"","overlay-gradient":""}},"ast-content-background-meta":{"desktop":{"background-color":"var(--ast-global-color-5)","background-image":"","background-repeat":"repeat","background-position":"center center","background-size":"auto","background-attachment":"scroll","background-type":"","background-media":"","overlay-type":"","overlay-color":"","overlay-opacity":"","overlay-gradient":""},"tablet":{"background-color":"var(--ast-global-color-5)","background-image":"","background-repeat":"repeat","background-position":"center center","background-size":"auto","background-attachment":"scroll","background-type":"","background-media":"","overlay-type":"","overlay-color":"","overlay-opacity":"","overlay-gradient":""},"mobile":{"background-color":"var(--ast-global-color-5)","background-image":"","background-repeat":"repeat","background-position":"center center","background-size":"auto","background-attachment":"scroll","background-type":"","background-media":"","overlay-type":"","overlay-color":"","overlay-opacity":"","overlay-gradient":""}}},"product_brand":[],"product_cat":[20],"product_tag":[],"class_list":{"0":"post-11238","1":"product","2":"type-product","3":"status-publish","4":"has-post-thumbnail","6":"product_cat-tonex","7":"desktop-align-left","8":"tablet-align-left","9":"mobile-align-left","10":"ast-product-gallery-layout-horizontal-slider","11":"ast-product-gallery-with-no-image","12":"ast-product-tabs-layout-horizontal","14":"first","15":"instock","16":"downloadable","17":"virtual","18":"taxable","19":"purchasable","20":"product-type-simple"},"_links":{"self":[{"href":"https:\/\/customguitartones.com\/en\/wp-json\/wp\/v2\/product\/11238","targetHints":{"allow":["GET"]}}],"collection":[{"href":"https:\/\/customguitartones.com\/en\/wp-json\/wp\/v2\/product"}],"about":[{"href":"https:\/\/customguitartones.com\/en\/wp-json\/wp\/v2\/types\/product"}],"version-history":[{"count":6,"href":"https:\/\/customguitartones.com\/en\/wp-json\/wp\/v2\/product\/11238\/revisions"}],"predecessor-version":[{"id":11287,"href":"https:\/\/customguitartones.com\/en\/wp-json\/wp\/v2\/product\/11238\/revisions\/11287"}],"wp:featuredmedia":[{"embeddable":true,"href":"https:\/\/customguitartones.com\/en\/wp-json\/wp\/v2\/media\/11244"}],"wp:attachment":[{"href":"https:\/\/customguitartones.com\/en\/wp-json\/wp\/v2\/media?parent=11238"}],"wp:term":[{"taxonomy":"product_brand","embeddable":true,"href":"https:\/\/customguitartones.com\/en\/wp-json\/wp\/v2\/product_brand?post=11238"},{"taxonomy":"product_cat","embeddable":true,"href":"https:\/\/customguitartones.com\/en\/wp-json\/wp\/v2\/product_cat?post=11238"},{"taxonomy":"product_tag","embeddable":true,"href":"https:\/\/customguitartones.com\/en\/wp-json\/wp\/v2\/product_tag?post=11238"}],"curies":[{"name":"wp","href":"https:\/\/api.w.org\/{rel}","templated":true}]}}