{"id":11896,"date":"2026-01-17T18:18:43","date_gmt":"2026-01-17T18:18:43","guid":{"rendered":"https:\/\/customguitartones.com\/?post_type=product&#038;p=11896"},"modified":"2026-01-19T01:06:15","modified_gmt":"2026-01-19T01:06:15","slug":"tweed-v-bro-lux67-cgt-profiles-for-tonex","status":"publish","type":"product","link":"https:\/\/customguitartones.com\/en\/product\/tweed-v-bro-lux67-cgt-profiles-for-tonex\/","title":{"rendered":"Tweed V-BRO Lux 67 &#8211; CGT profiles for Tonex"},"content":{"rendered":"<div data-elementor-type=\"product-post\" data-elementor-id=\"11896\" class=\"elementor elementor-11896\" data-elementor-post-type=\"product\">\n\t\t\t\t<div class=\"elementor-element elementor-element-27dfe44f e-flex e-con-boxed e-con e-parent\" data-id=\"27dfe44f\" data-element_type=\"container\">\n\t\t\t\t\t<div class=\"e-con-inner\">\n\t\t\t\t<div class=\"elementor-element elementor-element-529b99d6 elementor-widget elementor-widget-text-editor\" data-id=\"529b99d6\" data-element_type=\"widget\" data-widget_type=\"text-editor.default\">\n\t\t\t\t<div class=\"elementor-widget-container\">\n\t\t\t\t\t\t\t\t\t<div class=\"pre\"><p style=\"padding-left: 40px;\">amp based profile: <strong>FENDER VIBROLUX 1958<br \/><\/strong>speaker cabinet: <strong>FENDER<\/strong><strong> Z G\u0141O\u015aNIKIEM JENSEN 1\u00d710<\/strong><strong>\u2033 <\/strong><strong><br \/><\/strong>microphones used to capture profile:<\/p><ol><li>pojemno\u015bciowy \u2013 <strong>NEUMANN U67 VINTAGE<\/strong><\/li><li class=\"western\">wst\u0119gowy \u2013 <strong>AEA R92 Ribbon Microphone<\/strong><strong><br \/><\/strong><\/li><\/ol><p style=\"padding-left: 40px;\">Microphones plugged into full analog mixing desk:<strong>\u00a0API 1608<\/strong><br \/>All profiles captured at <strong>CUSTOM34 STUDIO, Gdansk, Poland.<\/strong>.<\/p><\/div>\t\t\t\t\t\t\t\t<\/div>\n\t\t\t\t<\/div>\n\t\t<div class=\"elementor-element elementor-element-1f47e3f e-con-full e-flex e-con e-child\" data-id=\"1f47e3f\" data-element_type=\"container\">\n\t\t\t\t<\/div>\n\t\t\t\t<div class=\"elementor-element elementor-element-5b6082e elementor-widget elementor-widget-image\" data-id=\"5b6082e\" data-element_type=\"widget\" data-widget_type=\"image.default\">\n\t\t\t\t<div class=\"elementor-widget-container\">\n\t\t\t\t\t\t\t\t\t\t\t\t\t\t\t<img fetchpriority=\"high\" decoding=\"async\" width=\"768\" height=\"512\" src=\"https:\/\/customguitartones.com\/wp-content\/uploads\/2026\/01\/4Y1A0296-768x512.jpg\" class=\"attachment-medium_large size-medium_large wp-image-11691\" alt=\"\" srcset=\"https:\/\/customguitartones.com\/wp-content\/uploads\/2026\/01\/4Y1A0296-768x512.jpg 768w, https:\/\/customguitartones.com\/wp-content\/uploads\/2026\/01\/4Y1A0296-300x200.jpg 300w, https:\/\/customguitartones.com\/wp-content\/uploads\/2026\/01\/4Y1A0296-1024x683.jpg 1024w, https:\/\/customguitartones.com\/wp-content\/uploads\/2026\/01\/4Y1A0296-1536x1024.jpg 1536w, https:\/\/customguitartones.com\/wp-content\/uploads\/2026\/01\/4Y1A0296-2048x1365.jpg 2048w, https:\/\/customguitartones.com\/wp-content\/uploads\/2026\/01\/4Y1A0296-18x12.jpg 18w, https:\/\/customguitartones.com\/wp-content\/uploads\/2026\/01\/4Y1A0296-600x400.jpg 600w\" sizes=\"(max-width: 768px) 100vw, 768px\" \/>\t\t\t\t\t\t\t\t\t\t\t\t\t\t\t<\/div>\n\t\t\t\t<\/div>\n\t\t\t\t<div class=\"elementor-element elementor-element-634df3c elementor-widget elementor-widget-image\" data-id=\"634df3c\" data-element_type=\"widget\" data-widget_type=\"image.default\">\n\t\t\t\t<div class=\"elementor-widget-container\">\n\t\t\t\t\t\t\t\t\t\t\t\t\t\t\t<img decoding=\"async\" width=\"768\" height=\"512\" src=\"https:\/\/customguitartones.com\/wp-content\/uploads\/2026\/01\/4Y1A0299-768x512.jpg\" class=\"attachment-medium_large size-medium_large wp-image-11693\" alt=\"\" srcset=\"https:\/\/customguitartones.com\/wp-content\/uploads\/2026\/01\/4Y1A0299-768x512.jpg 768w, https:\/\/customguitartones.com\/wp-content\/uploads\/2026\/01\/4Y1A0299-300x200.jpg 300w, https:\/\/customguitartones.com\/wp-content\/uploads\/2026\/01\/4Y1A0299-1024x683.jpg 1024w, https:\/\/customguitartones.com\/wp-content\/uploads\/2026\/01\/4Y1A0299-1536x1024.jpg 1536w, https:\/\/customguitartones.com\/wp-content\/uploads\/2026\/01\/4Y1A0299-2048x1365.jpg 2048w, https:\/\/customguitartones.com\/wp-content\/uploads\/2026\/01\/4Y1A0299-18x12.jpg 18w, https:\/\/customguitartones.com\/wp-content\/uploads\/2026\/01\/4Y1A0299-600x400.jpg 600w\" sizes=\"(max-width: 768px) 100vw, 768px\" \/>\t\t\t\t\t\t\t\t\t\t\t\t\t\t\t<\/div>\n\t\t\t\t<\/div>\n\t\t\t\t<div class=\"elementor-element elementor-element-6664f06 elementor-widget elementor-widget-image\" data-id=\"6664f06\" data-element_type=\"widget\" data-widget_type=\"image.default\">\n\t\t\t\t<div class=\"elementor-widget-container\">\n\t\t\t\t\t\t\t\t\t\t\t\t\t\t\t<img decoding=\"async\" width=\"768\" height=\"512\" src=\"https:\/\/customguitartones.com\/wp-content\/uploads\/2026\/01\/4Y1A0300-768x512.jpg\" class=\"attachment-medium_large size-medium_large wp-image-11694\" alt=\"\" srcset=\"https:\/\/customguitartones.com\/wp-content\/uploads\/2026\/01\/4Y1A0300-768x512.jpg 768w, https:\/\/customguitartones.com\/wp-content\/uploads\/2026\/01\/4Y1A0300-300x200.jpg 300w, https:\/\/customguitartones.com\/wp-content\/uploads\/2026\/01\/4Y1A0300-1024x683.jpg 1024w, https:\/\/customguitartones.com\/wp-content\/uploads\/2026\/01\/4Y1A0300-1536x1024.jpg 1536w, https:\/\/customguitartones.com\/wp-content\/uploads\/2026\/01\/4Y1A0300-2048x1365.jpg 2048w, https:\/\/customguitartones.com\/wp-content\/uploads\/2026\/01\/4Y1A0300-18x12.jpg 18w, https:\/\/customguitartones.com\/wp-content\/uploads\/2026\/01\/4Y1A0300-600x400.jpg 600w\" sizes=\"(max-width: 768px) 100vw, 768px\" \/>\t\t\t\t\t\t\t\t\t\t\t\t\t\t\t<\/div>\n\t\t\t\t<\/div>\n\t\t\t\t<div class=\"elementor-element elementor-element-f9ba1bf elementor-widget elementor-widget-image\" data-id=\"f9ba1bf\" data-element_type=\"widget\" data-widget_type=\"image.default\">\n\t\t\t\t<div class=\"elementor-widget-container\">\n\t\t\t\t\t\t\t\t\t\t\t\t\t\t\t<img loading=\"lazy\" decoding=\"async\" width=\"768\" height=\"512\" src=\"https:\/\/customguitartones.com\/wp-content\/uploads\/2026\/01\/4Y1A0301-768x512.jpg\" class=\"attachment-medium_large size-medium_large wp-image-11695\" alt=\"\" srcset=\"https:\/\/customguitartones.com\/wp-content\/uploads\/2026\/01\/4Y1A0301-768x512.jpg 768w, https:\/\/customguitartones.com\/wp-content\/uploads\/2026\/01\/4Y1A0301-300x200.jpg 300w, https:\/\/customguitartones.com\/wp-content\/uploads\/2026\/01\/4Y1A0301-1024x683.jpg 1024w, https:\/\/customguitartones.com\/wp-content\/uploads\/2026\/01\/4Y1A0301-1536x1024.jpg 1536w, https:\/\/customguitartones.com\/wp-content\/uploads\/2026\/01\/4Y1A0301-2048x1365.jpg 2048w, https:\/\/customguitartones.com\/wp-content\/uploads\/2026\/01\/4Y1A0301-18x12.jpg 18w, https:\/\/customguitartones.com\/wp-content\/uploads\/2026\/01\/4Y1A0301-600x400.jpg 600w\" sizes=\"(max-width: 768px) 100vw, 768px\" \/>\t\t\t\t\t\t\t\t\t\t\t\t\t\t\t<\/div>\n\t\t\t\t<\/div>\n\t\t\t\t<div class=\"elementor-element elementor-element-bf41bdb elementor-widget elementor-widget-image\" data-id=\"bf41bdb\" data-element_type=\"widget\" data-widget_type=\"image.default\">\n\t\t\t\t<div class=\"elementor-widget-container\">\n\t\t\t\t\t\t\t\t\t\t\t\t\t\t\t<img loading=\"lazy\" decoding=\"async\" width=\"768\" height=\"512\" src=\"https:\/\/customguitartones.com\/wp-content\/uploads\/2026\/01\/4Y1A0303-768x512.jpg\" class=\"attachment-medium_large size-medium_large wp-image-11697\" alt=\"\" srcset=\"https:\/\/customguitartones.com\/wp-content\/uploads\/2026\/01\/4Y1A0303-768x512.jpg 768w, https:\/\/customguitartones.com\/wp-content\/uploads\/2026\/01\/4Y1A0303-300x200.jpg 300w, https:\/\/customguitartones.com\/wp-content\/uploads\/2026\/01\/4Y1A0303-1024x683.jpg 1024w, https:\/\/customguitartones.com\/wp-content\/uploads\/2026\/01\/4Y1A0303-1536x1024.jpg 1536w, https:\/\/customguitartones.com\/wp-content\/uploads\/2026\/01\/4Y1A0303-2048x1365.jpg 2048w, https:\/\/customguitartones.com\/wp-content\/uploads\/2026\/01\/4Y1A0303-18x12.jpg 18w, https:\/\/customguitartones.com\/wp-content\/uploads\/2026\/01\/4Y1A0303-600x400.jpg 600w\" sizes=\"(max-width: 768px) 100vw, 768px\" \/>\t\t\t\t\t\t\t\t\t\t\t\t\t\t\t<\/div>\n\t\t\t\t<\/div>\n\t\t\t\t<div class=\"elementor-element elementor-element-c8c24c4 elementor-widget elementor-widget-image\" data-id=\"c8c24c4\" data-element_type=\"widget\" data-widget_type=\"image.default\">\n\t\t\t\t<div class=\"elementor-widget-container\">\n\t\t\t\t\t\t\t\t\t\t\t\t\t\t\t<img loading=\"lazy\" decoding=\"async\" width=\"768\" height=\"512\" src=\"https:\/\/customguitartones.com\/wp-content\/uploads\/2026\/01\/4Y1A0298-768x512.jpg\" class=\"attachment-medium_large size-medium_large wp-image-11692\" alt=\"\" srcset=\"https:\/\/customguitartones.com\/wp-content\/uploads\/2026\/01\/4Y1A0298-768x512.jpg 768w, https:\/\/customguitartones.com\/wp-content\/uploads\/2026\/01\/4Y1A0298-300x200.jpg 300w, https:\/\/customguitartones.com\/wp-content\/uploads\/2026\/01\/4Y1A0298-1024x683.jpg 1024w, https:\/\/customguitartones.com\/wp-content\/uploads\/2026\/01\/4Y1A0298-1536x1024.jpg 1536w, https:\/\/customguitartones.com\/wp-content\/uploads\/2026\/01\/4Y1A0298-2048x1365.jpg 2048w, https:\/\/customguitartones.com\/wp-content\/uploads\/2026\/01\/4Y1A0298-18x12.jpg 18w, https:\/\/customguitartones.com\/wp-content\/uploads\/2026\/01\/4Y1A0298-600x400.jpg 600w\" sizes=\"(max-width: 768px) 100vw, 768px\" \/>\t\t\t\t\t\t\t\t\t\t\t\t\t\t\t<\/div>\n\t\t\t\t<\/div>\n\t\t\t\t\t<\/div>\n\t\t\t\t<\/div>\n\t\t<div class=\"elementor-element elementor-element-483f081 e-flex e-con-boxed e-con e-parent\" data-id=\"483f081\" data-element_type=\"container\">\n\t\t\t\t\t<div class=\"e-con-inner\">\n\t\t\t\t<div class=\"elementor-element elementor-element-da8c6d4 elementor-widget elementor-widget-heading\" data-id=\"da8c6d4\" data-element_type=\"widget\" data-widget_type=\"heading.default\">\n\t\t\t\t<div class=\"elementor-widget-container\">\n\t\t\t\t\t<h2 class=\"elementor-heading-title elementor-size-default\">VIDEO - TWEED V-BRO LUX<\/h2>\t\t\t\t<\/div>\n\t\t\t\t<\/div>\n\t\t\t\t\t<\/div>\n\t\t\t\t<\/div>\n\t\t<div class=\"elementor-element elementor-element-1ac7484 e-flex e-con-boxed e-con e-parent\" data-id=\"1ac7484\" data-element_type=\"container\">\n\t\t\t\t\t<div class=\"e-con-inner\">\n\t\t<div class=\"elementor-element elementor-element-61b63b4 e-con-full e-flex e-con e-child\" data-id=\"61b63b4\" data-element_type=\"container\">\n\t\t\t\t<div class=\"elementor-element elementor-element-9058fa6 elementor-widget elementor-widget-heading\" data-id=\"9058fa6\" data-element_type=\"widget\" data-widget_type=\"heading.default\">\n\t\t\t\t<div class=\"elementor-widget-container\">\n\t\t\t\t\t<h2 class=\"elementor-heading-title elementor-size-default\">CGT TWEED V-BRO LUX<\/h2>\t\t\t\t<\/div>\n\t\t\t\t<\/div>\n\t\t\t\t<div class=\"elementor-element elementor-element-9370f4c elementor-widget-divider--view-line elementor-widget elementor-widget-divider\" data-id=\"9370f4c\" data-element_type=\"widget\" data-widget_type=\"divider.default\">\n\t\t\t\t<div class=\"elementor-widget-container\">\n\t\t\t\t\t\t\t<div class=\"elementor-divider\">\n\t\t\t<span class=\"elementor-divider-separator\">\n\t\t\t\t\t\t<\/span>\n\t\t<\/div>\n\t\t\t\t\t\t<\/div>\n\t\t\t\t<\/div>\n\t\t\t\t<div class=\"elementor-element elementor-element-02f3a00 elementor-widget elementor-widget-video\" data-id=\"02f3a00\" data-element_type=\"widget\" data-settings=\"{&quot;youtube_url&quot;:&quot;https:\\\/\\\/youtu.be\\\/sp_uFpLIYU0&quot;,&quot;video_type&quot;:&quot;youtube&quot;,&quot;controls&quot;:&quot;yes&quot;}\" data-widget_type=\"video.default\">\n\t\t\t\t<div class=\"elementor-widget-container\">\n\t\t\t\t\t\t\t<div class=\"elementor-wrapper elementor-open-inline\">\n\t\t\t<div class=\"elementor-video\"><\/div>\t\t<\/div>\n\t\t\t\t\t\t<\/div>\n\t\t\t\t<\/div>\n\t\t\t\t<\/div>\n\t\t\t\t\t<\/div>\n\t\t\t\t<\/div>\n\t\t<div class=\"elementor-element elementor-element-6c836e3 elementor-hidden-desktop elementor-hidden-tablet elementor-hidden-mobile e-flex e-con-boxed e-con e-parent\" data-id=\"6c836e3\" data-element_type=\"container\">\n\t\t\t\t\t<div class=\"e-con-inner\">\n\t\t<div class=\"elementor-element elementor-element-0523f83 e-con-full e-flex e-con e-child\" data-id=\"0523f83\" data-element_type=\"container\">\n\t\t\t\t<div class=\"elementor-element elementor-element-d6d6457 elementor-widget elementor-widget-heading\" data-id=\"d6d6457\" data-element_type=\"widget\" data-widget_type=\"heading.default\">\n\t\t\t\t<div class=\"elementor-widget-container\">\n\t\t\t\t\t<h2 class=\"elementor-heading-title elementor-size-default\">HIGH GAIN<\/h2>\t\t\t\t<\/div>\n\t\t\t\t<\/div>\n\t\t\t\t<div class=\"elementor-element elementor-element-803648a elementor-widget-divider--view-line elementor-widget elementor-widget-divider\" data-id=\"803648a\" data-element_type=\"widget\" data-widget_type=\"divider.default\">\n\t\t\t\t<div class=\"elementor-widget-container\">\n\t\t\t\t\t\t\t<div class=\"elementor-divider\">\n\t\t\t<span class=\"elementor-divider-separator\">\n\t\t\t\t\t\t<\/span>\n\t\t<\/div>\n\t\t\t\t\t\t<\/div>\n\t\t\t\t<\/div>\n\t\t\t\t<div class=\"elementor-element elementor-element-77d4b64 elementor-widget elementor-widget-video\" data-id=\"77d4b64\" data-element_type=\"widget\" data-settings=\"{&quot;youtube_url&quot;:&quot;https:\\\/\\\/youtu.be\\\/ZR1gFPrerdg&quot;,&quot;video_type&quot;:&quot;youtube&quot;,&quot;controls&quot;:&quot;yes&quot;}\" data-widget_type=\"video.default\">\n\t\t\t\t<div class=\"elementor-widget-container\">\n\t\t\t\t\t\t\t<div class=\"elementor-wrapper elementor-open-inline\">\n\t\t\t<div class=\"elementor-video\"><\/div>\t\t<\/div>\n\t\t\t\t\t\t<\/div>\n\t\t\t\t<\/div>\n\t\t\t\t<\/div>\n\t\t<div class=\"elementor-element elementor-element-4888dd7 e-con-full e-flex e-con e-child\" data-id=\"4888dd7\" data-element_type=\"container\">\n\t\t\t\t<div class=\"elementor-element elementor-element-e21707b elementor-widget elementor-widget-heading\" data-id=\"e21707b\" data-element_type=\"widget\" data-widget_type=\"heading.default\">\n\t\t\t\t<div class=\"elementor-widget-container\">\n\t\t\t\t\t<h2 class=\"elementor-heading-title elementor-size-default\">MAX GAIN<\/h2>\t\t\t\t<\/div>\n\t\t\t\t<\/div>\n\t\t\t\t<div class=\"elementor-element elementor-element-ce6028c elementor-widget-divider--view-line elementor-widget elementor-widget-divider\" data-id=\"ce6028c\" data-element_type=\"widget\" data-widget_type=\"divider.default\">\n\t\t\t\t<div class=\"elementor-widget-container\">\n\t\t\t\t\t\t\t<div class=\"elementor-divider\">\n\t\t\t<span class=\"elementor-divider-separator\">\n\t\t\t\t\t\t<\/span>\n\t\t<\/div>\n\t\t\t\t\t\t<\/div>\n\t\t\t\t<\/div>\n\t\t\t\t<div class=\"elementor-element elementor-element-509bb6f elementor-widget elementor-widget-video\" data-id=\"509bb6f\" data-element_type=\"widget\" data-settings=\"{&quot;youtube_url&quot;:&quot;https:\\\/\\\/youtu.be\\\/9IpsNtS1mho&quot;,&quot;video_type&quot;:&quot;youtube&quot;,&quot;controls&quot;:&quot;yes&quot;}\" data-widget_type=\"video.default\">\n\t\t\t\t<div class=\"elementor-widget-container\">\n\t\t\t\t\t\t\t<div class=\"elementor-wrapper elementor-open-inline\">\n\t\t\t<div class=\"elementor-video\"><\/div>\t\t<\/div>\n\t\t\t\t\t\t<\/div>\n\t\t\t\t<\/div>\n\t\t\t\t<\/div>\n\t\t\t\t\t<\/div>\n\t\t\t\t<\/div>\n\t\t\t\t<section class=\"elementor-section elementor-top-section elementor-element elementor-element-061c6e6 elementor-section-boxed elementor-section-height-default elementor-section-height-default\" data-id=\"061c6e6\" data-element_type=\"section\" data-settings=\"{&quot;background_background&quot;:&quot;classic&quot;,&quot;animation&quot;:&quot;none&quot;}\">\n\t\t\t\t\t\t<div class=\"elementor-container elementor-column-gap-no\">\n\t\t\t\t\t<div class=\"elementor-column elementor-col-100 elementor-top-column elementor-element elementor-element-66f1860\" data-id=\"66f1860\" data-element_type=\"column\">\n\t\t\t<div class=\"elementor-widget-wrap elementor-element-populated\">\n\t\t\t\t\t\t<section class=\"elementor-section elementor-inner-section elementor-element elementor-element-c4f3094 elementor-section-boxed elementor-section-height-default elementor-section-height-default\" data-id=\"c4f3094\" data-element_type=\"section\">\n\t\t\t\t\t\t<div class=\"elementor-container elementor-column-gap-no\">\n\t\t\t\t\t<div class=\"elementor-column elementor-col-100 elementor-inner-column elementor-element elementor-element-738d61a elementor-invisible\" data-id=\"738d61a\" data-element_type=\"column\" data-settings=\"{&quot;animation&quot;:&quot;fadeInUp&quot;}\">\n\t\t\t<div class=\"elementor-widget-wrap elementor-element-populated\">\n\t\t\t\t\t\t<div class=\"elementor-element elementor-element-5e1be3d elementor-widget elementor-widget-text-editor\" data-id=\"5e1be3d\" data-element_type=\"widget\" data-widget_type=\"text-editor.default\">\n\t\t\t\t<div class=\"elementor-widget-container\">\n\t\t\t\t\t\t\t\t\t<p style=\"text-align: center;\"><strong>* All amp brands are trademarked by their respective owners and are in no way affilliated with Custom Guitar Tones.  You are purchasing a license to use these profiles for your own personal and\/or professional use but profiles are not for resale or any other unlicensed distribution, free or compensated.  The CGT profiles simply seek to re-create the sound of the amplifiers listed and any use of brand names is strictly for comparison and descriptive purposes.<\/strong><\/p>\t\t\t\t\t\t\t\t<\/div>\n\t\t\t\t<\/div>\n\t\t\t\t\t<\/div>\n\t\t<\/div>\n\t\t\t\t\t<\/div>\n\t\t<\/section>\n\t\t\t\t\t<\/div>\n\t\t<\/div>\n\t\t\t\t\t<\/div>\n\t\t<\/section>\n\t\t\t\t<\/div>","protected":false},"excerpt":{"rendered":"<p class=\"western\" align=\"left\">Paczka dwunastu uj\u0119\u0107 brzmieniowych\u00a0 CGT TWEED V-BRO Lux wykonanych mikrofonem Neumann U67 Vintage i AEA R92.<\/p>\n<ol>\n<li>\n<h6>CLEAN NORMAL 67<\/h6>\n<\/li>\n<li>\n<h6>CLEAN BRIGHT 67<\/h6>\n<\/li>\n<li>\n<h6>EDGE OF BREAKUP NORMAL 67<\/h6>\n<\/li>\n<li>\n<h6>EDGE OF BREAK UP BRIGHT 67<\/h6>\n<\/li>\n<li class=\"western\">\n<h6>CRUNCH NORMAL 67<\/h6>\n<\/li>\n<li>\n<h6>CRUNCH BRIGHT 67<\/h6>\n<\/li>\n<li class=\"western\">\n<h6>HIGH GAIN NORMAL 67<\/h6>\n<\/li>\n<li class=\"western\">\n<h6>HIGH GAIN BRIGHT 67<\/h6>\n<\/li>\n<li class=\"western\">\n<h6>SUPER HIGH GAIN NORMAL 67<\/h6>\n<\/li>\n<li class=\"western\">\n<h6>SUPER HIGH GAIN BRIGHT 67<\/h6>\n<\/li>\n<li class=\"western\">\n<h6>MAX GAIN NORMAL 67<\/h6>\n<\/li>\n<li class=\"western\">\n<h6>MAX GAIN BRIGHT 67<\/h6>\n<\/li>\n<\/ol>\n<p>*Attention! You can download CGT profile only 3 times after purchase<\/p>\n<p>&nbsp;<\/p>","protected":false},"featured_media":11899,"template":"","meta":{"site-sidebar-layout":"default","site-content-layout":"","ast-site-content-layout":"default","site-content-style":"default","site-sidebar-style":"default","ast-global-header-display":"","ast-banner-title-visibility":"","ast-main-header-display":"","ast-hfb-above-header-display":"","ast-hfb-below-header-display":"","ast-hfb-mobile-header-display":"","site-post-title":"","ast-breadcrumbs-content":"","ast-featured-img":"","footer-sml-layout":"","ast-disable-related-posts":"","theme-transparent-header-meta":"default","adv-header-id-meta":"","stick-header-meta":"default","header-above-stick-meta":"","header-main-stick-meta":"","header-below-stick-meta":"","astra-migrate-meta-layouts":"set","ast-page-background-enabled":"default","ast-page-background-meta":{"desktop":{"background-color":"","background-image":"","background-repeat":"repeat","background-position":"center center","background-size":"auto","background-attachment":"scroll","background-type":"","background-media":"","overlay-type":"","overlay-color":"","overlay-opacity":"","overlay-gradient":""},"tablet":{"background-color":"","background-image":"","background-repeat":"repeat","background-position":"center center","background-size":"auto","background-attachment":"scroll","background-type":"","background-media":"","overlay-type":"","overlay-color":"","overlay-opacity":"","overlay-gradient":""},"mobile":{"background-color":"","background-image":"","background-repeat":"repeat","background-position":"center center","background-size":"auto","background-attachment":"scroll","background-type":"","background-media":"","overlay-type":"","overlay-color":"","overlay-opacity":"","overlay-gradient":""}},"ast-content-background-meta":{"desktop":{"background-color":"var(--ast-global-color-5)","background-image":"","background-repeat":"repeat","background-position":"center center","background-size":"auto","background-attachment":"scroll","background-type":"","background-media":"","overlay-type":"","overlay-color":"","overlay-opacity":"","overlay-gradient":""},"tablet":{"background-color":"var(--ast-global-color-5)","background-image":"","background-repeat":"repeat","background-position":"center center","background-size":"auto","background-attachment":"scroll","background-type":"","background-media":"","overlay-type":"","overlay-color":"","overlay-opacity":"","overlay-gradient":""},"mobile":{"background-color":"var(--ast-global-color-5)","background-image":"","background-repeat":"repeat","background-position":"center center","background-size":"auto","background-attachment":"scroll","background-type":"","background-media":"","overlay-type":"","overlay-color":"","overlay-opacity":"","overlay-gradient":""}}},"product_brand":[],"product_cat":[20],"product_tag":[],"class_list":{"0":"post-11896","1":"product","2":"type-product","3":"status-publish","4":"has-post-thumbnail","6":"product_cat-tonex","7":"desktop-align-left","8":"tablet-align-left","9":"mobile-align-left","10":"ast-product-gallery-layout-horizontal-slider","11":"ast-product-gallery-with-no-image","12":"ast-product-tabs-layout-horizontal","14":"first","15":"instock","16":"downloadable","17":"virtual","18":"taxable","19":"purchasable","20":"product-type-simple"},"_links":{"self":[{"href":"https:\/\/customguitartones.com\/en\/wp-json\/wp\/v2\/product\/11896","targetHints":{"allow":["GET"]}}],"collection":[{"href":"https:\/\/customguitartones.com\/en\/wp-json\/wp\/v2\/product"}],"about":[{"href":"https:\/\/customguitartones.com\/en\/wp-json\/wp\/v2\/types\/product"}],"version-history":[{"count":5,"href":"https:\/\/customguitartones.com\/en\/wp-json\/wp\/v2\/product\/11896\/revisions"}],"predecessor-version":[{"id":11929,"href":"https:\/\/customguitartones.com\/en\/wp-json\/wp\/v2\/product\/11896\/revisions\/11929"}],"wp:featuredmedia":[{"embeddable":true,"href":"https:\/\/customguitartones.com\/en\/wp-json\/wp\/v2\/media\/11899"}],"wp:attachment":[{"href":"https:\/\/customguitartones.com\/en\/wp-json\/wp\/v2\/media?parent=11896"}],"wp:term":[{"taxonomy":"product_brand","embeddable":true,"href":"https:\/\/customguitartones.com\/en\/wp-json\/wp\/v2\/product_brand?post=11896"},{"taxonomy":"product_cat","embeddable":true,"href":"https:\/\/customguitartones.com\/en\/wp-json\/wp\/v2\/product_cat?post=11896"},{"taxonomy":"product_tag","embeddable":true,"href":"https:\/\/customguitartones.com\/en\/wp-json\/wp\/v2\/product_tag?post=11896"}],"curies":[{"name":"wp","href":"https:\/\/api.w.org\/{rel}","templated":true}]}}