{"id":12007,"date":"2026-01-30T21:35:18","date_gmt":"2026-01-30T21:35:18","guid":{"rendered":"https:\/\/customguitartones.com\/?post_type=product&#038;p=12007"},"modified":"2026-02-04T08:27:24","modified_gmt":"2026-02-04T08:27:24","slug":"55-electric-cgt-profiles-for-tonex","status":"publish","type":"product","link":"https:\/\/customguitartones.com\/en\/product\/55-electric-cgt-profiles-for-tonex\/","title":{"rendered":"55&#8242; Electric &#8211; CGT profiles for Tonex"},"content":{"rendered":"<div data-elementor-type=\"product-post\" data-elementor-id=\"12007\" class=\"elementor elementor-12007\" data-elementor-post-type=\"product\">\n\t\t\t\t<div class=\"elementor-element elementor-element-27dfe44f e-flex e-con-boxed e-con e-parent\" data-id=\"27dfe44f\" data-element_type=\"container\">\n\t\t\t\t\t<div class=\"e-con-inner\">\n\t\t\t\t<div class=\"elementor-element elementor-element-529b99d6 elementor-widget elementor-widget-text-editor\" data-id=\"529b99d6\" data-element_type=\"widget\" data-widget_type=\"text-editor.default\">\n\t\t\t\t<div class=\"elementor-widget-container\">\n\t\t\t\t\t\t\t\t\t<div class=\"pre\">amp based profile: <strong>5E3 BY NICK LUKASZEWSKI\u00a0<\/strong><\/div><div class=\"pre\"><p>kolumna Louis Electric z g\u0142o\u015bnikiem: <strong>CELESTION G12H 30W 70th Anniversary Special Edition<\/strong><\/p><\/div><div class=\"pre\">microphones used to capture profile:<\/div><div class=\"pre\">1. condenser - <b>BOCK AUDIO iFET (U47)<\/b><\/div><div>2. dynamiczny <strong>BEYERDYNAMIC M160<\/strong><\/div><div class=\"pre\"><p>3. ribbon - <b>AEA R92 Ribbon Microphone<\/b><\/p><\/div><div class=\"pre\">mikrofony pod\u0142\u0105czone do analogowych preamp\u00f3w <strong>HERITAGE HA73 <\/strong><\/div><div class=\"pre translation-block\">All profiles captured at CUSTOM34 STUDIO, Gdansk, Poland.<\/div>\t\t\t\t\t\t\t\t<\/div>\n\t\t\t\t<\/div>\n\t\t<div class=\"elementor-element elementor-element-4ac7eb9 e-con-full e-flex e-con e-child\" data-id=\"4ac7eb9\" data-element_type=\"container\">\n\t\t\t\t<div class=\"elementor-element elementor-element-970f395 elementor-widget elementor-widget-text-editor\" data-id=\"970f395\" data-element_type=\"widget\" data-widget_type=\"text-editor.default\">\n\t\t\t\t<div class=\"elementor-widget-container\">\n\t\t\t\t\t\t\t\t\t<h3 style=\"text-align: center;\"><span style=\"color: #ffcc00;\">SETTINGS DIAGRAM<\/span><\/h3>\t\t\t\t\t\t\t\t<\/div>\n\t\t\t\t<\/div>\n\t\t<div class=\"elementor-element elementor-element-131aae8 e-con-full e-flex e-con e-child\" data-id=\"131aae8\" data-element_type=\"container\">\n\t\t\t\t<div class=\"elementor-element elementor-element-626fa09 elementor-widget elementor-widget-image\" data-id=\"626fa09\" data-element_type=\"widget\" data-widget_type=\"image.default\">\n\t\t\t\t<div class=\"elementor-widget-container\">\n\t\t\t\t\t\t\t\t\t\t\t\t\t\t\t<img fetchpriority=\"high\" decoding=\"async\" width=\"1024\" height=\"642\" src=\"https:\/\/customguitartones.com\/wp-content\/uploads\/2026\/01\/TABELKA-55-ELECTRIC-1024x642.jpg\" class=\"attachment-large size-large wp-image-11990\" alt=\"\" srcset=\"https:\/\/customguitartones.com\/wp-content\/uploads\/2026\/01\/TABELKA-55-ELECTRIC-1024x642.jpg 1024w, https:\/\/customguitartones.com\/wp-content\/uploads\/2026\/01\/TABELKA-55-ELECTRIC-300x188.jpg 300w, https:\/\/customguitartones.com\/wp-content\/uploads\/2026\/01\/TABELKA-55-ELECTRIC-768x482.jpg 768w, https:\/\/customguitartones.com\/wp-content\/uploads\/2026\/01\/TABELKA-55-ELECTRIC-1536x963.jpg 1536w, https:\/\/customguitartones.com\/wp-content\/uploads\/2026\/01\/TABELKA-55-ELECTRIC-18x12.jpg 18w, https:\/\/customguitartones.com\/wp-content\/uploads\/2026\/01\/TABELKA-55-ELECTRIC-600x376.jpg 600w, https:\/\/customguitartones.com\/wp-content\/uploads\/2026\/01\/TABELKA-55-ELECTRIC.jpg 1926w\" sizes=\"(max-width: 1024px) 100vw, 1024px\" \/>\t\t\t\t\t\t\t\t\t\t\t\t\t\t\t<\/div>\n\t\t\t\t<\/div>\n\t\t\t\t<\/div>\n\t\t\t\t<\/div>\n\t\t\t\t<div class=\"elementor-element elementor-element-c554e41 elementor-widget elementor-widget-image\" data-id=\"c554e41\" data-element_type=\"widget\" data-widget_type=\"image.default\">\n\t\t\t\t<div class=\"elementor-widget-container\">\n\t\t\t\t\t\t\t\t\t\t\t\t\t\t\t<img decoding=\"async\" width=\"768\" height=\"512\" src=\"https:\/\/customguitartones.com\/wp-content\/uploads\/2026\/01\/4Y1A0337-768x512.jpg\" class=\"attachment-medium_large size-medium_large wp-image-11976\" alt=\"\" srcset=\"https:\/\/customguitartones.com\/wp-content\/uploads\/2026\/01\/4Y1A0337-768x512.jpg 768w, https:\/\/customguitartones.com\/wp-content\/uploads\/2026\/01\/4Y1A0337-300x200.jpg 300w, https:\/\/customguitartones.com\/wp-content\/uploads\/2026\/01\/4Y1A0337-1024x683.jpg 1024w, https:\/\/customguitartones.com\/wp-content\/uploads\/2026\/01\/4Y1A0337-1536x1024.jpg 1536w, https:\/\/customguitartones.com\/wp-content\/uploads\/2026\/01\/4Y1A0337-2048x1365.jpg 2048w, https:\/\/customguitartones.com\/wp-content\/uploads\/2026\/01\/4Y1A0337-18x12.jpg 18w, https:\/\/customguitartones.com\/wp-content\/uploads\/2026\/01\/4Y1A0337-600x400.jpg 600w\" sizes=\"(max-width: 768px) 100vw, 768px\" \/>\t\t\t\t\t\t\t\t\t\t\t\t\t\t\t<\/div>\n\t\t\t\t<\/div>\n\t\t\t\t<div class=\"elementor-element elementor-element-9c8b07f elementor-widget elementor-widget-image\" data-id=\"9c8b07f\" data-element_type=\"widget\" data-widget_type=\"image.default\">\n\t\t\t\t<div class=\"elementor-widget-container\">\n\t\t\t\t\t\t\t\t\t\t\t\t\t\t\t<img decoding=\"async\" width=\"768\" height=\"582\" src=\"https:\/\/customguitartones.com\/wp-content\/uploads\/2026\/02\/IMG_2083-768x582.jpg\" class=\"attachment-medium_large size-medium_large wp-image-12060\" alt=\"\" srcset=\"https:\/\/customguitartones.com\/wp-content\/uploads\/2026\/02\/IMG_2083-768x582.jpg 768w, https:\/\/customguitartones.com\/wp-content\/uploads\/2026\/02\/IMG_2083-300x227.jpg 300w, https:\/\/customguitartones.com\/wp-content\/uploads\/2026\/02\/IMG_2083-1024x776.jpg 1024w, https:\/\/customguitartones.com\/wp-content\/uploads\/2026\/02\/IMG_2083-1536x1165.jpg 1536w, https:\/\/customguitartones.com\/wp-content\/uploads\/2026\/02\/IMG_2083-2048x1553.jpg 2048w, https:\/\/customguitartones.com\/wp-content\/uploads\/2026\/02\/IMG_2083-16x12.jpg 16w, https:\/\/customguitartones.com\/wp-content\/uploads\/2026\/02\/IMG_2083-600x455.jpg 600w\" sizes=\"(max-width: 768px) 100vw, 768px\" \/>\t\t\t\t\t\t\t\t\t\t\t\t\t\t\t<\/div>\n\t\t\t\t<\/div>\n\t\t\t\t<div class=\"elementor-element elementor-element-e565e4b elementor-widget elementor-widget-image\" data-id=\"e565e4b\" data-element_type=\"widget\" data-widget_type=\"image.default\">\n\t\t\t\t<div class=\"elementor-widget-container\">\n\t\t\t\t\t\t\t\t\t\t\t\t\t\t\t<img loading=\"lazy\" decoding=\"async\" width=\"768\" height=\"648\" src=\"https:\/\/customguitartones.com\/wp-content\/uploads\/2026\/02\/IMG_2074-768x648.jpg\" class=\"attachment-medium_large size-medium_large wp-image-12058\" alt=\"\" srcset=\"https:\/\/customguitartones.com\/wp-content\/uploads\/2026\/02\/IMG_2074-768x648.jpg 768w, https:\/\/customguitartones.com\/wp-content\/uploads\/2026\/02\/IMG_2074-300x253.jpg 300w, https:\/\/customguitartones.com\/wp-content\/uploads\/2026\/02\/IMG_2074-1024x864.jpg 1024w, https:\/\/customguitartones.com\/wp-content\/uploads\/2026\/02\/IMG_2074-1536x1296.jpg 1536w, https:\/\/customguitartones.com\/wp-content\/uploads\/2026\/02\/IMG_2074-2048x1728.jpg 2048w, https:\/\/customguitartones.com\/wp-content\/uploads\/2026\/02\/IMG_2074-14x12.jpg 14w, https:\/\/customguitartones.com\/wp-content\/uploads\/2026\/02\/IMG_2074-600x506.jpg 600w\" sizes=\"(max-width: 768px) 100vw, 768px\" \/>\t\t\t\t\t\t\t\t\t\t\t\t\t\t\t<\/div>\n\t\t\t\t<\/div>\n\t\t\t\t<div class=\"elementor-element elementor-element-03d09af elementor-widget elementor-widget-image\" data-id=\"03d09af\" data-element_type=\"widget\" data-widget_type=\"image.default\">\n\t\t\t\t<div class=\"elementor-widget-container\">\n\t\t\t\t\t\t\t\t\t\t\t\t\t\t\t<img loading=\"lazy\" decoding=\"async\" width=\"768\" height=\"759\" src=\"https:\/\/customguitartones.com\/wp-content\/uploads\/2026\/02\/IMG_2079-768x759.jpg\" class=\"attachment-medium_large size-medium_large wp-image-12059\" alt=\"\" srcset=\"https:\/\/customguitartones.com\/wp-content\/uploads\/2026\/02\/IMG_2079-768x759.jpg 768w, https:\/\/customguitartones.com\/wp-content\/uploads\/2026\/02\/IMG_2079-300x296.jpg 300w, https:\/\/customguitartones.com\/wp-content\/uploads\/2026\/02\/IMG_2079-1024x1012.jpg 1024w, https:\/\/customguitartones.com\/wp-content\/uploads\/2026\/02\/IMG_2079-1536x1518.jpg 1536w, https:\/\/customguitartones.com\/wp-content\/uploads\/2026\/02\/IMG_2079-2048x2024.jpg 2048w, https:\/\/customguitartones.com\/wp-content\/uploads\/2026\/02\/IMG_2079-12x12.jpg 12w, https:\/\/customguitartones.com\/wp-content\/uploads\/2026\/02\/IMG_2079-600x593.jpg 600w, https:\/\/customguitartones.com\/wp-content\/uploads\/2026\/02\/IMG_2079-100x100.jpg 100w\" sizes=\"(max-width: 768px) 100vw, 768px\" \/>\t\t\t\t\t\t\t\t\t\t\t\t\t\t\t<\/div>\n\t\t\t\t<\/div>\n\t\t\t\t\t<\/div>\n\t\t\t\t<\/div>\n\t\t<div class=\"elementor-element elementor-element-483f081 e-flex e-con-boxed e-con e-parent\" data-id=\"483f081\" data-element_type=\"container\">\n\t\t\t\t\t<div class=\"e-con-inner\">\n\t\t\t\t<div class=\"elementor-element elementor-element-da8c6d4 elementor-widget elementor-widget-heading\" data-id=\"da8c6d4\" data-element_type=\"widget\" data-widget_type=\"heading.default\">\n\t\t\t\t<div class=\"elementor-widget-container\">\n\t\t\t\t\t<h2 class=\"elementor-heading-title elementor-size-default\">VIDEO - 55' ELECTRIC<\/h2>\t\t\t\t<\/div>\n\t\t\t\t<\/div>\n\t\t\t\t\t<\/div>\n\t\t\t\t<\/div>\n\t\t<div class=\"elementor-element elementor-element-1ac7484 e-flex e-con-boxed e-con e-parent\" data-id=\"1ac7484\" data-element_type=\"container\">\n\t\t\t\t\t<div class=\"e-con-inner\">\n\t\t<div class=\"elementor-element elementor-element-61b63b4 e-con-full e-flex e-con e-child\" data-id=\"61b63b4\" data-element_type=\"container\">\n\t\t\t\t<div class=\"elementor-element elementor-element-9370f4c elementor-widget-divider--view-line elementor-widget elementor-widget-divider\" data-id=\"9370f4c\" data-element_type=\"widget\" data-widget_type=\"divider.default\">\n\t\t\t\t<div class=\"elementor-widget-container\">\n\t\t\t\t\t\t\t<div class=\"elementor-divider\">\n\t\t\t<span class=\"elementor-divider-separator\">\n\t\t\t\t\t\t<\/span>\n\t\t<\/div>\n\t\t\t\t\t\t<\/div>\n\t\t\t\t<\/div>\n\t\t\t\t<div class=\"elementor-element elementor-element-02f3a00 elementor-widget elementor-widget-video\" data-id=\"02f3a00\" data-element_type=\"widget\" data-settings=\"{&quot;youtube_url&quot;:&quot;https:\\\/\\\/youtu.be\\\/yP_EbCAWKiQ&quot;,&quot;video_type&quot;:&quot;youtube&quot;,&quot;controls&quot;:&quot;yes&quot;}\" data-widget_type=\"video.default\">\n\t\t\t\t<div class=\"elementor-widget-container\">\n\t\t\t\t\t\t\t<div class=\"elementor-wrapper elementor-open-inline\">\n\t\t\t<div class=\"elementor-video\"><\/div>\t\t<\/div>\n\t\t\t\t\t\t<\/div>\n\t\t\t\t<\/div>\n\t\t\t\t<\/div>\n\t\t\t\t\t<\/div>\n\t\t\t\t<\/div>\n\t\t<div class=\"elementor-element elementor-element-6c836e3 elementor-hidden-desktop elementor-hidden-tablet elementor-hidden-mobile e-flex e-con-boxed e-con e-parent\" data-id=\"6c836e3\" data-element_type=\"container\">\n\t\t\t\t\t<div class=\"e-con-inner\">\n\t\t<div class=\"elementor-element elementor-element-0523f83 e-con-full e-flex e-con e-child\" data-id=\"0523f83\" data-element_type=\"container\">\n\t\t\t\t<div class=\"elementor-element elementor-element-d6d6457 elementor-widget elementor-widget-heading\" data-id=\"d6d6457\" data-element_type=\"widget\" data-widget_type=\"heading.default\">\n\t\t\t\t<div class=\"elementor-widget-container\">\n\t\t\t\t\t<h2 class=\"elementor-heading-title elementor-size-default\">CRUNCH<\/h2>\t\t\t\t<\/div>\n\t\t\t\t<\/div>\n\t\t\t\t<div class=\"elementor-element elementor-element-803648a elementor-widget-divider--view-line elementor-widget elementor-widget-divider\" data-id=\"803648a\" data-element_type=\"widget\" data-widget_type=\"divider.default\">\n\t\t\t\t<div class=\"elementor-widget-container\">\n\t\t\t\t\t\t\t<div class=\"elementor-divider\">\n\t\t\t<span class=\"elementor-divider-separator\">\n\t\t\t\t\t\t<\/span>\n\t\t<\/div>\n\t\t\t\t\t\t<\/div>\n\t\t\t\t<\/div>\n\t\t\t\t<div class=\"elementor-element elementor-element-77d4b64 elementor-widget elementor-widget-video\" data-id=\"77d4b64\" data-element_type=\"widget\" data-settings=\"{&quot;youtube_url&quot;:&quot;https:\\\/\\\/youtu.be\\\/7ZKX_tC_eYQ&quot;,&quot;video_type&quot;:&quot;youtube&quot;,&quot;controls&quot;:&quot;yes&quot;}\" data-widget_type=\"video.default\">\n\t\t\t\t<div class=\"elementor-widget-container\">\n\t\t\t\t\t\t\t<div class=\"elementor-wrapper elementor-open-inline\">\n\t\t\t<div class=\"elementor-video\"><\/div>\t\t<\/div>\n\t\t\t\t\t\t<\/div>\n\t\t\t\t<\/div>\n\t\t\t\t<\/div>\n\t\t<div class=\"elementor-element elementor-element-4888dd7 e-con-full e-flex e-con e-child\" data-id=\"4888dd7\" data-element_type=\"container\">\n\t\t\t\t<div class=\"elementor-element elementor-element-e21707b elementor-widget elementor-widget-heading\" data-id=\"e21707b\" data-element_type=\"widget\" data-widget_type=\"heading.default\">\n\t\t\t\t<div class=\"elementor-widget-container\">\n\t\t\t\t\t<h2 class=\"elementor-heading-title elementor-size-default\">HIGH GAIN<\/h2>\t\t\t\t<\/div>\n\t\t\t\t<\/div>\n\t\t\t\t<div class=\"elementor-element elementor-element-ce6028c elementor-widget-divider--view-line elementor-widget elementor-widget-divider\" data-id=\"ce6028c\" data-element_type=\"widget\" data-widget_type=\"divider.default\">\n\t\t\t\t<div class=\"elementor-widget-container\">\n\t\t\t\t\t\t\t<div class=\"elementor-divider\">\n\t\t\t<span class=\"elementor-divider-separator\">\n\t\t\t\t\t\t<\/span>\n\t\t<\/div>\n\t\t\t\t\t\t<\/div>\n\t\t\t\t<\/div>\n\t\t\t\t<div class=\"elementor-element elementor-element-509bb6f elementor-widget elementor-widget-video\" data-id=\"509bb6f\" data-element_type=\"widget\" data-settings=\"{&quot;youtube_url&quot;:&quot;https:\\\/\\\/youtu.be\\\/C7y8PxbT6vA&quot;,&quot;video_type&quot;:&quot;youtube&quot;,&quot;controls&quot;:&quot;yes&quot;}\" data-widget_type=\"video.default\">\n\t\t\t\t<div class=\"elementor-widget-container\">\n\t\t\t\t\t\t\t<div class=\"elementor-wrapper elementor-open-inline\">\n\t\t\t<div class=\"elementor-video\"><\/div>\t\t<\/div>\n\t\t\t\t\t\t<\/div>\n\t\t\t\t<\/div>\n\t\t\t\t<\/div>\n\t\t\t\t\t<\/div>\n\t\t\t\t<\/div>\n\t\t\t\t<section class=\"elementor-section elementor-top-section elementor-element elementor-element-6f7e73a elementor-section-boxed elementor-section-height-default elementor-section-height-default\" data-id=\"6f7e73a\" data-element_type=\"section\" data-settings=\"{&quot;background_background&quot;:&quot;classic&quot;,&quot;animation&quot;:&quot;none&quot;}\">\n\t\t\t\t\t\t<div class=\"elementor-container elementor-column-gap-no\">\n\t\t\t\t\t<div class=\"elementor-column elementor-col-100 elementor-top-column elementor-element elementor-element-da0e91c\" data-id=\"da0e91c\" data-element_type=\"column\">\n\t\t\t<div class=\"elementor-widget-wrap elementor-element-populated\">\n\t\t\t\t\t\t<section class=\"elementor-section elementor-inner-section elementor-element elementor-element-d27df4c elementor-section-boxed elementor-section-height-default elementor-section-height-default\" data-id=\"d27df4c\" data-element_type=\"section\">\n\t\t\t\t\t\t<div class=\"elementor-container elementor-column-gap-no\">\n\t\t\t\t\t<div class=\"elementor-column elementor-col-100 elementor-inner-column elementor-element elementor-element-4f15b48 elementor-invisible\" data-id=\"4f15b48\" data-element_type=\"column\" data-settings=\"{&quot;animation&quot;:&quot;fadeInUp&quot;}\">\n\t\t\t<div class=\"elementor-widget-wrap elementor-element-populated\">\n\t\t\t\t\t\t<div class=\"elementor-element elementor-element-95ccd81 elementor-widget elementor-widget-text-editor\" data-id=\"95ccd81\" data-element_type=\"widget\" data-widget_type=\"text-editor.default\">\n\t\t\t\t<div class=\"elementor-widget-container\">\n\t\t\t\t\t\t\t\t\t<p style=\"text-align: center;\"><strong>* All amp brands are trademarked by their respective owners and are in no way affilliated with Custom Guitar Tones.  You are purchasing a license to use these profiles for your own personal and\/or professional use but profiles are not for resale or any other unlicensed distribution, free or compensated.  The CGT profiles simply seek to re-create the sound of the amplifiers listed and any use of brand names is strictly for comparison and descriptive purposes.<\/strong><\/p>\t\t\t\t\t\t\t\t<\/div>\n\t\t\t\t<\/div>\n\t\t\t\t\t<\/div>\n\t\t<\/div>\n\t\t\t\t\t<\/div>\n\t\t<\/section>\n\t\t\t\t\t<\/div>\n\t\t<\/div>\n\t\t\t\t\t<\/div>\n\t\t<\/section>\n\t\t\t\t<\/div>","protected":false},"excerpt":{"rendered":"<p>Paczka dwudziestu czterech uj\u0119\u0107 brzmieniowych CGT 55&#8242; Electric:<\/p>\n<p>CLEAN:<\/p>\n<ol>\n<li>\n<h6>NORMAL 92<\/h6>\n<\/li>\n<li>\n<h6>NORMAL 160<\/h6>\n<\/li>\n<li>\n<h6>BRIGHT 92<\/h6>\n<\/li>\n<li>\n<h6>BRIGHT 160<\/h6>\n<\/li>\n<\/ol>\n<p>EDGE OF BREAKUP:<\/p>\n<ol>\n<li>\n<h6>NORMAL 92<\/h6>\n<\/li>\n<li>\n<h6>NORMAL 160<\/h6>\n<\/li>\n<li>\n<h6>BRIGHT 92<\/h6>\n<\/li>\n<li>\n<h6>BRIGHT 160<\/h6>\n<\/li>\n<\/ol>\n<p>CRUNCH:<\/p>\n<ol>\n<li>\n<h6>NORMAL 92<\/h6>\n<\/li>\n<li>\n<h6>NORMAL 160<\/h6>\n<\/li>\n<li>\n<h6>BRIGHT 92<\/h6>\n<\/li>\n<li>\n<h6>BRIGHT 160<\/h6>\n<\/li>\n<\/ol>\n<p>HIGH GAIN:<\/p>\n<ol>\n<li>\n<h6>NORMAL 92<\/h6>\n<\/li>\n<li>\n<h6>NORMAL 160<\/h6>\n<\/li>\n<li>\n<h6>BRIGHT 92<\/h6>\n<\/li>\n<li>\n<h6>BRIGHT 160<\/h6>\n<\/li>\n<\/ol>\n<p>SUPER HIGH-GAIN:<\/p>\n<ol>\n<li>\n<h6>NORMAL 92<\/h6>\n<\/li>\n<li>\n<h6>NORMAL 160<\/h6>\n<\/li>\n<li>\n<h6>BRIGHT 92<\/h6>\n<\/li>\n<li>\n<h6>BRIGHT 160<\/h6>\n<\/li>\n<\/ol>\n<p>MAX GAIN:<\/p>\n<ol>\n<li>\n<h6>NORMAL 92<\/h6>\n<\/li>\n<li>\n<h6>NORMAL 160<\/h6>\n<\/li>\n<li>\n<h6>BRIGHT 92<\/h6>\n<\/li>\n<li>\n<h6>BRIGHT 160<\/h6>\n<\/li>\n<\/ol>\n<p>*Attention! You can download CGT profile only 3 times after purchase<\/p>\n<p>&nbsp;<\/p>","protected":false},"featured_media":12065,"template":"","meta":{"site-sidebar-layout":"default","site-content-layout":"","ast-site-content-layout":"default","site-content-style":"default","site-sidebar-style":"default","ast-global-header-display":"","ast-banner-title-visibility":"","ast-main-header-display":"","ast-hfb-above-header-display":"","ast-hfb-below-header-display":"","ast-hfb-mobile-header-display":"","site-post-title":"","ast-breadcrumbs-content":"","ast-featured-img":"","footer-sml-layout":"","ast-disable-related-posts":"","theme-transparent-header-meta":"default","adv-header-id-meta":"","stick-header-meta":"default","header-above-stick-meta":"","header-main-stick-meta":"","header-below-stick-meta":"","astra-migrate-meta-layouts":"set","ast-page-background-enabled":"default","ast-page-background-meta":{"desktop":{"background-color":"","background-image":"","background-repeat":"repeat","background-position":"center center","background-size":"auto","background-attachment":"scroll","background-type":"","background-media":"","overlay-type":"","overlay-color":"","overlay-opacity":"","overlay-gradient":""},"tablet":{"background-color":"","background-image":"","background-repeat":"repeat","background-position":"center center","background-size":"auto","background-attachment":"scroll","background-type":"","background-media":"","overlay-type":"","overlay-color":"","overlay-opacity":"","overlay-gradient":""},"mobile":{"background-color":"","background-image":"","background-repeat":"repeat","background-position":"center center","background-size":"auto","background-attachment":"scroll","background-type":"","background-media":"","overlay-type":"","overlay-color":"","overlay-opacity":"","overlay-gradient":""}},"ast-content-background-meta":{"desktop":{"background-color":"var(--ast-global-color-5)","background-image":"","background-repeat":"repeat","background-position":"center center","background-size":"auto","background-attachment":"scroll","background-type":"","background-media":"","overlay-type":"","overlay-color":"","overlay-opacity":"","overlay-gradient":""},"tablet":{"background-color":"var(--ast-global-color-5)","background-image":"","background-repeat":"repeat","background-position":"center center","background-size":"auto","background-attachment":"scroll","background-type":"","background-media":"","overlay-type":"","overlay-color":"","overlay-opacity":"","overlay-gradient":""},"mobile":{"background-color":"var(--ast-global-color-5)","background-image":"","background-repeat":"repeat","background-position":"center center","background-size":"auto","background-attachment":"scroll","background-type":"","background-media":"","overlay-type":"","overlay-color":"","overlay-opacity":"","overlay-gradient":""}}},"product_brand":[],"product_cat":[20],"product_tag":[],"class_list":{"0":"post-12007","1":"product","2":"type-product","3":"status-publish","4":"has-post-thumbnail","6":"product_cat-tonex","7":"desktop-align-left","8":"tablet-align-left","9":"mobile-align-left","10":"ast-product-gallery-layout-horizontal-slider","11":"ast-product-gallery-with-no-image","12":"ast-product-tabs-layout-horizontal","14":"first","15":"instock","16":"downloadable","17":"virtual","18":"taxable","19":"purchasable","20":"product-type-simple"},"_links":{"self":[{"href":"https:\/\/customguitartones.com\/en\/wp-json\/wp\/v2\/product\/12007","targetHints":{"allow":["GET"]}}],"collection":[{"href":"https:\/\/customguitartones.com\/en\/wp-json\/wp\/v2\/product"}],"about":[{"href":"https:\/\/customguitartones.com\/en\/wp-json\/wp\/v2\/types\/product"}],"version-history":[{"count":15,"href":"https:\/\/customguitartones.com\/en\/wp-json\/wp\/v2\/product\/12007\/revisions"}],"predecessor-version":[{"id":12066,"href":"https:\/\/customguitartones.com\/en\/wp-json\/wp\/v2\/product\/12007\/revisions\/12066"}],"wp:featuredmedia":[{"embeddable":true,"href":"https:\/\/customguitartones.com\/en\/wp-json\/wp\/v2\/media\/12065"}],"wp:attachment":[{"href":"https:\/\/customguitartones.com\/en\/wp-json\/wp\/v2\/media?parent=12007"}],"wp:term":[{"taxonomy":"product_brand","embeddable":true,"href":"https:\/\/customguitartones.com\/en\/wp-json\/wp\/v2\/product_brand?post=12007"},{"taxonomy":"product_cat","embeddable":true,"href":"https:\/\/customguitartones.com\/en\/wp-json\/wp\/v2\/product_cat?post=12007"},{"taxonomy":"product_tag","embeddable":true,"href":"https:\/\/customguitartones.com\/en\/wp-json\/wp\/v2\/product_tag?post=12007"}],"curies":[{"name":"wp","href":"https:\/\/api.w.org\/{rel}","templated":true}]}}