{"id":3897,"date":"2024-03-10T14:51:16","date_gmt":"2024-03-10T14:51:16","guid":{"rendered":"https:\/\/customguitartones.com\/?post_type=product&#038;p=3897"},"modified":"2024-09-18T18:46:07","modified_gmt":"2024-09-18T18:46:07","slug":"headrush-core-profile-cgt-health-stone-prodigy-h-e","status":"publish","type":"product","link":"https:\/\/customguitartones.com\/en\/product\/headrush-core-profile-cgt-health-stone-prodigy-h-e\/","title":{"rendered":"Headrush CORE + GRATIS paczka profili CGT Health Stone Prodigy Heaven plus Earth"},"content":{"rendered":"<div data-elementor-type=\"product-post\" data-elementor-id=\"3897\" class=\"elementor elementor-3897\" data-elementor-post-type=\"product\">\n\t\t\t\t<div class=\"elementor-element elementor-element-447eca1 e-flex e-con-boxed e-con e-parent\" data-id=\"447eca1\" data-element_type=\"container\">\n\t\t\t\t\t<div class=\"e-con-inner\">\n\t\t\t\t<div class=\"elementor-element elementor-element-964b57b elementor-widget elementor-widget-text-editor\" data-id=\"964b57b\" data-element_type=\"widget\" data-widget_type=\"text-editor.default\">\n\t\t\t\t<div class=\"elementor-widget-container\">\n\t\t\t\t\t\t\t\t\t<h3>IDEALNE BRZMIENIE GITARY I WOKALU JEST NA WYCI\u0104GNI\u0118CIE R\u0118KI<\/h3><p>Dzi\u0119ki nowemu HeadRush Core idealne brzmienie gitary i wokalu jest na wyci\u0105gni\u0119cie r\u0119ki. Zawieraj\u0105cy ogromn\u0105 bibliotek\u0119 realistycznych i responsywnych emulacji efekt\u00f3w gitarowych, wzmacniaczy, kolumn i mikrofon\u00f3w HeadRush Core zapewnia praktycznie nieograniczone miejsce na pliki IR oraz mo\u017cliwo\u015b\u0107 uchwycenia brzmienia w\u0142asnego cennego sprz\u0119tu analogowego dzi\u0119ki technologii \u201einteligentnego klonowania\u201d.<br \/>Dla wokalist\u00f3w, kt\u00f3rzy potrzebuj\u0105 odpowiedniego procesora wokalnego, Core oferuje r\u00f3wnie\u017c pe\u0142ny zestaw efekt\u00f3w wokalnych, w tym standardowy w bran\u017cy Antares Auto-Tune\u00ae i najlepszy w swojej klasie looper.<\/p><p>Wszystko to jest zasilane przez zaawansowany wielordzeniowy procesor, kt\u00f3ry zapewnia niezwykle wydajne urz\u0105dzenie pod\u0142ogowe, z p\u0142ynnym prze\u0142\u0105czaniem preset\u00f3w bez przerw i niezwykle \u0142atwym w obs\u0142udze 7-calowym interfejsem dotykowym. Co wi\u0119cej, wszystko to umieszczono w niesamowicie wytrzyma\u0142ej, a przy tym kompaktowej stalowej obudowie z wieloma wej\u015bciami\/wyj\u015bciami, w tym Bluetooth, Wi-Fi i USB Audio.<\/p><h3>KOMPLETNY ZESTAW GITAROWY I WOKALNY U TWYCH ST\u00d3P<\/h3><p>HeadRush Core zawiera stale powi\u0119kszaj\u0105c\u0105 si\u0119 bibliotek\u0119 brzmie\u0144. S\u0105 to najwy\u017cszej jako\u015bci emulacje najbardziej cenionego sprz\u0119tu gitarowego vintage, nowoczesnego i butikowego, stworzone z niespotykan\u0105 dok\u0142adno\u015bci\u0105 i charakteryzuj\u0105ce si\u0119 osza\u0142amiaj\u0105co naturaln\u0105 dynamik\u0105. Zawiera fabryczne presety stworzone przez pasjonat\u00f3w projektowania brzmie\u0144 gitarowych ChopTones\u2122 oraz pe\u0142en zestaw \u015bwietnie brzmi\u0105cych i \u0142atwych w u\u017cyciu efekt\u00f3w wokalnych, w tym Antares Auto-Tune\u00ae. Biblioteka ta jest regularnie rozszerzana za pomoc\u0105 aktualizacji oprogramowania uk\u0142adowego (dost\u0119pnych za po\u015brednictwem wbudowanego po\u0142\u0105czenia Wi-Fi lub po\u0142\u0105czenia USB z komputerem Mac\/PC).<\/p><h3>UCHWY\u0106 AUTENTYCZNE BRZMIENIE W\u0141ASNEGO SPRZ\u0118TU<\/h3><p>HeadRush Core jest wyposa\u017cony w opatentowan\u0105 technologi\u0119 klonowania, kt\u00f3ra umo\u017cliwia znaczne rozszerzenie wbudowanej biblioteki wzmacniaczy i efekt\u00f3w przy u\u017cyciu prawdziwego sprz\u0119tu.<br \/>HeadRush Amp Cloner precyzyjnie oddaje brzmienie, dynamik\u0119 i, co najwa\u017cniejsze, odczucie gry ulubionych wzmacniaczy, przedwzmacniaczy, efekt\u00f3w distortion, overdrive, a nawet fuzz\u00f3w. Klonowanie sprz\u0119tu jest niezwykle szybkim procesem, z prostym kreatorem ekranowym prowadz\u0105cym u\u017cytkownika krok po kroku.<\/p><h3>INTUICYJNY INTERFEJS DOTYKOWY Z 7-CALOWYM EKRANEM DOTYKOWYM<\/h3><p>Sercem HeadRush Core jest 7-calowy wy\u015bwietlacz dotykowy. Wystarczy dos\u0142ownie dotkn\u0105\u0107, przesun\u0105\u0107 palcem i przeci\u0105ga\u0107\/upuszcza\u0107, aby natychmiast tworzy\u0107 zestawy gitarowe, basowe i wokalne z niesamowit\u0105 szybko\u015bci\u0105 i dok\u0142adno\u015bci\u0105. Wy\u015bwietlacz zapewnia r\u00f3wnie\u017c wyra\u017ane informacje zwrotne podczas wyst\u0119p\u00f3w na \u017cywo, zw\u0142aszcza podczas dostosowywania brzmie\u0144 za pomoc\u0105 zewn\u0119trznego peda\u0142u ekspresji w trybie \u201eHands-Free\u201d.<\/p><h3>NAJLEPSZY W SWOJEJ KLASIE LOOPER I NARZ\u0118DZIA DO \u0106WICZE\u0143<\/h3><p>HeadRush Core posiada intuicyjny looper, kt\u00f3ry mo\u017ce nagrywa\u0107 p\u0119tle o d\u0142ugo\u015bci do 5 minut z 20 minutami ca\u0142kowitego czasu overdubu; zapisywa\u0107 i przywo\u0142ywa\u0107 p\u0119tle, a tak\u017ce synchronizowa\u0107 si\u0119 z innym sprz\u0119tem takim jak automaty perkusyjne za po\u015brednictwem MIDI.<\/p><p>Kolejn\u0105 funkcj\u0105 jest mo\u017cliwo\u015b\u0107 \u0142adowania utwor\u00f3w bezpo\u015brednio z serwisu Dropbox przez Wi-Fi, dzi\u0119ki czemu mo\u017cna szybciej \u0107wiczy\u0107 lub uczy\u0107 si\u0119 utwor\u00f3w. Po za\u0142adowaniu utworu mo\u017cna zap\u0119tla\u0107 i spowalnia\u0107 trudne sekcje, a tak\u017ce zmienia\u0107 wysoko\u015b\u0107 d\u017awi\u0119ku o p\u00f3\u0142tony w g\u00f3r\u0119 lub w d\u00f3\u0142, aby szybko nauczy\u0107 si\u0119 utwor\u00f3w w nowych tonacjach. Core mo\u017ce r\u00f3wnie\u017c \u0142\u0105czy\u0107 si\u0119 i odtwarza\u0107 d\u017awi\u0119k z dowolnego urz\u0105dzenia mobilnego obs\u0142uguj\u0105cego technologi\u0119 Bluetooth, co umo\u017cliwia korzystanie z wielu innych serwis\u00f3w streamingowych i lekcji cyfrowych.<\/p><h3>SPRZ\u0118T GOTOWY DO KONCERTOWANIA ZE WSZYSTKIMI POTRZEBNYMI Z\u0141\u0104CZAMI<\/h3><p>Umieszczony w wytrzyma\u0142ej, stalowej obudowie i wyposa\u017cony w pe\u0142ny zestaw wej\u015b\u0107 i wyj\u015b\u0107 HeadRush Core jest kompaktowym rozwi\u0105zaniem dla muzyk\u00f3w gotowych na ka\u017cd\u0105 sytuacj\u0119. Opr\u00f3cz szerokiej gamy wej\u015b\u0107\/wyj\u015b\u0107, w tym wej\u015b\u0107 gitarowych i mikrofonowych, wyj\u015b\u0107 1\/4\u2033, XLR i s\u0142uchawkowych, MIDI I\/O oraz \u0142\u0105czno\u015bci bezprzewodowej, Core posiada r\u00f3wnie\u017c stereofoniczn\u0105 p\u0119tl\u0119 efekt\u00f3w, kt\u00f3ra umo\u017cliwia pod\u0142\u0105czenie zewn\u0119trznych efekt\u00f3w i innego sprz\u0119tu do dowolnego punktu wewn\u0119trznego \u0142a\u0144cucha sygna\u0142owego. Ta p\u0119tla efekt\u00f3w umo\u017cliwia r\u00f3wnie\u017c po\u0142\u0105czenie z tradycyjnymi wzmacniaczami za pomoc\u0105 metody czterech kabli. Wbudowany interfejs audio USB zapewnia r\u00f3wnie\u017c \u0142atwy dost\u0119p do nagrywania w jako\u015bci studyjnej lub reampingu bezpo\u015brednio do programu DAW na komputerze Mac lub PC.<\/p><h3>KOMPLETNY ZESTAW GITAROWY I WOKALNY U TWYCH ST\u00d3P<\/h3><ul><li>Ogromna biblioteka efekt\u00f3w gitarowych, basowych i wokalnych, w tym Antares Auto-Tune\u00ae.<\/li><li>Realistyczne i responsywne emulacje wzmacniaczy, kolumn i mikrofon\u00f3w.<\/li><li>Zawiera wszystkie nowe modele ReValver\u00ae z presetami ChopTones\u2122.<\/li><\/ul><h3>UCHWY\u0106 BRZMIENIE W\u0141ASNEGO CENNEGO SPRZ\u0118TU<\/h3><ul><li>Wbudowany Amp Cloner przechwytuje brzmienie ulubionego wzmacniacza, przedwzmacniacza, przesteru typu distortion, overdrive lub fuzz i importuje go do Core.<\/li><li>Importowanie praktycznie nieograniczonej liczby plik\u00f3w odpowiedzi impulsowej (IR).<\/li><\/ul><h3>DU\u017bY EKRAN DOTYKOWY<\/h3><ul><li>7-calowy ekran dotykowy o wysokiej rozdzielczo\u015bci z interfejsem stworzonym specjalnie dla muzyk\u00f3w.<\/li><li>Zbuduj sw\u00f3j wymarzony zestaw w kilka sekund za pomoc\u0105 dotyku, przesuwania oraz przeci\u0105gania i upuszczania.<\/li><\/ul><h3>\u0141\u0104CZNO\u015a\u0106 BEZPRZEWODOWA<\/h3><ul><li>Bezpo\u015brednie po\u0142\u0105czenie Wi-Fi z HeadRush Cloud dla \u0142atwego udost\u0119pniania preset\u00f3w i klon\u00f3w.<\/li><li>Natychmiastowa aktualizacja oprogramowania sprz\u0119towego bez pod\u0142\u0105czania do komputera.<\/li><\/ul><h3>NAJLEPSZY W SWOJEJ KLASIE LOOPER<\/h3><ul><li>Nagrywanie p\u0119tli o d\u0142ugo\u015bci do 5 minut z 20 minutami ca\u0142kowitej d\u0142ugo\u015bci d\u017awi\u0119ku na p\u0119tl\u0119.<\/li><li>Zapisuj i \u0142aduj w\u0142asne p\u0119tle, aby uchwyci\u0107 inspiracj\u0119, gdy tylko si\u0119 pojawi.<\/li><li>Synchronizacja loopera z innymi urz\u0105dzeniami, takimi jak automaty perkusyjne, za po\u015brednictwem MIDI.<\/li><\/ul><h3>\u0141ATWE W U\u017bYCIU POK\u0141ADOWE NARZ\u0118DZIA DO \u0106WICZE\u0143<\/h3><ul><li>\u0141adowanie utwor\u00f3w z Dropboksa, pami\u0119ci wewn\u0119trznej lub pod\u0142\u0105czonych dysk\u00f3w USB.<\/li><li>Zap\u0119tlanie sekcji utworu, a nast\u0119pnie zmiana tempa bez wp\u0142ywu na wysoko\u015b\u0107 d\u017awi\u0119ku i odwrotnie.<\/li><li>Dodatkowa \u0142\u0105czno\u015b\u0107 audio Bluetooth do odtwarzania d\u017awi\u0119ku z urz\u0105dze\u0144 mobilnych.<\/li><\/ul><h3>WYTRZYMA\u0141Y, GOTOWY DO PRACY NA KONCERTACH SPRZ\u0118T Z P\u0118TL\u0104 EFEKT\u00d3W I WBUDOWANYM INTERFEJSEM AUDIO USB<\/h3><ul><li>Przygotowana do trasy stalowa obudowa; 5 konfigurowalnych przycisk\u00f3w no\u017cnych z kolorowymi diodami LED.<\/li><li>Nagrywanie i reamping na komputerach Mac\/PC za po\u015brednictwem wbudowanego interfejsu audio USB.<\/li><li>Stereofoniczna p\u0119tla FX do integracji efekt\u00f3w zewn\u0119trznych i konfiguracji 4-przewodowej.<\/li><\/ul>\t\t\t\t\t\t\t\t<\/div>\n\t\t\t\t<\/div>\n\t\t\t\t<div class=\"elementor-element elementor-element-62ac2b8 elementor-widget-divider--view-line elementor-widget elementor-widget-divider\" data-id=\"62ac2b8\" data-element_type=\"widget\" data-widget_type=\"divider.default\">\n\t\t\t\t<div class=\"elementor-widget-container\">\n\t\t\t\t\t\t\t<div class=\"elementor-divider\">\n\t\t\t<span class=\"elementor-divider-separator\">\n\t\t\t\t\t\t<\/span>\n\t\t<\/div>\n\t\t\t\t\t\t<\/div>\n\t\t\t\t<\/div>\n\t\t\t\t<div class=\"elementor-element elementor-element-0d3ba72 elementor-widget elementor-widget-text-editor\" data-id=\"0d3ba72\" data-element_type=\"widget\" data-widget_type=\"text-editor.default\">\n\t\t\t\t<div class=\"elementor-widget-container\">\n\t\t\t\t\t\t\t\t\t<h3><a href=\"https:\/\/audiostacja.pl\/produkty\/gitara\/procesory-gitarowe\/headrush-core\/#tab-additional_information\" target=\"_blank\" rel=\"noopener\">Specyfikacja<\/a><\/h3><ul><li>Przyciski no\u017cne: (5) przycisk\u00f3w no\u017cnych z kolorowymi diodami LED<\/li><li>Pokr\u0119t\u0142a: (1) pokr\u0119t\u0142o g\u0142o\u015bno\u015bci g\u0142\u00f3wnej 300\u00b0, (1) pokr\u0119t\u0142o g\u0142o\u015bno\u015bci s\u0142uchawek 300\u00b0 (1) pokr\u0119t\u0142o nawigacji 360\u00b0<\/li><li>Wy\u015bwietlacz: 7\u2033 kolorowy wy\u015bwietlacz z interfejsem dotykowym<\/li><li>Z\u0142\u0105cza:<br \/>\u2013 Wej\u015bcie TS 1\/4\u2033 (6,35 mm) (gitara)<br \/>\u2013 Wej\u015bcie XLR \/ 1\/4\u2033 (6,35 mm) (mikrofon)<br \/>\u2013 Wej\u015bcie TRS 1\/4\u2033 (6,35 mm) (peda\u0142 ekspresji)<br \/>\u2013 Wej\u015bcie TS 1\/4\u2033 (6,35 mm) (prze\u0142\u0105cznik peda\u0142u ekspresji)<br \/>\u2013 Wej\u015bcie stereo 1\/8\u2033 (3,5 mm) (urz\u0105dzenie dodatkowe)<br \/>\u2013 Wyj\u015bcie TRS 1\/4\u2033 (6,35 mm) (prze\u0142\u0105cznik no\u017cny wzmacniacza)<br \/>\u2013 Para wyj\u015b\u0107 stereo 1\/4\u2033 (6,35 mm)<br \/>\u2013 Para wyj\u015b\u0107 stereo XLR<br \/>\u2013 Wyj\u015bcie s\u0142uchawkowe stereo 1\/8\u2033 (3,5 mm)<br \/>\u2013 Wej\u015bcie TRS 1\/4\u2033 (6,35 mm) (FX send)<br \/>\u2013 Wyj\u015bcie TRS 1\/4\u2033 (6,35 mm) (FX return)<br \/>\u2013 (1) 5-pinowe wej\u015bcie MIDI<br \/>\u2013 (1) 5-pinowe wyj\u015bcie MIDI<br \/>\u2013 Port USB typu A<br \/>\u2013 Port USB typu B<\/li><li>Zasilanie:<br \/>Z\u0142\u0105cze: Wej\u015bcie zasilacza DC<br \/>Napi\u0119cie wej\u015bciowe: 12V DC, 3A, plus w \u015brodku<\/li><li>Wymiary (szer. x g\u0142. x wys.): 40,84 x 23,46 x 6,70 cm<\/li><li>Waga: 3,80 kg<\/li><\/ul>\t\t\t\t\t\t\t\t<\/div>\n\t\t\t\t<\/div>\n\t\t\t\t\t<\/div>\n\t\t\t\t<\/div>\n\t\t<div class=\"elementor-element elementor-element-192dd82 e-flex e-con-boxed e-con e-parent\" data-id=\"192dd82\" data-element_type=\"container\">\n\t\t\t\t\t<div class=\"e-con-inner\">\n\t\t\t\t<div class=\"elementor-element elementor-element-6000ca6 elementor-widget elementor-widget-text-editor\" data-id=\"6000ca6\" data-element_type=\"widget\" data-widget_type=\"text-editor.default\">\n\t\t\t\t<div class=\"elementor-widget-container\">\n\t\t\t\t\t\t\t\t\t<p style=\"text-align: center;\">* All amp brands are trademarked by their respective owners and are in no way affilliated with Custom Guitar Tones.  You are purchasing a license to use these profiles for your own personal and\/or professional use but profiles are not for resale or any other unlicensed distribution, free or compensated.  The CGT profiles simply seek to re-create the sound of the amplifiers listed and any use of brand names is strictly for comparison and descriptive purposes.<\/p>\t\t\t\t\t\t\t\t<\/div>\n\t\t\t\t<\/div>\n\t\t\t\t\t<\/div>\n\t\t\t\t<\/div>\n\t\t\t\t<\/div>","protected":false},"excerpt":{"rendered":"<p><span style=\"color: #d6b300;\"><strong>Procesor gitarowy Headrush Core.<\/strong><\/span><\/p>\n<p>To tak naprawd\u0119 procesor gitarowy, basowy oraz wokalowy. Jednocze\u015bnie modeler oraz profiler, kt\u00f3ry zawiera symulacje wzmacniaczy, kolumn, mikrofon\u00f3w, kostek gitarowych, Looper, Amp Cloner (modu\u0142 klonowania wzmacniaczy), Antares Auto-Tune, rejestracja i reamping (USB), preamp MIC, ekran dotykowy 7\u201d, 5 footswitchy z ekranami OLED, Bluetooth, Wi-Fi.<\/p>\n<p>Do urz\u0105dzenie Headrush Core dodajemy w cenie <strong><span style=\"color: #d6b300;\">paczk\u0119 profili CGT Health Stone Prodigy Heaven plus Earth<\/span><\/strong>, kt\u00f3ra zostanie przes\u0142ana na adres e-mail kupuj\u0105cego po up\u0142ywie 14 dni od dnia zakupu profilera.<\/p>","protected":false},"featured_media":4305,"template":"","meta":{"site-sidebar-layout":"no-sidebar","site-content-layout":"page-builder","ast-site-content-layout":"full-width-container","site-content-style":"default","site-sidebar-style":"default","ast-global-header-display":"","ast-banner-title-visibility":"","ast-main-header-display":"","ast-hfb-above-header-display":"","ast-hfb-below-header-display":"","ast-hfb-mobile-header-display":"","site-post-title":"disabled","ast-breadcrumbs-content":"","ast-featured-img":"disabled","footer-sml-layout":"","ast-disable-related-posts":"","theme-transparent-header-meta":"default","adv-header-id-meta":"","stick-header-meta":"default","header-above-stick-meta":"","header-main-stick-meta":"","header-below-stick-meta":"","astra-migrate-meta-layouts":"set","ast-page-background-enabled":"default","ast-page-background-meta":{"desktop":{"background-color":"","background-image":"","background-repeat":"repeat","background-position":"center center","background-size":"auto","background-attachment":"scroll","background-type":"","background-media":"","overlay-type":"","overlay-color":"","overlay-opacity":"","overlay-gradient":""},"tablet":{"background-color":"","background-image":"","background-repeat":"repeat","background-position":"center center","background-size":"auto","background-attachment":"scroll","background-type":"","background-media":"","overlay-type":"","overlay-color":"","overlay-opacity":"","overlay-gradient":""},"mobile":{"background-color":"","background-image":"","background-repeat":"repeat","background-position":"center center","background-size":"auto","background-attachment":"scroll","background-type":"","background-media":"","overlay-type":"","overlay-color":"","overlay-opacity":"","overlay-gradient":""}},"ast-content-background-meta":{"desktop":{"background-color":"var(--ast-global-color-5)","background-image":"","background-repeat":"repeat","background-position":"center center","background-size":"auto","background-attachment":"scroll","background-type":"","background-media":"","overlay-type":"","overlay-color":"","overlay-opacity":"","overlay-gradient":""},"tablet":{"background-color":"var(--ast-global-color-5)","background-image":"","background-repeat":"repeat","background-position":"center center","background-size":"auto","background-attachment":"scroll","background-type":"","background-media":"","overlay-type":"","overlay-color":"","overlay-opacity":"","overlay-gradient":""},"mobile":{"background-color":"var(--ast-global-color-5)","background-image":"","background-repeat":"repeat","background-position":"center center","background-size":"auto","background-attachment":"scroll","background-type":"","background-media":"","overlay-type":"","overlay-color":"","overlay-opacity":"","overlay-gradient":""}}},"product_brand":[],"product_cat":[38,39],"product_tag":[],"class_list":{"0":"post-3897","1":"product","2":"type-product","3":"status-publish","4":"has-post-thumbnail","6":"product_cat-profilery","7":"product_cat-headrush-profilery","8":"product_shipping_class-inpost","9":"desktop-align-left","10":"tablet-align-left","11":"mobile-align-left","12":"ast-product-gallery-layout-horizontal-slider","13":"ast-product-tabs-layout-horizontal","15":"first","16":"outofstock","17":"sale","18":"taxable","19":"shipping-taxable","20":"purchasable","21":"product-type-simple"},"_links":{"self":[{"href":"https:\/\/customguitartones.com\/en\/wp-json\/wp\/v2\/product\/3897","targetHints":{"allow":["GET"]}}],"collection":[{"href":"https:\/\/customguitartones.com\/en\/wp-json\/wp\/v2\/product"}],"about":[{"href":"https:\/\/customguitartones.com\/en\/wp-json\/wp\/v2\/types\/product"}],"version-history":[{"count":0,"href":"https:\/\/customguitartones.com\/en\/wp-json\/wp\/v2\/product\/3897\/revisions"}],"wp:featuredmedia":[{"embeddable":true,"href":"https:\/\/customguitartones.com\/en\/wp-json\/wp\/v2\/media\/4305"}],"wp:attachment":[{"href":"https:\/\/customguitartones.com\/en\/wp-json\/wp\/v2\/media?parent=3897"}],"wp:term":[{"taxonomy":"product_brand","embeddable":true,"href":"https:\/\/customguitartones.com\/en\/wp-json\/wp\/v2\/product_brand?post=3897"},{"taxonomy":"product_cat","embeddable":true,"href":"https:\/\/customguitartones.com\/en\/wp-json\/wp\/v2\/product_cat?post=3897"},{"taxonomy":"product_tag","embeddable":true,"href":"https:\/\/customguitartones.com\/en\/wp-json\/wp\/v2\/product_tag?post=3897"}],"curies":[{"name":"wp","href":"https:\/\/api.w.org\/{rel}","templated":true}]}}