{"id":3934,"date":"2024-03-10T15:29:19","date_gmt":"2024-03-10T15:29:19","guid":{"rendered":"https:\/\/customguitartones.com\/?post_type=product&#038;p=3934"},"modified":"2024-09-18T18:45:36","modified_gmt":"2024-09-18T18:45:36","slug":"headrush-prime-profil-cgt-health-stone-3channels","status":"publish","type":"product","link":"https:\/\/customguitartones.com\/en\/product\/headrush-prime-profil-cgt-health-stone-3channels\/","title":{"rendered":"Headrush PRIME + GRATIS paczka profili CGT Health Stone Prodigy 3Channels"},"content":{"rendered":"<div data-elementor-type=\"product-post\" data-elementor-id=\"3934\" class=\"elementor elementor-3934\" data-elementor-post-type=\"product\">\n\t\t\t\t<div class=\"elementor-element elementor-element-447eca1 e-flex e-con-boxed e-con e-parent\" data-id=\"447eca1\" data-element_type=\"container\">\n\t\t\t\t\t<div class=\"e-con-inner\">\n\t\t\t\t<div class=\"elementor-element elementor-element-964b57b elementor-widget elementor-widget-text-editor\" data-id=\"964b57b\" data-element_type=\"widget\" data-widget_type=\"text-editor.default\">\n\t\t\t\t<div class=\"elementor-widget-container\">\n\t\t\t\t\t\t\t\t\t<ul><li>7-calowy ekran dotykowy o wysokiej rozdzielczo\u015bci z intuicyjnym interfejsem<\/li><li>Realistyczne i responsywne emulacje wzmacniacza, kolumny i mikrofonu<\/li><li>Obszerna biblioteka efekt\u00f3w gitarowych i wokalnych, w tym Antares Auto-Tune\u00ae<\/li><li>Amp Cloner przechwytuje brzmienie twojego ulubionego wzmacniacza, preampu i efektu typu distortion, overdrive lub fuzz<\/li><li>Bezpo\u015brednie po\u0142\u0105czenie Wi-Fi z HeadRush Cloud w celu udost\u0119pniania klon\u00f3w, preset\u00f3w i aktualizacji oprogramowania sprz\u0119towego<\/li><li>Narz\u0119dzie do \u0107wicze\u0144 muzycznych dzia\u0142aj\u0105ce strumieniowo przez Wi-Fi sprawia, \u017ce nauka utwor\u00f3w jest \u0142atwiejsza ni\u017c kiedykolwiek wcze\u015bniej<\/li><li>\u0141\u0105czno\u015b\u0107 Bluetooth audio umo\u017cliwiaj\u0105ca granie do podk\u0142ad\u00f3w z urz\u0105dze\u0144 mobilnych<\/li><li>Pot\u0119\u017cny, specjalnie zaprojektowany, wielordzeniowy system DSP z p\u0142ynnym prze\u0142\u0105czaniem preset\u00f3w bez przerw<\/li><li>Przystosowana do koncertowania stalowa obudowa z wbudowanym trwa\u0142ym peda\u0142em ekspresji i uniwersalnym zasilaczem<\/li><li>12 prze\u0142\u0105cznik\u00f3w no\u017cnych z konfigurowalnymi kolorowymi diodami LED i wy\u015bwietlaczami OLED \u201escribble strip\u201d<\/li><li>Import praktycznie nieograniczonej ilo\u015bci plik\u00f3w IR z kolumnami gitarowymi i basowymi<\/li><li>Stereofoniczna p\u0119tla efekt\u00f3w do pod\u0142\u0105czania zewn\u0119trznych efekt\u00f3w i wykorzystywania tzw. metody 4 kabli<\/li><li>Najlepszy w swojej klasie looper z funkcj\u0105 zapisu\/\u0142adowania p\u0119tli oraz synchronizacji MIDI<\/li><li>Nagrywanie i reamping za pomoc\u0105 wbudowanego interfejsu USB Audio (do 24 bit\u00f3w\/96 kHz)<\/li><\/ul><h3>Najpot\u0119\u017cniejszy gitarowy multiefekt, modeler wzmacniaczy i procesor wokalny \u2013 wszystko w jednym<\/h3><p>HeadRush\u00ae Prime wyposa\u017cony jest w zaawansowany wielordzeniowy procesor, ogromn\u0105 bibliotek\u0119 efekt\u00f3w gitarowych, emulacji wzmacniaczy, kolumn i mikrofon\u00f3w, inteligentne klonowanie wzmacniaczy\/efekt\u00f3w i \u0142adowanie IR, najlepszy w swojej klasie looper i pe\u0142ny zestaw efekt\u00f3w wokalnych (w tym standardowym w bran\u017cy Antares Auto-Tune). Jest zatem najpot\u0119\u017cniejszym, najbardziej wszechstronnym i realistycznie brzmi\u0105cym pod\u0142ogowym procesorem efekt\u00f3w, jaki kiedykolwiek powsta\u0142. Wyj\u0105tkowo szybko reaguj\u0105cy 7-calowy ekran o wysokiej rozdzielczo\u015bci umo\u017cliwia wykorzystanie takich gest\u00f3w jak dotykanie, przesuwanie oraz przeci\u0105ganie i upuszczanie do natychmiastowego tworzenia i edycji w\u0142asnych rig\u00f3w w niespotykanie \u0142atwy spos\u00f3b. Umieszczony w stalowej obudowie Prime posiada 12 prze\u0142\u0105cznik\u00f3w no\u017cnych z indywidualnymi wska\u017anikami RGB i wy\u015bwietlaczami OLED \u201escribble strip\u201d, wbudowany peda\u0142 ekspresji z prze\u0142\u0105cznikiem i jest wyposa\u017cony we wszystkie niezb\u0119dne wej\u015bcia i wyj\u015bcia, w tym \u0142\u0105czno\u015b\u0107 Wi-Fi i Bluetooth audio. HeadRush Prime to doskona\u0142e narz\u0119dzie gotowe do ka\u017cdej sesji: w domu, na pr\u00f3bie, na scenie, czy w studiu.<\/p><h3>Doskona\u0142e brzmienie gitary i wokalu jest na wyci\u0105gni\u0119cie r\u0119ki<\/h3><p>Sercem HeadRush Prime to 7-calowy ekran dotykowy (dost\u0119pna na wy\u0142\u0105czno\u015b\u0107, opatentowana technologia) i interfejs, kt\u00f3ry jest wyj\u0105tkowo intuicyjny dla muzyk\u00f3w \u2013 mo\u017cesz dos\u0142ownie dotyka\u0107, przesuwa\u0107 oraz przenosi\u0107 i upuszcza\u0107 poszczeg\u00f3lne elementy w celu tworzenia i edycji swoich zestaw\u00f3w gitarowych, basowych i wokalnych z niesamowit\u0105 szybko\u015bci\u0105 i precyzj\u0105. Du\u017cy wy\u015bwietlacz zapewnia tak\u017ce bardzo czytelne informacje podczas wyst\u0119p\u00f3w na \u017cywo; szczeg\u00f3lnie przy wprowadzaniu drobnych zmian w brzmieniu z wykorzystaniem peda\u0142u ekspresji w trybie \u201ehands-free\u201d. Wszystko w HeadRush Prime zosta\u0142o zaprojektowane tak, aby w prosty i intuicyjny spos\u00f3b tworzy\u0107 niesamowicie brzmi\u0105ce zestawy w ci\u0105gu kilku sekund.<\/p><h3>Kompletna biblioteka efekt\u00f3w gitarowych\/wokalnych, klon\u00f3w wzmacniaczy, IR itp.<\/h3><p>HeadRush Prime zawiera stale rozszerzan\u0105 bibliotek\u0119 efekt\u00f3w gitarowych, emulacji wzmacniaczy, kolumn i mikrofon\u00f3w, klon\u00f3w wzmacniaczy, odpowiedzi impulsowych (IR), a tak\u017ce pe\u0142ny zestaw efekt\u00f3w wokalnych (w tym standardowy w bran\u017cy Antares Auto-Tune\u00ae)! S\u0105 to najwy\u017cszej jako\u015bci emulacje najbardziej cenionego sprz\u0119tu gitarowego i studyjnego o niespotykanej wierno\u015bci brzmienia i zdumiewaj\u0105co naturalnej odpowiedzi dynamicznej. Biblioteka ta jest regularnie rozszerzana poprzez aktualizacje oprogramowania sprz\u0119towego (dost\u0119pne za po\u015brednictwem wbudowanego po\u0142\u0105czenia Wi-Fi lub po\u0142\u0105czenia USB z komputerem Mac\/PC). Aktualizacje wprowadzaj\u0105 r\u00f3wnie\u017c nowe funkcje, o kt\u00f3re prosz\u0105 u\u017cytkownicy.<\/p><h3>Naj\u0142atwiejsze urz\u0105dzenie do klonowania wzmacniaczy i efekt\u00f3w w historii<\/h3><p>HeadRush Prime posiada zastrze\u017con\u0105 technologi\u0119 klonowania nowej generacji umo\u017cliwiaj\u0105c\u0105 znaczne rozszerzenie fabrycznej biblioteki wzmacniaczy i efekt\u00f3w przy u\u017cyciu prawdziwego sprz\u0119tu. HeadRush Amp Cloner precyzyjnie oddaje brzmienie, dynamik\u0119, a co najwa\u017cniejsze, czucie twoich ulubionych butikowych, vintage\u2019owych i nowoczesnych wzmacniaczy, preamp\u00f3w, efekt\u00f3w typu distortion, overdrive a nawet fuzz\u00f3w.<\/p><p>Korzystanie z HeadRush Amp Cloner jest bardzo proste, wystarczy pod\u0142\u0105czy\u0107 wybrane urz\u0105dzenie do HeadRush Prime i pod\u0105\u017ca\u0107 za \u0142atwymi wskaz\u00f3wkami wy\u015bwietlanymi na 7-calowym ekranie dotykowym. Po zako\u0144czeniu procesu klonowania mo\u017cna wprowadzi\u0107 zmiany takie jak usuni\u0119cie brzmienia kolumny g\u0142o\u015bnikowej z klonu wzmacniacza, aby mo\u017cna by\u0142o u\u017cy\u0107 klonu z r\u00f3\u017cnymi modelami kolumn lub odpowiedziami impulsowymi.<\/p><p>Po zako\u0144czeniu wprowadzania ostatecznych poprawek mo\u017cesz udost\u0119pni\u0107 swoje ulubione klony wzmacniaczy innym u\u017cytkownikom, a tak\u017ce podejrze\u0107 i pobra\u0107 nowe klony wykonane przez innych u\u017cytkownik\u00f3w z HeadRush Cloud za pomoc\u0105 wbudowanego Wi-Fi. Dzi\u0119ki nowym funkcjom HeadRush Amp Cloner i HeadRush Cloud tw\u00f3j osobisty arsena\u0142 brzmie\u0144 jest nieograniczony.<\/p><h3>Wyposa\u017cony w Wi-Fi dla \u0142atwego udost\u0119pniania preset\u00f3w w HeadRush Cloud<\/h3><p>HeadRush Prime posiada wbudowany modu\u0142 Wi-Fi, kt\u00f3ry mo\u017ce \u0142\u0105czy\u0107 si\u0119 bezpo\u015brednio z ca\u0142kowicie now\u0105 chmur\u0105 HeadRush Cloud za po\u015brednictwem lokalnej sieci Wi-Fi. HeadRush Cloud to darmowa us\u0142uga dla wszystkich u\u017cytkownik\u00f3w HeadRush, w kt\u00f3rej mog\u0105 przegl\u0105da\u0107, ods\u0142uchiwa\u0107 i pobiera\u0107 ekskluzywne rigi i klony stworzone przez ca\u0142\u0105 spo\u0142eczno\u015b\u0107 HeadRush, w tym wyr\u00f3\u017cnionych artyst\u00f3w. U\u017cytkownicy mog\u0105 szybko wyszukiwa\u0107 i filtrowa\u0107 wed\u0142ug najcz\u0119\u015bciej pobieranych i polubionych rig\u00f3w, a tak\u017ce mog\u0105 wyszukiwa\u0107 wed\u0142ug innych parametr\u00f3w takich jak gatunek. HeadRush Cloud jest najlepszym \u017ar\u00f3d\u0142em informacji o tym, jak szybko uzyska\u0107 brzmienie twojego ulubionego gitarzysty lub po prostu \u017ar\u00f3d\u0142em inspiracji do stworzenia nowego brzmienia.<\/p><h3>Nieograniczona ekspansja brzmieniowa dzi\u0119ki obs\u0142udze plik\u00f3w IR innych firm<\/h3><p>HeadRush Prime jest fabrycznie wyposa\u017cony w ponad 300 doskonale uchwyconych odpowiedzi impulsowych. Zosta\u0142y one starannie stworzone w studiu zlokalizowanym w Anglii z wykorzystaniem najs\u0142ynniejszych w historii kolumn gitarowych Marshalla, Fendera, Voxa, Orange i nie tylko! Mo\u017cna te\u017c \u0142atwo za\u0142adowa\u0107 w\u0142asne IR-y metod\u0105 \u201eprzeci\u0105gnij i upu\u015b\u0107\u201d po pod\u0142\u0105czeniu przez USB lub bezpo\u015brednio z Dropboxa przez wbudowane w Prime\u2019a Wi-Fi. HeadRush Prime ma praktycznie nieograniczon\u0105 pami\u0119\u0107 dla plik\u00f3w IR o d\u0142ugo\u015bci pr\u00f3bek 1024 i 2048.<\/p><h3>Naucz si\u0119 szybciej wi\u0119kszej liczby utwor\u00f3w i sol\u00f3wek dzi\u0119ki wbudowanemu narz\u0119dziu do \u0107wicze\u0144<\/h3><p>HeadRush Prime to pierwszy na \u015bwiecie procesor efekt\u00f3w z mo\u017cliwo\u015bci\u0105 \u0142adowania utwor\u00f3w bezpo\u015brednio z Dropboksa przez Wi-Fi do \u0107wicze\u0144 lub szybszej nauki utwor\u00f3w. Po za\u0142adowaniu utworu mo\u017cesz zap\u0119tli\u0107 i spowolni\u0107 trudniejsze fragmenty, a tak\u017ce zmieni\u0107 wysoko\u015b\u0107 d\u017awi\u0119ku co p\u00f3\u0142tonu, aby szybko nauczy\u0107 si\u0119 utwor\u00f3w w nowych tonacjach. Prime mo\u017ce r\u00f3wnie\u017c \u0142\u0105czy\u0107 si\u0119 i odtwarza\u0107 d\u017awi\u0119k z dowolnego urz\u0105dzenia mobilnego obs\u0142uguj\u0105cego technologi\u0119 Bluetooth, co otwiera drog\u0119 do korzystania z wielu innych us\u0142ug steamingowych i cyfrowych lekcji. Niezale\u017cnie od tego, czy pracujesz nad transkrypcj\u0105 swoich ulubionych utwor\u00f3w, mia\u017cd\u017c\u0105cym solo gitarowym, poszerzasz swoj\u0105 wiedz\u0119 na temat akord\u00f3w, czy po prostu pr\u00f3bujesz nauczy\u0107 si\u0119 piosenki na nast\u0119pny koncert, HeadRush Prime ma na pok\u0142adzie wszystko, czego potrzebujesz, aby szybko wykona\u0107 to zadanie.<\/p><h3>Trwa\u0142a stalowa obudowa, gotowa do koncertowania<\/h3><p>HeadRush Prime ma wytrzyma\u0142\u0105 i przygotowan\u0105 do koncertowania metalow\u0105 obudow\u0119. Zawiera wiele przemy\u015blanych cech i funkcji do wykorzystania na scenie, w tym bardzo jasne diody z mo\u017cliwo\u015bci\u0105 przypisywania kolor\u00f3w i konfigurowalne paski OLED (scrible strip) kt\u00f3re pokazuj\u0105 aktualny status i przypisanie ka\u017cdego z 12 prze\u0142\u0105cznik\u00f3w no\u017cnych w ka\u017cdym rigu. Mo\u017cesz nawet tworzy\u0107 setlisty koncertowe (rigi u\u0142o\u017cone we w\u0142asnej kolejno\u015bci) przy u\u017cyciu metody \u201eprzeci\u0105gnij i upu\u015b\u0107\u201d. HeadRush Prime to wygodny spos\u00f3b na zabranie na bliskie i dalekie sceny ca\u0142ego najlepszego sprz\u0119tu (vintage i nowoczesnego), kt\u00f3rego mo\u017cesz kiedykolwiek potrzebowa\u0107, bez konieczno\u015bci napadania na bank i bez b\u00f3lu plec\u00f3w.<\/p><h3>Wygodne tryby pracy peda\u0142u i edycja bez u\u017cycia r\u0105k<\/h3><p>Przechodzenie pomi\u0119dzy r\u00f3\u017cnymi trybami pracy peda\u0142u nigdy nie by\u0142o \u0142atwiejsze! Prze\u0142\u0105czaj si\u0119 p\u0142ynnie pomi\u0119dzy trybami: Stomp Mode, Rig Mode, Hybrid Mode, Setlist Mode i Song Mode. Wystarczy przytrzyma\u0107 prawy g\u00f3rny przycisk no\u017cny, aby szybko przeskakiwa\u0107 mi\u0119dzy tymi trybami. Dzi\u0119ki trybowi hands-free mo\u017cesz ustawia\u0107 dowolny parametr bez konieczno\u015bci schylania si\u0119. Przytrzymaj przycisk no\u017cny przypisany do modelu, kt\u00f3ry chcesz ustawi\u0107, wybierz parametr i u\u017cyj wbudowanego peda\u0142u ekspresji do precyzyjnej regulacji ustawie\u0144.<\/p><h3>Najlepszy w swojej klasie looper z funkcjami zapisywania oraz synchronizacji MIDI<\/h3><p>HeadRush Prime ma wbudowany najlepszy w swojej klasie looper, kt\u00f3ry mo\u017cesz wykorzysta\u0107 do nak\u0142adania kolejnych warstw podczas wyst\u0119p\u00f3w lub jako narz\u0119dzie do tworzenia utwor\u00f3w, gdy przyjdzie natchnienie. Ka\u017cda p\u0119tla ma maksymaln\u0105 d\u0142ugo\u015b\u0107 5 minut i mo\u017ce pomie\u015bci\u0107 a\u017c do 20 minut d\u017awi\u0119ku w wielu warstwach za jednym razem. Kiedy sko\u0144czysz, mo\u017cesz zapisa\u0107 swoje p\u0119tle jako pliki .WAV i wyeksportowa\u0107 je do komputera Mac\/PC za pomoc\u0105 trybu USB Transfer Mode, aby podzieli\u0107 si\u0119 nimi ze \u015bwiatem. Mo\u017cesz r\u00f3wnie\u017c importowa\u0107 pliki .WAV, aby u\u017cywa\u0107 loopera jako odtwarzacza podk\u0142ad\u00f3w, a tak\u017ce \u0142atwo synchronizowa\u0107 looper z zewn\u0119trznymi urz\u0105dzeniami MIDI takimi jak automaty perkusyjne.<\/p><h3>P\u0142ynne prze\u0142\u0105czanie preset\u00f3w z wybrzmiewaniem pog\u0142osu\/delaya po zmianie presetu<\/h3><p>Wielordzeniowy procesor HeadRush Prime zapewnia zaawansowane p\u0142ynne prze\u0142\u0105czanie preset\u00f3w bez przerw, z wykorzystaniem funkcji spillover, co oznacza, \u017ce ogony wszelkich efekt\u00f3w typu reverb i delay w twoim ringu mog\u0105 by\u0107 skonfigurowane tak, aby nadal wybrzmiewa\u0142y podczas zmiany preset\u00f3w lub po wy\u0142\u0105czeniu efekt\u00f3w reverb i delay w samym ringu. Podczas zmiany presetu nie ma przerwy w sygnale pog\u0142osu i\/lub delaya, dzi\u0119ki czemu zmiany brzmie\u0144 nast\u0119puj\u0105 p\u0142ynnie, zupe\u0142nie jak w profesjonalnym nagraniu studyjnym.<\/p><h3>Wbudowany interfejs audio USB do nagrywania i reampingu<\/h3><p>Z\u0142\u0105cze USB w HeadRush Prime otwiera \u015bwiat nagrywania lub reampingu bezpo\u015brednio na komputerze. Gdy HeadRush Prime jest pod\u0142\u0105czony do komputera, mo\u017cesz wybra\u0107 i u\u017cywa\u0107 HeadRush Prime jako interfejsu audio 24 bity\/96 kHz! Opcja reampingu zapewnia mo\u017cliwo\u015b\u0107 dodania brzmienia wzmacniacza do nagranego wcze\u015bniej sygna\u0142u audio \u2013 polega ona na wys\u0142aniu d\u017awi\u0119ku z DAW do HeadRush Prime i nagraniu go z powrotem w DAW. Profesjonali\u015bci nagrywaj\u0105cy na ca\u0142ym \u015bwiecie wiedz\u0105, \u017ce reamping oszcz\u0119dza cenny czas w studio, a HeadRush Prime sprawia, \u017ce jest to \u0142atwiejsze ni\u017c kiedykolwiek.<\/p><h3>Wszystkie z\u0142\u0105cza, kt\u00f3rych potrzebujesz<\/h3><p>HeadRush Prime bezproblemowo integruje si\u0119 z twoim aktualnym zestawem i ma wszystkie z\u0142\u0105cza, aby\u015b m\u00f3g\u0142 dopasowa\u0107 si\u0119 do ka\u017cdej sytuacji na scenie. Na tylnym panelu Prime\u2019a znajduje si\u0119 mn\u00f3stwo wej\u015b\u0107 i wyj\u015b\u0107, w tym wej\u015bcie TS 1\/4\u2033 dla gitar, wej\u015bcie Combo XLR+1\/4\u2033 z w\u0142\u0105czanym zasilaniem fantomowym 48V dla mikrofon\u00f3w, dwa wyj\u015bcia XLR z opcj\u0105 odci\u0119cia masy, dwa wyj\u015bcia TRS 1\/4\u2033 z prze\u0142\u0105czanym poziomem wzmacniacz\/linia, wyj\u015bcie s\u0142uchawkowe 1\/8\u2033 oraz 5-pinowe wej\u015bcie i wyj\u015bcie MIDI. Prime posiada r\u00f3wnie\u017c wbudowan\u0105 stereofoniczn\u0105 p\u0119tl\u0119 efekt\u00f3w (1\/4\u2033) do pod\u0142\u0105czania efekt\u00f3w i sprz\u0119tu zewn\u0119trznego w dowolnym punkcie \u0142a\u0144cucha sygna\u0142owego i kt\u00f3ra pozwala na zaawansowan\u0105 integracj\u0119 z twoim zestawem za pomoc\u0105 metody czterech kabli. Dodatkowo dost\u0119pne jest wyj\u015bcie 1\/4\u2033 do pod\u0142\u0105czenia wzmacniacza, kt\u00f3re mo\u017ce by\u0107 wykorzystane do prze\u0142\u0105czania kana\u0142\u00f3w (czysty\/przesterowany) lub prze\u0142\u0105czania innych ustawie\u0144 w pod\u0142\u0105czonym tradycyjnym wzmacniaczu gitarowym. Opr\u00f3cz wbudowanej \u0142\u0105czno\u015bci Wi-Fi i Bluetooth audio Prime posiada r\u00f3wnie\u017c wej\u015bcie USB-A do importu\/eksportu plik\u00f3w bezpo\u015brednio z\/do dysku USB, jak r\u00f3wnie\u017c do pod\u0142\u0105czenia zewn\u0119trznych kontroler\u00f3w USB-MIDI. HeadRush Prime integruje tw\u00f3j ca\u0142y sprz\u0119t, otwieraj\u0105c jednocze\u015bnie \u015bwiat nowych mo\u017cliwo\u015bci brzmieniowych.<\/p>\t\t\t\t\t\t\t\t<\/div>\n\t\t\t\t<\/div>\n\t\t\t\t\t<\/div>\n\t\t\t\t<\/div>\n\t\t<div class=\"elementor-element elementor-element-12e2165 e-flex e-con-boxed e-con e-parent\" data-id=\"12e2165\" data-element_type=\"container\">\n\t\t\t\t\t<div class=\"e-con-inner\">\n\t\t\t\t<div class=\"elementor-element elementor-element-5c175dc elementor-widget elementor-widget-text-editor\" data-id=\"5c175dc\" data-element_type=\"widget\" data-widget_type=\"text-editor.default\">\n\t\t\t\t<div class=\"elementor-widget-container\">\n\t\t\t\t\t\t\t\t\t<p style=\"text-align: center;\">* All amp brands are trademarked by their respective owners and are in no way affilliated with Custom Guitar Tones.  You are purchasing a license to use these profiles for your own personal and\/or professional use but profiles are not for resale or any other unlicensed distribution, free or compensated.  The CGT profiles simply seek to re-create the sound of the amplifiers listed and any use of brand names is strictly for comparison and descriptive purposes.<\/p>\t\t\t\t\t\t\t\t<\/div>\n\t\t\t\t<\/div>\n\t\t\t\t\t<\/div>\n\t\t\t\t<\/div>\n\t\t\t\t<\/div>","protected":false},"excerpt":{"rendered":"<p><span style=\"color: #d6b300;\"><strong>Procesor gitarowy Headrush Prime.<\/strong><\/span><\/p>\n<p>To tak naprawd\u0119 procesor gitarowy, basowy oraz wokalowy. Jednocze\u015bnie modeler oraz profiler, kt\u00f3ry zawiera symulacje wzmacniaczy, kolumn, mikrofon\u00f3w, kostek gitarowych, Looper, Amp Cloner (modu\u0142 klonowania wzmacniaczy), Antares Auto-Tune, rejestracja i reamping (USB), preamp MIC, ekran dotykowy 7\u201d, 12 footswitchy z ekranami OLED, Bluetooth, Wi-Fi.<\/p>\n<p>Do urz\u0105dzenie Headrush Prime dodajemy w cenie <span style=\"color: #d6b300;\"><strong>paczk\u0119 profili CGT Health Stone Prodigy 3Channels<\/strong><\/span>, kt\u00f3re zostan\u0105 przes\u0142ane na adres e-mail kupuj\u0105cego po up\u0142ywie 14 dni od dnia zakupu profilera.<\/p>","protected":false},"featured_media":4306,"template":"","meta":{"site-sidebar-layout":"no-sidebar","site-content-layout":"page-builder","ast-site-content-layout":"full-width-container","site-content-style":"default","site-sidebar-style":"default","ast-global-header-display":"","ast-banner-title-visibility":"","ast-main-header-display":"","ast-hfb-above-header-display":"","ast-hfb-below-header-display":"","ast-hfb-mobile-header-display":"","site-post-title":"disabled","ast-breadcrumbs-content":"","ast-featured-img":"disabled","footer-sml-layout":"","ast-disable-related-posts":"","theme-transparent-header-meta":"default","adv-header-id-meta":"","stick-header-meta":"default","header-above-stick-meta":"","header-main-stick-meta":"","header-below-stick-meta":"","astra-migrate-meta-layouts":"set","ast-page-background-enabled":"default","ast-page-background-meta":{"desktop":{"background-color":"","background-image":"","background-repeat":"repeat","background-position":"center center","background-size":"auto","background-attachment":"scroll","background-type":"","background-media":"","overlay-type":"","overlay-color":"","overlay-opacity":"","overlay-gradient":""},"tablet":{"background-color":"","background-image":"","background-repeat":"repeat","background-position":"center center","background-size":"auto","background-attachment":"scroll","background-type":"","background-media":"","overlay-type":"","overlay-color":"","overlay-opacity":"","overlay-gradient":""},"mobile":{"background-color":"","background-image":"","background-repeat":"repeat","background-position":"center center","background-size":"auto","background-attachment":"scroll","background-type":"","background-media":"","overlay-type":"","overlay-color":"","overlay-opacity":"","overlay-gradient":""}},"ast-content-background-meta":{"desktop":{"background-color":"var(--ast-global-color-5)","background-image":"","background-repeat":"repeat","background-position":"center center","background-size":"auto","background-attachment":"scroll","background-type":"","background-media":"","overlay-type":"","overlay-color":"","overlay-opacity":"","overlay-gradient":""},"tablet":{"background-color":"var(--ast-global-color-5)","background-image":"","background-repeat":"repeat","background-position":"center center","background-size":"auto","background-attachment":"scroll","background-type":"","background-media":"","overlay-type":"","overlay-color":"","overlay-opacity":"","overlay-gradient":""},"mobile":{"background-color":"var(--ast-global-color-5)","background-image":"","background-repeat":"repeat","background-position":"center center","background-size":"auto","background-attachment":"scroll","background-type":"","background-media":"","overlay-type":"","overlay-color":"","overlay-opacity":"","overlay-gradient":""}}},"product_brand":[],"product_cat":[38,39],"product_tag":[],"class_list":{"0":"post-3934","1":"product","2":"type-product","3":"status-publish","4":"has-post-thumbnail","6":"product_cat-profilery","7":"product_cat-headrush-profilery","8":"product_shipping_class-kurier-dpd","9":"desktop-align-left","10":"tablet-align-left","11":"mobile-align-left","12":"ast-product-gallery-layout-horizontal-slider","13":"ast-product-tabs-layout-horizontal","15":"first","16":"outofstock","17":"sale","18":"taxable","19":"shipping-taxable","20":"purchasable","21":"product-type-simple"},"_links":{"self":[{"href":"https:\/\/customguitartones.com\/en\/wp-json\/wp\/v2\/product\/3934","targetHints":{"allow":["GET"]}}],"collection":[{"href":"https:\/\/customguitartones.com\/en\/wp-json\/wp\/v2\/product"}],"about":[{"href":"https:\/\/customguitartones.com\/en\/wp-json\/wp\/v2\/types\/product"}],"version-history":[{"count":0,"href":"https:\/\/customguitartones.com\/en\/wp-json\/wp\/v2\/product\/3934\/revisions"}],"wp:featuredmedia":[{"embeddable":true,"href":"https:\/\/customguitartones.com\/en\/wp-json\/wp\/v2\/media\/4306"}],"wp:attachment":[{"href":"https:\/\/customguitartones.com\/en\/wp-json\/wp\/v2\/media?parent=3934"}],"wp:term":[{"taxonomy":"product_brand","embeddable":true,"href":"https:\/\/customguitartones.com\/en\/wp-json\/wp\/v2\/product_brand?post=3934"},{"taxonomy":"product_cat","embeddable":true,"href":"https:\/\/customguitartones.com\/en\/wp-json\/wp\/v2\/product_cat?post=3934"},{"taxonomy":"product_tag","embeddable":true,"href":"https:\/\/customguitartones.com\/en\/wp-json\/wp\/v2\/product_tag?post=3934"}],"curies":[{"name":"wp","href":"https:\/\/api.w.org\/{rel}","templated":true}]}}