{"id":5998,"date":"2024-04-29T15:57:19","date_gmt":"2024-04-29T15:57:19","guid":{"rendered":"https:\/\/customguitartones.com\/?post_type=product&#038;p=5998"},"modified":"2025-07-15T23:16:32","modified_gmt":"2025-07-15T23:16:32","slug":"tonex-one","status":"publish","type":"product","link":"https:\/\/customguitartones.com\/en\/product\/tonex-one\/","title":{"rendered":"ToneX One"},"content":{"rendered":"<div data-elementor-type=\"product-post\" data-elementor-id=\"5998\" class=\"elementor elementor-5998\" data-elementor-post-type=\"product\">\n\t\t\t\t<div class=\"elementor-element elementor-element-447eca1 e-flex e-con-boxed e-con e-parent\" data-id=\"447eca1\" data-element_type=\"container\">\n\t\t\t\t\t<div class=\"e-con-inner\">\n\t\t\t\t<div class=\"elementor-element elementor-element-9562922 elementor-widget elementor-widget-image\" data-id=\"9562922\" data-element_type=\"widget\" data-widget_type=\"image.default\">\n\t\t\t\t<div class=\"elementor-widget-container\">\n\t\t\t\t\t\t\t\t\t\t\t\t\t\t\t<img fetchpriority=\"high\" decoding=\"async\" width=\"768\" height=\"512\" src=\"https:\/\/customguitartones.com\/wp-content\/uploads\/2024\/04\/TONEX_ONE_MG_3513_r-768x512.jpg\" class=\"attachment-medium_large size-medium_large wp-image-6262\" alt=\"\" srcset=\"https:\/\/customguitartones.com\/wp-content\/uploads\/2024\/04\/TONEX_ONE_MG_3513_r-768x512.jpg 768w, https:\/\/customguitartones.com\/wp-content\/uploads\/2024\/04\/TONEX_ONE_MG_3513_r-300x200.jpg 300w, https:\/\/customguitartones.com\/wp-content\/uploads\/2024\/04\/TONEX_ONE_MG_3513_r-1024x683.jpg 1024w, https:\/\/customguitartones.com\/wp-content\/uploads\/2024\/04\/TONEX_ONE_MG_3513_r-1536x1024.jpg 1536w, https:\/\/customguitartones.com\/wp-content\/uploads\/2024\/04\/TONEX_ONE_MG_3513_r-2048x1365.jpg 2048w, https:\/\/customguitartones.com\/wp-content\/uploads\/2024\/04\/TONEX_ONE_MG_3513_r-18x12.jpg 18w, https:\/\/customguitartones.com\/wp-content\/uploads\/2024\/04\/TONEX_ONE_MG_3513_r-600x400.jpg 600w\" sizes=\"(max-width: 768px) 100vw, 768px\" \/>\t\t\t\t\t\t\t\t\t\t\t\t\t\t\t<\/div>\n\t\t\t\t<\/div>\n\t\t\t\t<div class=\"elementor-element elementor-element-964b57b elementor-widget elementor-widget-text-editor\" data-id=\"964b57b\" data-element_type=\"widget\" data-widget_type=\"text-editor.default\">\n\t\t\t\t<div class=\"elementor-widget-container\">\n\t\t\t\t\t\t\t\t\t<h3>Wyj\u0105tkowe brzmienie w kieszonkowym formacie<\/h3><p>TONEX ONE to rewolucyjny efekt gitarowy kompaktowych rozmiar\u00f3w, oferuj\u0105cy brzmienie niesamowitej jako\u015bci. Gdy wprowadzili\u015bmy na rynek procesor TONEX, gitarzy\u015bci byli nim zachwyceni. Nie zamierzali\u015bmy jednak na tym poprzesta\u0107 mieli\u015bmy wizje. Postanowili\u015bmy stworzy\u0107 nowy produkt pozwalaj\u0105cy na osi\u0105gniecie brzmienia tej samej jako\u015bci, zajmuj\u0105cy jednak mniej miejsca. Gdy pozbyli\u015bmy si\u0119 wszystkich zb\u0119dnych element\u00f3w, pozostawiaj\u0105c jedynie sama esencje, i umie\u015bcili\u015bmy ja w miniaturowej obudowie, narodzi\u0142 si\u0119 TONEX ONE, idealny element pedalboardu.<\/p><p>TONEX ONE jest w stanie zast\u0105pi\u0107 ka\u017cdy wzmacniacz, booster, overdrive, efekt distortion czy fuzz, a jego niewielkie wymiary sprawia, \u017ce zmie\u015bci si\u0119 prawie wsz\u0119dzie.<\/p><p>Ka\u017cdy gitarzysta mo\u017ce dopasowa\u0107 do swoich wzmacniaczy, booster\u00f3w, efekt\u00f3w overdrive, fuzz i distortion tyle kostek TONEX ONE ile potrzebuje. Mo\u017cesz je \u0142\u0105czy\u0107 z ulubionymi wzmacniaczami lub procesorem TONEX PEDAL lub dodatkowa kostka TONEX ONE, dzia\u0142aj\u0105ca jak preamp wzmacniacza, umo\u017cliwiaj\u0105ca pod\u0142\u0105czenie si\u0119 bezpo\u015brednio do systemu nag\u0142o\u015bnieniowego.<\/p><p>Ale to nie wszystko! Dzi\u0119ki edytowalnym kolorom pokr\u0119te\u0142, bez problemu rozr\u00f3\u017cnisz kilka peda\u0142\u00f3w TONEX ONE znajduj\u0105cych si\u0119 w twoim pedalboardzie.<\/p>\t\t\t\t\t\t\t\t<\/div>\n\t\t\t\t<\/div>\n\t\t\t\t<div class=\"elementor-element elementor-element-b078e09 elementor-widget elementor-widget-image\" data-id=\"b078e09\" data-element_type=\"widget\" data-widget_type=\"image.default\">\n\t\t\t\t<div class=\"elementor-widget-container\">\n\t\t\t\t\t\t\t\t\t\t\t\t\t\t\t<img decoding=\"async\" width=\"768\" height=\"512\" src=\"https:\/\/customguitartones.com\/wp-content\/uploads\/2024\/04\/TONEX_ONE_MG_3392_r-768x512.jpg\" class=\"attachment-medium_large size-medium_large wp-image-6260\" alt=\"\" srcset=\"https:\/\/customguitartones.com\/wp-content\/uploads\/2024\/04\/TONEX_ONE_MG_3392_r-768x512.jpg 768w, https:\/\/customguitartones.com\/wp-content\/uploads\/2024\/04\/TONEX_ONE_MG_3392_r-300x200.jpg 300w, https:\/\/customguitartones.com\/wp-content\/uploads\/2024\/04\/TONEX_ONE_MG_3392_r-1024x683.jpg 1024w, https:\/\/customguitartones.com\/wp-content\/uploads\/2024\/04\/TONEX_ONE_MG_3392_r-1536x1024.jpg 1536w, https:\/\/customguitartones.com\/wp-content\/uploads\/2024\/04\/TONEX_ONE_MG_3392_r-2048x1365.jpg 2048w, https:\/\/customguitartones.com\/wp-content\/uploads\/2024\/04\/TONEX_ONE_MG_3392_r-18x12.jpg 18w, https:\/\/customguitartones.com\/wp-content\/uploads\/2024\/04\/TONEX_ONE_MG_3392_r-600x400.jpg 600w\" sizes=\"(max-width: 768px) 100vw, 768px\" \/>\t\t\t\t\t\t\t\t\t\t\t\t\t\t\t<\/div>\n\t\t\t\t<\/div>\n\t\t\t\t<div class=\"elementor-element elementor-element-3c45fc2 elementor-widget elementor-widget-text-editor\" data-id=\"3c45fc2\" data-element_type=\"widget\" data-widget_type=\"text-editor.default\">\n\t\t\t\t<div class=\"elementor-widget-container\">\n\t\t\t\t\t\t\t\t\t<h3>Dwa tryby, nieograniczone mo\u017cliwo\u015bci<\/h3><p>Opracowali\u015bmy dwa tryby pracy dla efektu TONEX ONE: Tryb DUAL (domy\u015blny) \u0142\u0105czy w sobie mo\u017cliwo\u015bci dw\u00f3ch preset\u00f3w w\u0142\u0105czanych przy u\u017cyciu jednego prze\u0142\u0105cznika. W trybie tym masz dost\u0119p do dw\u00f3ch preset\u00f3w (A i B), kt\u00f3re prze\u0142\u0105cza\u0107 mo\u017cesz, korzystaj\u0105c z footswitcha, bez funkcji bypass. Z za\u0142o\u017cenia kostka ma wtedy dzia\u0142a\u0107 podobnie do wzmacniacza z dwoma kana\u0142ami. Gitarzysta mo\u017ce z \u0142atwo\u015bci\u0105 prze\u0142\u0105cza\u0107 mi\u0119dzy brzmieniami clean i crunch korzystaj\u0105c z jednego peda\u0142u, nawet je\u015bli presety r\u00f3\u017cni\u0105 si\u0119 ustawieniami i wybranymi wzmacniaczami.<\/p><p>Tryb STOMP to bardziej tradycyjne rozwi\u0105zanie, dzia\u0142aj\u0105ce na takiej samej zasadzie jak wi\u0119kszo\u015b\u0107 peda\u0142\u00f3w. W tym wypadku kostka wykorzystuje jeden preset, kt\u00f3ry mo\u017ce by\u0107 w\u0142\u0105czany lub wy\u0142\u0105czany przez naci\u015bniecie dedykowanego footswitcha. To idealne rozwi\u0105zanie, je\u015bli chcesz korzysta\u0107 z kostki TONEX ONE tak jak z typowego efektu overdrive. Gdy efekt jest wy\u0142\u0105czony, brzmienie jest niezmienione; \u017ceby aktywowa\u0107 preset, musisz wcisn\u0105\u0107 footswitch.<\/p><p>Po\u0142\u0105czenie tych dw\u00f3ch tryb\u00f3w pozwala na korzystanie z ogromnych mo\u017cliwo\u015bci efektu. Gitarzysta mo\u017ce u\u017cywa\u0107 jednego peda\u0142u TONEX ONE w trybie dual dla brzmienia clean i crunch, oraz drugiej takiej kostki w trybie stomp, aby podkr\u0119ci\u0107 sygna\u0142 tych dw\u00f3ch podstawowych ustawie\u0144, uzyskuj\u0105c dla urozmaicenia brzmienie clean na granicy przesterowania lub przesterowane.<\/p><h3>Jedna kostka, 20 modeli brzmieniowych na pok\u0142adzie<\/h3><p>Nawet je\u015bli wyb\u00f3r trzech brzmie\u0144 mo\u017ce wystarczy\u0107 podczas wi\u0119kszo\u015bci koncert\u00f3w, chcieli\u015bmy umo\u017cliwi\u0107 ich zmian\u0119 z poziomu samej kostki, bez potrzeby stosowania jakichkolwiek aplikacji.<\/p><p>Stworzyli\u015bmy tryb wyboru z dost\u0119pnymi dwudziestoma presetami, kt\u00f3re przypisa\u0107 mo\u017cna trzem slotom bez potrzeby korzystania z dodatkowych urz\u0105dze\u0144. To bardzo przydatna funkcja, pozwalaj\u0105ca na wyb\u00f3r najlepszych 20 preset\u00f3w z aplikacji TONEX dla Maca\/PC lub z efektu TONEX PEDAL, zapisanie ich w pami\u0119ci kostki TONEX ONE i wykorzystanie podczas koncertu najodpowiedniejszych 3 preset\u00f3w spo\u015br\u00f3d wybranej najlepszej dwudziestki.<\/p><p>Za\u0142\u00f3\u017cmy, \u017ce u\u017cywasz peda\u0142u TONEX ONE jako efektu overdrive. Na r\u00f3\u017cnych koncertach mo\u017cesz potrzebowa\u0107 brzmienia kostek Tube Screamer, Klone Centaur lub ProCo RAT. Dzieki TONEX ONE do dyspozycji masz 20 gotowych do przyporz\u0105dkowania modeli brzmieniowych.<\/p><h3>Ustawienia kolor\u00f3w wed\u0142ug osobistych preferencji<\/h3><p>Kolory mikropokr\u0119te\u0142 kostki TONEX ONE mog\u0105 by\u0107 dostosowane do wygl\u0105du pedalboardu lub dobrane tak, aby u\u0142atwi\u0107 identyfikacj\u0119 poszczeg\u00f3lnych peda\u0142\u00f3w TONEX ONE umieszczonych obok siebie.<br \/>Bior\u0105c pod uwag\u0119 wymiary i przyst\u0119pna cen\u0119, wielu gitarzyst\u00f3w zdecyduje si\u0119 na zakup wi\u0119cej ni\u017c jednej kostki TONEX ONE, aby \u0142\u0105czy\u0107 je w zale\u017cno\u015bci od potrzeb.<\/p><p>Kolory mikropokr\u0119te\u0142, kt\u00f3re mo\u017cna dowolnie zmienia\u0107, i kt\u00f3re odpowiadaj\u0105 wybranym presetom, posiadaj\u0105 dodatkowe zalety. Pomagaj\u0105 rozr\u00f3\u017cni\u0107 pomi\u0119dzy trybami A\/B i Bypass oraz u\u0142atwiaj\u0105 identyfikacj\u0119 ka\u017cdej z kostek TONEX ONE znajduj\u0105cych si\u0119 w twoim pedalboardzie. Dla przyk\u0142adu, tw\u00f3j overdrive mo\u017ce by\u0107 czerwony, distortion niebieski, fuzz foletowy, a jeden z dw\u00f3ch kana\u0142\u00f3w wzmacniacza podczas u\u017cywania kostki TONEX ONE w trybie A\/B mo\u017ce by\u0107 bursztynowy, a drugi czerwony.<\/p><p>W\u015br\u00f3d dost\u0119pnych kolor\u00f3w znajduj\u0105 si\u0119 czerwony, zielony, bursztynowy (domy\u015blny), \u017c\u00f3\u0142ty, cyjan, niebieski, r\u00f3\u017cowy, fioletowy oraz bia\u0142y. Dodatkowo, istnieje mo\u017cliwo\u015b\u0107 wy\u0142\u0105czenia pod\u015bwietlenia, co mo\u017ce by\u0107 przydatne podczas wyst\u0119p\u00f3w w bardziej formalnych okoliczno\u015bciach, np. w teatrze.<\/p>\t\t\t\t\t\t\t\t<\/div>\n\t\t\t\t<\/div>\n\t\t\t\t<div class=\"elementor-element elementor-element-beb891d elementor-widget elementor-widget-image\" data-id=\"beb891d\" data-element_type=\"widget\" data-widget_type=\"image.default\">\n\t\t\t\t<div class=\"elementor-widget-container\">\n\t\t\t\t\t\t\t\t\t\t\t\t\t\t\t<img decoding=\"async\" width=\"768\" height=\"512\" src=\"https:\/\/customguitartones.com\/wp-content\/uploads\/2024\/04\/TONEX_ONE_MG_3448_r-768x512.jpg\" class=\"attachment-medium_large size-medium_large wp-image-6261\" alt=\"\" srcset=\"https:\/\/customguitartones.com\/wp-content\/uploads\/2024\/04\/TONEX_ONE_MG_3448_r-768x512.jpg 768w, https:\/\/customguitartones.com\/wp-content\/uploads\/2024\/04\/TONEX_ONE_MG_3448_r-300x200.jpg 300w, https:\/\/customguitartones.com\/wp-content\/uploads\/2024\/04\/TONEX_ONE_MG_3448_r-1024x683.jpg 1024w, https:\/\/customguitartones.com\/wp-content\/uploads\/2024\/04\/TONEX_ONE_MG_3448_r-1536x1024.jpg 1536w, https:\/\/customguitartones.com\/wp-content\/uploads\/2024\/04\/TONEX_ONE_MG_3448_r-2048x1365.jpg 2048w, https:\/\/customguitartones.com\/wp-content\/uploads\/2024\/04\/TONEX_ONE_MG_3448_r-18x12.jpg 18w, https:\/\/customguitartones.com\/wp-content\/uploads\/2024\/04\/TONEX_ONE_MG_3448_r-600x400.jpg 600w\" sizes=\"(max-width: 768px) 100vw, 768px\" \/>\t\t\t\t\t\t\t\t\t\t\t\t\t\t\t<\/div>\n\t\t\t\t<\/div>\n\t\t\t\t<div class=\"elementor-element elementor-element-680d359 elementor-widget elementor-widget-text-editor\" data-id=\"680d359\" data-element_type=\"widget\" data-widget_type=\"text-editor.default\">\n\t\t\t\t<div class=\"elementor-widget-container\">\n\t\t\t\t\t\t\t\t\t<h3>Kompletny sprz\u0119t do wyst\u0119p\u00f3w na \u017cywo, kt\u00f3ry zmie\u015bcisz w d\u0142oni<\/h3><ul><li>Kompaktowa, solidna obudowa.<\/li><li>Ponad 20 000 darmowych modeli brzmieniowych oraz setki kolekcji premium dost\u0119pnych na stronie IK tone.net<\/li><li>Ta sama niesamowita jako\u015b\u0107, kt\u00f3ra reprezentuje jego starszy brat TONEX PEDAL.<\/li><li>20 wybieralnych modeli brzmieniowych. (Dostosowywanych przy pomocy funkcji TONEX Librarian).<\/li><li>3 sloty na presety i dwa tryby dzia\u0142ania: \u201edual\u201d do prze\u0142\u0105czania miedzy kana\u0142ami A i B oraz \u201estomp\u201d do tradycyjnego prze\u0142\u0105czania ON\/Bypass.<\/li><li>Wbudowany tuner, dla kt\u00f3rego mikropokr\u0119t\u0142a pe\u0142nia role kontrolek.<\/li><li>Mo\u017ce by\u0107 u\u017cywany jako interfejs audio do nagrywania lub do grania do podk\u0142ad\u00f3w.<\/li><li>Bezpo\u015bredni dost\u0119p do pokr\u0119te\u0142 gain, bass, mid, treble, gate i compressor threshold, reverb mix oraz volume.<\/li><li>Zero ryzyka przypadkowej utraty ustawie\u0144, dzi\u0119ki automatycznemu zapisowi edycji.<\/li><li>\u201eSafe mode\u201d chroni\u0105cy przed przypadkowa zmiana ustawie\u0144 parametr\u00f3w podczas grania.<\/li><li>Dwa r\u00f3\u017cne tryby dzia\u0142ania: \u201edual\u201d do prze\u0142\u0105czania miedzy kana\u0142ami A i B oraz \u201estomp\u201d do tradycyjnego prze\u0142\u0105czania ON\/Bypass.<\/li><li>Globalna funkcja cabinet bypass.<\/li><li>Pod\u015bwietlane mikropokr\u0119t\u0142a z mo\u017cliwo\u015bci\u0105 wyboru kolor\u00f3w.<\/li><li>Wyj\u015bcie stereo TRS umo\u017cliwiaj\u0105ce \u0142\u0105czenie z innymi kostkami, wzmacniaczem, pod\u0142\u0105czanie bezpo\u015brednio do systemu nag\u0142o\u015bnieniowego.<\/li><\/ul><h3>Niezast\u0105piony element pedalboardu<\/h3><p>POKR\u0118T\u0141A I GNIAZDA<\/p><ul><li>G\u0142\u00f3wne pokr\u0119t\u0142o do regulacji poziomu g\u0142o\u015bno\u015bci i gainu.<\/li><li>Trzy pod\u015bwietlane mikropokr\u0119t\u0142a dla parametr\u00f3w bass, mid, treble, gate, comp i reverb mix.<\/li><li>Pod\u015bwietlany przycisk ALT s\u0142u\u017c\u0105cy do prze\u0142\u0105czania pomi\u0119dzy regulacja podstawowa i dodatkowa.<\/li><li>Footswitch (prze\u0142\u0105cznik no\u017cny).<\/li><li>Wej\u015bcie mono TS.<\/li><li>Wyj\u015bcie stereo TRS, dzi\u0119ki kt\u00f3remu mo\u017cesz \u0142\u0105czy\u0107 kostk\u0119 z innymi peda\u0142ami, pod\u0142\u0105cza\u0107 j\u0105 do wzmacniacza, bezpo\u015brednio do systemu nag\u0142o\u015bnieniowego lub do s\u0142uchawek, w celu \u0107wiczenia po cichu.<\/li><\/ul><p>WYMIARY<\/p><ul><li>94 mm\/3,7\u201d x 48 mm\/1,89\u201d x 53 mm\/2,09\u201d<\/li><li>Waga: 160 g<\/li><\/ul><h3>Od aplikacji do sceny<\/h3><ul><li>Ponad 20 000 darmowych modeli brzmieniowych oraz setki kolekcji premium dost\u0119pnych na stronie IK tone.net<\/li><li>Mo\u017ce by\u0107 u\u017cywany jako interfejs audio do nagrywania i odtwarzania nagra\u0144.<\/li><li>Aplikacja na Maca\/PC s\u0142u\u017c\u0105ca do edycji wszystkich dost\u0119pnych parametr\u00f3w, z kilkoma dodatkowymi funkcjami, w tym zmiana kolor\u00f3w mikropokr\u0119te\u0142.<\/li><li>Funkcja Librarian na Maca\/PC s\u0142u\u017c\u0105ca do przesy\u0142ania preset\u00f3w z aplikacji do kostki TONEX ONE.<\/li><li>Wykorzystuj\u0105ce technologie AI oprogramowanie TONEX SE, s\u0142u\u017c\u0105ce do modelowania brzmienia wzmacniacza i peda\u0142u na Maca\/PC.<\/li><\/ul><p><strong>W pude\u0142ku znajdziesz:<\/strong><\/p><ul><li>Kostk\u0119 TONEX ONE<\/li><li>Kabel USB-C\/USB-C<\/li><\/ul>\t\t\t\t\t\t\t\t<\/div>\n\t\t\t\t<\/div>\n\t\t\t\t<div class=\"elementor-element elementor-element-aba51fe elementor-widget elementor-widget-image\" data-id=\"aba51fe\" data-element_type=\"widget\" data-widget_type=\"image.default\">\n\t\t\t\t<div class=\"elementor-widget-container\">\n\t\t\t\t\t\t\t\t\t\t\t\t\t\t\t<img loading=\"lazy\" decoding=\"async\" width=\"768\" height=\"512\" src=\"https:\/\/customguitartones.com\/wp-content\/uploads\/2024\/04\/TONEX_ONE_MG_3335_r2-768x512.jpg\" class=\"attachment-medium_large size-medium_large wp-image-6259\" alt=\"\" srcset=\"https:\/\/customguitartones.com\/wp-content\/uploads\/2024\/04\/TONEX_ONE_MG_3335_r2-768x512.jpg 768w, https:\/\/customguitartones.com\/wp-content\/uploads\/2024\/04\/TONEX_ONE_MG_3335_r2-300x200.jpg 300w, https:\/\/customguitartones.com\/wp-content\/uploads\/2024\/04\/TONEX_ONE_MG_3335_r2-1024x683.jpg 1024w, https:\/\/customguitartones.com\/wp-content\/uploads\/2024\/04\/TONEX_ONE_MG_3335_r2-1536x1024.jpg 1536w, https:\/\/customguitartones.com\/wp-content\/uploads\/2024\/04\/TONEX_ONE_MG_3335_r2-2048x1365.jpg 2048w, https:\/\/customguitartones.com\/wp-content\/uploads\/2024\/04\/TONEX_ONE_MG_3335_r2-18x12.jpg 18w, https:\/\/customguitartones.com\/wp-content\/uploads\/2024\/04\/TONEX_ONE_MG_3335_r2-600x400.jpg 600w\" sizes=\"(max-width: 768px) 100vw, 768px\" \/>\t\t\t\t\t\t\t\t\t\t\t\t\t\t\t<\/div>\n\t\t\t\t<\/div>\n\t\t\t\t\t<\/div>\n\t\t\t\t<\/div>\n\t\t<div class=\"elementor-element elementor-element-53547a1 e-flex e-con-boxed e-con e-parent\" data-id=\"53547a1\" data-element_type=\"container\">\n\t\t\t\t\t<div class=\"e-con-inner\">\n\t\t\t\t<div class=\"elementor-element elementor-element-3b3e812 elementor-widget elementor-widget-text-editor\" data-id=\"3b3e812\" data-element_type=\"widget\" data-widget_type=\"text-editor.default\">\n\t\t\t\t<div class=\"elementor-widget-container\">\n\t\t\t\t\t\t\t\t\t<p style=\"text-align: center;\">* All amp brands are trademarked by their respective owners and are in no way affilliated with Custom Guitar Tones.  You are purchasing a license to use these profiles for your own personal and\/or professional use but profiles are not for resale or any other unlicensed distribution, free or compensated.  The CGT profiles simply seek to re-create the sound of the amplifiers listed and any use of brand names is strictly for comparison and descriptive purposes.<\/p>\t\t\t\t\t\t\t\t<\/div>\n\t\t\t\t<\/div>\n\t\t\t\t\t<\/div>\n\t\t\t\t<\/div>\n\t\t\t\t<\/div>","protected":false},"excerpt":{"rendered":"<p><span style=\"color: #d6ab00;\"><strong>Procesor gitarowy ToneX One<\/strong>.\u00a0 <\/span><\/p>\n<p>Procesor gitarowy Tone Modeling [symulacja dowolnego brzmienia wzmacniacza, comba i efektu gitarowego], tuner, procesor efekt\u00f3w, interfejs audio USB, 24-bity\/192kHz, dynamika 123dB, wyj\u015bcie TRS [stereo\/ mono\/ s\u0142uchawki], w zestawie ToneX SE, AmpliTube 5<\/p>\n<p>&nbsp;<\/p>","protected":false},"featured_media":6001,"template":"","meta":{"site-sidebar-layout":"no-sidebar","site-content-layout":"page-builder","ast-site-content-layout":"full-width-container","site-content-style":"default","site-sidebar-style":"default","ast-global-header-display":"","ast-banner-title-visibility":"","ast-main-header-display":"","ast-hfb-above-header-display":"","ast-hfb-below-header-display":"","ast-hfb-mobile-header-display":"","site-post-title":"disabled","ast-breadcrumbs-content":"","ast-featured-img":"disabled","footer-sml-layout":"","ast-disable-related-posts":"","theme-transparent-header-meta":"default","adv-header-id-meta":"","stick-header-meta":"default","header-above-stick-meta":"","header-main-stick-meta":"","header-below-stick-meta":"","astra-migrate-meta-layouts":"set","ast-page-background-enabled":"default","ast-page-background-meta":{"desktop":{"background-color":"","background-image":"","background-repeat":"repeat","background-position":"center center","background-size":"auto","background-attachment":"scroll","background-type":"","background-media":"","overlay-type":"","overlay-color":"","overlay-opacity":"","overlay-gradient":""},"tablet":{"background-color":"","background-image":"","background-repeat":"repeat","background-position":"center center","background-size":"auto","background-attachment":"scroll","background-type":"","background-media":"","overlay-type":"","overlay-color":"","overlay-opacity":"","overlay-gradient":""},"mobile":{"background-color":"","background-image":"","background-repeat":"repeat","background-position":"center center","background-size":"auto","background-attachment":"scroll","background-type":"","background-media":"","overlay-type":"","overlay-color":"","overlay-opacity":"","overlay-gradient":""}},"ast-content-background-meta":{"desktop":{"background-color":"var(--ast-global-color-5)","background-image":"","background-repeat":"repeat","background-position":"center center","background-size":"auto","background-attachment":"scroll","background-type":"","background-media":"","overlay-type":"","overlay-color":"","overlay-opacity":"","overlay-gradient":""},"tablet":{"background-color":"var(--ast-global-color-5)","background-image":"","background-repeat":"repeat","background-position":"center center","background-size":"auto","background-attachment":"scroll","background-type":"","background-media":"","overlay-type":"","overlay-color":"","overlay-opacity":"","overlay-gradient":""},"mobile":{"background-color":"var(--ast-global-color-5)","background-image":"","background-repeat":"repeat","background-position":"center center","background-size":"auto","background-attachment":"scroll","background-type":"","background-media":"","overlay-type":"","overlay-color":"","overlay-opacity":"","overlay-gradient":""}}},"product_brand":[],"product_cat":[38,40],"product_tag":[],"class_list":{"0":"post-5998","1":"product","2":"type-product","3":"status-publish","4":"has-post-thumbnail","6":"product_cat-profilery","7":"product_cat-tonex-profilery","8":"product_shipping_class-inpost","9":"desktop-align-left","10":"tablet-align-left","11":"mobile-align-left","12":"ast-product-gallery-layout-horizontal-slider","13":"ast-product-tabs-layout-horizontal","15":"first","16":"outofstock","17":"sale","18":"taxable","19":"shipping-taxable","20":"purchasable","21":"product-type-simple"},"_links":{"self":[{"href":"https:\/\/customguitartones.com\/en\/wp-json\/wp\/v2\/product\/5998","targetHints":{"allow":["GET"]}}],"collection":[{"href":"https:\/\/customguitartones.com\/en\/wp-json\/wp\/v2\/product"}],"about":[{"href":"https:\/\/customguitartones.com\/en\/wp-json\/wp\/v2\/types\/product"}],"version-history":[{"count":2,"href":"https:\/\/customguitartones.com\/en\/wp-json\/wp\/v2\/product\/5998\/revisions"}],"predecessor-version":[{"id":10733,"href":"https:\/\/customguitartones.com\/en\/wp-json\/wp\/v2\/product\/5998\/revisions\/10733"}],"wp:featuredmedia":[{"embeddable":true,"href":"https:\/\/customguitartones.com\/en\/wp-json\/wp\/v2\/media\/6001"}],"wp:attachment":[{"href":"https:\/\/customguitartones.com\/en\/wp-json\/wp\/v2\/media?parent=5998"}],"wp:term":[{"taxonomy":"product_brand","embeddable":true,"href":"https:\/\/customguitartones.com\/en\/wp-json\/wp\/v2\/product_brand?post=5998"},{"taxonomy":"product_cat","embeddable":true,"href":"https:\/\/customguitartones.com\/en\/wp-json\/wp\/v2\/product_cat?post=5998"},{"taxonomy":"product_tag","embeddable":true,"href":"https:\/\/customguitartones.com\/en\/wp-json\/wp\/v2\/product_tag?post=5998"}],"curies":[{"name":"wp","href":"https:\/\/api.w.org\/{rel}","templated":true}]}}