{"id":8639,"date":"2024-11-08T15:12:47","date_gmt":"2024-11-08T15:12:47","guid":{"rendered":"https:\/\/customguitartones.com\/?post_type=product&#038;p=8639"},"modified":"2025-10-12T13:39:33","modified_gmt":"2025-10-12T13:39:33","slug":"tonex-pedal-white","status":"publish","type":"product","link":"https:\/\/customguitartones.com\/en\/product\/tonex-pedal-white\/","title":{"rendered":"ToneX Pedal WHITE Anniversary Limited Edition"},"content":{"rendered":"<div data-elementor-type=\"product-post\" data-elementor-id=\"8639\" class=\"elementor elementor-8639\" data-elementor-post-type=\"product\">\n\t\t\t\t<div class=\"elementor-element elementor-element-447eca1 e-flex e-con-boxed e-con e-parent\" data-id=\"447eca1\" data-element_type=\"container\">\n\t\t\t\t\t<div class=\"e-con-inner\">\n\t\t\t\t<div class=\"elementor-element elementor-element-964b57b elementor-widget elementor-widget-text-editor\" data-id=\"964b57b\" data-element_type=\"widget\" data-widget_type=\"text-editor.default\">\n\t\t\t\t<div class=\"elementor-widget-container\">\n\t\t\t\t\t\t\t\t\t<h3>Nieograniczony \u015bwiat wzmacniaczy w Twoim pedalboardzie<\/h3><p>Pierwszy sprz\u0119t hardwear\u2019owy z technologi\u0105 AI Machine Modeling (AIMMTM).<\/p><p>AmpliTube TONEX to seria produkt\u00f3w hardware\u2019owych i software\u2019owych przeznaczony dla gitary i basu, maj\u0105cy na celu da\u0107 u\u017cytkownikowi mo\u017cliwo\u015b\u0107 uchwycenia\/stworzenia i zagrania dowolnego rigu.<\/p><p>TONEX Pedal to najlepszy wzmacniacz i kostka distortion marki IK Multimedia, z wykorzystaniem prze\u0142omowej technologii AI Machine Modeling firmy IK (pozwala na zabaw\u0119 z setkami do\u0142\u0105czonych rig\u00f3w<br \/>modeluj\u0105cych brzmienia, samodzielnie wygenerowanymi lub nieograniczon\u0105 liczb\u0105 modeli przechwyconych przez u\u017cytkownik\u00f3w ze spo\u0142eczno\u015bci IK ToneNET lub wykorzystywa\u0107 dok\u0142adne te same<br \/>brzmienia w studiu za pomoc\u0105 wtyczki AmpliTube TONEX).<\/p><p>Modeluj dowolne urz\u0105dzenia za pomoc\u0105 towarzysz\u0105cego oprogramowania TONEX Machine Modeler, zdolnego do uchwycenia zachowania kostek distortion\/overdrive\/fuzz\/boost\/kompresor\/eq, wzmacniaczy i kolumn lub wszystkiego razem jako model brzmieniowy, kt\u00f3ry mo\u017cna za\u0142adowa\u0107 i odtwarza\u0107 zar\u00f3wno w pedale TONEX, jak i w innych urz\u0105dzeniach. TONEX Pedal pozwala r\u00f3wnie\u017c na modelowanie preset\u00f3w za pomoc\u0105 dodatkowych procesor\u00f3w DSP, takich jak bramka szum\u00f3w, kompresor, tone eq i reverb, a tak\u017ce na zamian\u0119 kolumny w uchwyconym rigu Tone Model na dowolny IR innej firmy lub wykorzystanie zaawansowanego modu\u0142u technologicznego VIR, kt\u00f3ry charakteryzuje si\u0119 podw\u00f3jnym, konfigurowalnym umieszczeniem mikrofonu.<\/p><h3>Cechy:<\/h3><ul><li>Odpowiedni zar\u00f3wno dla gitary jak i basu.<\/li><li>Technologia AIMM\u2122 DSP. Artificial Intelligence Machine Modeling zastrze\u017cona technologia zdolna do odtworzenia istoty wzmacniaczy i peda\u0142\u00f3w distortion, lub wszystkiego razem.<\/li><li>Ultraniskoszumowe, 24-bitowe\/192kHz konwertery zapewniaj\u0105ce wiod\u0105c\u0105 w klasie jako\u015b\u0107<\/li><li>Pasmo przenoszenia 5 Hz-24 kHz, pozwalaj\u0105ce uchwyci\u0107 pe\u0142en zakres brzmienia Twojej gitary.<\/li><li>Zakres dynamiki do 123 dB zapewnia cich\u0105 prac\u0119 przy ka\u017cdym ustawieniu wzmocnienia.<\/li><li>Analogowy dry path i mo\u017cliwo\u015b\u0107 wyboru true lub soft bypass dla uzyskania maksymalnej kontroli.<\/li><li>Modeluj swoje presety za pomoc\u0105 dodatkowych procesor\u00f3w DSP, takich jak bramka szum\u00f3w, kompresor, tone eq i reverb.<\/li><li>Wbudowany stroik.<\/li><li>Do 100 bank\u00f3w z 3 gniazdami preset\u00f3w ka\u017cdy dla maksymalnie 300 w<br \/>pe\u0142ni konfigurowalnych preset\u00f3w.<\/li><li>Pe\u0142na implementacja MIDI na potrzeby bardziej z\u0142o\u017conych konfiguracji.<\/li><li>Wej\u015bcie peda\u0142u ekspresji do sterowania dowolnym parametrem i tworzenia makr wieloparametrowych.<\/li><li>Szybki i prosty interfejs z 5 szybko dost\u0119pnymi pokr\u0119t\u0142ami plus zaawansowane parametry.<\/li><li>Sceniczny, dobrze widoczny wy\u015bwietlacz, pokazuje nazw\u0119 presetu, numer banku lub nazw\u0119 i warto\u015b\u0107 parametru.<\/li><li>Wielokrotne kierowanie sygna\u0142u wyj\u015bciowego pozwala wys\u0142a\u0107 jedno wyj\u015bcie bez obudowy do prawdziwej ko\u0144c\u00f3wki mocy i obudowy, a drugie wyj\u015bcie z pe\u0142nym rigiem do PA.<\/li><li>Wyj\u015bcie s\u0142uchawkowe umo\u017cliwia \u0107wiczenia z Twoim ulubionym brzmieniem po cichu.<\/li><li>Modeluj dowolne urz\u0105dzenia za pomoc\u0105 towarzysz\u0105cego oprogramowania TONEX Machine Modeler, zdolnego do uchwycenia zachowania kostek distortion\/overdrive\/fuzz\/boost\/kompresor\/eq, wzmacniaczy i kolumn lub wszystkiego razem jako model brzmieniowy, kt\u00f3ry mo\u017cna za\u0142adowa\u0107 i odtwarza\u0107 zar\u00f3wno w pedale TONEX, jak i w innych urz\u0105dzeniach.<\/li><li>Wtyczka TONEX \u2013 wirtualny peda\u0142 do AmpliTube\u2019a, kt\u00f3ry pozwala na \u0142atwe odtwarzanie Twoich modeli brzmie\u0144 w AmpliTube.<\/li><li>Zamie\u0144 kolumn\u0119 w uchwyconym rigu Tone Model z dowolnym IR innej marki lub u\u017cyj zaawansowanego, do\u0142\u0105czonego modu\u0142u technologicznego VIR, kt\u00f3ry posiada podw\u00f3jnie konfigurowalne umieszczenie mikrofonu.<\/li><li>TONEX Machine Modeler w zestawie. Dzia\u0142a jako bibliotekarz &amp; edytor preset\u00f3w, aby tworzy\u0107, organizowa\u0107 i wymienia\u0107 presety mi\u0119dzy TONEX Pedal i TONEX Plug-in wirtualnym peda\u0142em w AmpliTube.<\/li><li>Wbudowany port USB dla interfejsu audio do nagrywania i zarz\u0105dzania presetami.<\/li><li>Do\u0142\u0105czone AmpliTube 5 SE + Virtual AmpliTube TONEX Plugin.<\/li><li>Platforma wymiany Tone.net, gwarantuje dost\u0119p do setek brzmie\u0144 i pozwala na wymian\u0119 preset\u00f3w i modeli brzmie\u0144 z innymi u\u017cytkownikami.<\/li><li>Najnowocze\u015bniejszy procesor DSP zamkni\u0119ty jest w solidnej obudowie z anodyzowanego aluminium, zaprojektowanej i wykonanej we W\u0142oszech.<\/li><\/ul><p>WYMIARY<br \/>\u2013 Rozmiar: 176 mm\/6.92\u201d x 142 mm\/5.59\u201d x 55 mm\/2.16\u201d<br \/>\u2013 Waga: 906 g.<\/p>\t\t\t\t\t\t\t\t<\/div>\n\t\t\t\t<\/div>\n\t\t\t\t\t<\/div>\n\t\t\t\t<\/div>\n\t\t<div class=\"elementor-element elementor-element-b06360f e-flex e-con-boxed e-con e-parent\" data-id=\"b06360f\" data-element_type=\"container\">\n\t\t\t\t\t<div class=\"e-con-inner\">\n\t\t\t\t<div class=\"elementor-element elementor-element-d2b5e1a elementor-widget elementor-widget-text-editor\" data-id=\"d2b5e1a\" data-element_type=\"widget\" data-widget_type=\"text-editor.default\">\n\t\t\t\t<div class=\"elementor-widget-container\">\n\t\t\t\t\t\t\t\t\t<p style=\"text-align: center;\">* All amp brands are trademarked by their respective owners and are in no way affilliated with Custom Guitar Tones.  You are purchasing a license to use these profiles for your own personal and\/or professional use but profiles are not for resale or any other unlicensed distribution, free or compensated.  The CGT profiles simply seek to re-create the sound of the amplifiers listed and any use of brand names is strictly for comparison and descriptive purposes.<\/p>\t\t\t\t\t\t\t\t<\/div>\n\t\t\t\t<\/div>\n\t\t\t\t\t<\/div>\n\t\t\t\t<\/div>\n\t\t\t\t<\/div>","protected":false},"excerpt":{"rendered":"<p><span style=\"color: #d6ab00;\"><strong>Procesor gitarowy ToneX Pedal White Anniversary Limited Edition (150 Exclusive Tone Models)<\/strong>.\u00a0 <\/span><\/p>\n<p>Tone Modeling [symulacja dowolnego brzmienia wzmacniacza, comba i efektu gitarowego], procesor efekt\u00f3w z X-Space, interfejs audio USB, 24-bity\/192kHz, dynamika 123dB, wyj\u015bcie s\u0142uchawkowe, ext. Control, w zestawie ToneX MAX, AmpliTube 5.<\/p>","protected":false},"featured_media":8648,"template":"","meta":{"site-sidebar-layout":"no-sidebar","site-content-layout":"page-builder","ast-site-content-layout":"full-width-container","site-content-style":"default","site-sidebar-style":"default","ast-global-header-display":"","ast-banner-title-visibility":"","ast-main-header-display":"","ast-hfb-above-header-display":"","ast-hfb-below-header-display":"","ast-hfb-mobile-header-display":"","site-post-title":"disabled","ast-breadcrumbs-content":"","ast-featured-img":"disabled","footer-sml-layout":"","ast-disable-related-posts":"","theme-transparent-header-meta":"default","adv-header-id-meta":"","stick-header-meta":"default","header-above-stick-meta":"","header-main-stick-meta":"","header-below-stick-meta":"","astra-migrate-meta-layouts":"set","ast-page-background-enabled":"default","ast-page-background-meta":{"desktop":{"background-color":"","background-image":"","background-repeat":"repeat","background-position":"center center","background-size":"auto","background-attachment":"scroll","background-type":"","background-media":"","overlay-type":"","overlay-color":"","overlay-opacity":"","overlay-gradient":""},"tablet":{"background-color":"","background-image":"","background-repeat":"repeat","background-position":"center center","background-size":"auto","background-attachment":"scroll","background-type":"","background-media":"","overlay-type":"","overlay-color":"","overlay-opacity":"","overlay-gradient":""},"mobile":{"background-color":"","background-image":"","background-repeat":"repeat","background-position":"center center","background-size":"auto","background-attachment":"scroll","background-type":"","background-media":"","overlay-type":"","overlay-color":"","overlay-opacity":"","overlay-gradient":""}},"ast-content-background-meta":{"desktop":{"background-color":"var(--ast-global-color-5)","background-image":"","background-repeat":"repeat","background-position":"center center","background-size":"auto","background-attachment":"scroll","background-type":"","background-media":"","overlay-type":"","overlay-color":"","overlay-opacity":"","overlay-gradient":""},"tablet":{"background-color":"var(--ast-global-color-5)","background-image":"","background-repeat":"repeat","background-position":"center center","background-size":"auto","background-attachment":"scroll","background-type":"","background-media":"","overlay-type":"","overlay-color":"","overlay-opacity":"","overlay-gradient":""},"mobile":{"background-color":"var(--ast-global-color-5)","background-image":"","background-repeat":"repeat","background-position":"center center","background-size":"auto","background-attachment":"scroll","background-type":"","background-media":"","overlay-type":"","overlay-color":"","overlay-opacity":"","overlay-gradient":""}}},"product_brand":[],"product_cat":[38,40],"product_tag":[],"class_list":{"0":"post-8639","1":"product","2":"type-product","3":"status-publish","4":"has-post-thumbnail","6":"product_cat-profilery","7":"product_cat-tonex-profilery","8":"product_shipping_class-inpost","9":"desktop-align-left","10":"tablet-align-left","11":"mobile-align-left","12":"ast-product-gallery-layout-horizontal-slider","13":"ast-product-tabs-layout-horizontal","15":"first","16":"outofstock","17":"sale","18":"taxable","19":"shipping-taxable","20":"purchasable","21":"product-type-simple"},"_links":{"self":[{"href":"https:\/\/customguitartones.com\/en\/wp-json\/wp\/v2\/product\/8639","targetHints":{"allow":["GET"]}}],"collection":[{"href":"https:\/\/customguitartones.com\/en\/wp-json\/wp\/v2\/product"}],"about":[{"href":"https:\/\/customguitartones.com\/en\/wp-json\/wp\/v2\/types\/product"}],"version-history":[{"count":4,"href":"https:\/\/customguitartones.com\/en\/wp-json\/wp\/v2\/product\/8639\/revisions"}],"predecessor-version":[{"id":10732,"href":"https:\/\/customguitartones.com\/en\/wp-json\/wp\/v2\/product\/8639\/revisions\/10732"}],"wp:featuredmedia":[{"embeddable":true,"href":"https:\/\/customguitartones.com\/en\/wp-json\/wp\/v2\/media\/8648"}],"wp:attachment":[{"href":"https:\/\/customguitartones.com\/en\/wp-json\/wp\/v2\/media?parent=8639"}],"wp:term":[{"taxonomy":"product_brand","embeddable":true,"href":"https:\/\/customguitartones.com\/en\/wp-json\/wp\/v2\/product_brand?post=8639"},{"taxonomy":"product_cat","embeddable":true,"href":"https:\/\/customguitartones.com\/en\/wp-json\/wp\/v2\/product_cat?post=8639"},{"taxonomy":"product_tag","embeddable":true,"href":"https:\/\/customguitartones.com\/en\/wp-json\/wp\/v2\/product_tag?post=8639"}],"curies":[{"name":"wp","href":"https:\/\/api.w.org\/{rel}","templated":true}]}}